{"id":11771,"date":"2023-01-26T16:42:01","date_gmt":"2023-01-26T16:42:01","guid":{"rendered":"https:\/\/decskill.com\/?page_id=11771"},"modified":"2024-07-12T11:17:29","modified_gmt":"2024-07-12T11:17:29","slug":"coe-low-no-code","status":"publish","type":"page","link":"https:\/\/decskill.com\/en\/coe-low-no-code\/","title":{"rendered":"CoE  Low &#038; No Code"},"content":{"rendered":"\t\t<div data-elementor-type=\"wp-page\" data-elementor-id=\"11771\" class=\"elementor elementor-11771 elementor-11770\">\n\t\t\t\t\t\t<section class=\"elementor-section elementor-top-section elementor-element elementor-element-fe57aaf elementor-section-content-middle ot-traditional elementor-section-boxed elementor-section-height-default elementor-section-height-default\" data-id=\"fe57aaf\" data-element_type=\"section\">\n\t\t\t\t\t\t<div class=\"elementor-container elementor-column-gap-extended\">\n\t\t\t\t\t<div class=\"elementor-column elementor-col-50 elementor-top-column elementor-element elementor-element-de6fb5c ot-flex-column-vertical\" data-id=\"de6fb5c\" data-element_type=\"column\">\n\t\t\t<div class=\"elementor-widget-wrap elementor-element-populated\">\n\t\t\t\t\t\t<div class=\"elementor-element elementor-element-41556ba elementor-widget elementor-widget-iheading\" data-id=\"41556ba\" data-element_type=\"widget\" data-widget_type=\"iheading.default\">\n\t\t\t\t<div class=\"elementor-widget-container\">\n\t\t\t\t\t<div class=\"ot-heading\">\r\n\t        \t            <span>\/\/ LOW-CODE  & NO-CODE<\/span>\r\n\t        <h1 class=\"main-heading\">Speed in process automation and Application Modernization<\/h1>\t    <\/div>\r\n\t    \t\t<\/div>\n\t\t\t\t<\/div>\n\t\t\t\t<div class=\"elementor-element elementor-element-8e7bd74 elementor-widget elementor-widget-text-editor\" data-id=\"8e7bd74\" data-element_type=\"widget\" data-widget_type=\"text-editor.default\">\n\t\t\t\t<div class=\"elementor-widget-container\">\n\t\t\t\t\t\t\t<p>We work with market-leading Low-Code development platforms to accelerate application delivery. The Low-Code and No-Code Center of Excellence addresses a range of business cases, including enhancing business support tools, accessing scattered information, and consolidating it into a mobile application.<\/p><p>Digital transformation brings about new challenges and requirements for organizations, making it difficult to ensure aspects like security, performance, scalability, and training technical teams. The CoE responds to the need for process automation and application modernization.<\/p>\t\t\t\t\t\t<\/div>\n\t\t\t\t<\/div>\n\t\t\t\t\t<\/div>\n\t\t<\/div>\n\t\t\t\t<div class=\"elementor-column elementor-col-50 elementor-top-column elementor-element elementor-element-1831bf9 ot-flex-column-vertical\" data-id=\"1831bf9\" data-element_type=\"column\">\n\t\t\t<div class=\"elementor-widget-wrap elementor-element-populated\">\n\t\t\t\t\t\t<div class=\"elementor-element elementor-element-251fe98 elementor-widget elementor-widget-image\" data-id=\"251fe98\" data-element_type=\"widget\" data-widget_type=\"image.default\">\n\t\t\t\t<div class=\"elementor-widget-container\">\n\t\t\t\t\t\t\t\t\t\t\t\t\t<img fetchpriority=\"high\" decoding=\"async\" width=\"1150\" height=\"739\" src=\"https:\/\/decskill.com\/wp-content\/uploads\/2023\/07\/Group-53-2.png\" class=\"attachment-full size-full wp-image-12363\" alt=\"\" srcset=\"https:\/\/decskill.com\/wp-content\/uploads\/2023\/07\/Group-53-2.png 1150w, https:\/\/decskill.com\/wp-content\/uploads\/2023\/07\/Group-53-2-300x193.png 300w, https:\/\/decskill.com\/wp-content\/uploads\/2023\/07\/Group-53-2-1024x658.png 1024w, https:\/\/decskill.com\/wp-content\/uploads\/2023\/07\/Group-53-2-768x494.png 768w, https:\/\/decskill.com\/wp-content\/uploads\/2023\/07\/Group-53-2-720x463.png 720w\" sizes=\"(max-width: 1150px) 100vw, 1150px\" \/>\t\t\t\t\t\t\t\t\t\t\t\t\t<\/div>\n\t\t\t\t<\/div>\n\t\t\t\t\t<\/div>\n\t\t<\/div>\n\t\t\t\t\t<\/div>\n\t\t<\/section>\n\t\t\t\t<section class=\"elementor-section elementor-top-section elementor-element elementor-element-61d2339 ot-traditional elementor-section-boxed elementor-section-height-default elementor-section-height-default\" data-id=\"61d2339\" data-element_type=\"section\" data-settings=\"{&quot;background_background&quot;:&quot;classic&quot;}\">\n\t\t\t\t\t\t<div class=\"elementor-container elementor-column-gap-default\">\n\t\t\t\t\t<div class=\"elementor-column elementor-col-100 elementor-top-column elementor-element elementor-element-bcb4843 ot-flex-column-vertical\" data-id=\"bcb4843\" data-element_type=\"column\">\n\t\t\t<div class=\"elementor-widget-wrap elementor-element-populated\">\n\t\t\t\t\t\t<div class=\"elementor-element elementor-element-019789b elementor-widget elementor-widget-iheading\" data-id=\"019789b\" data-element_type=\"widget\" data-widget_type=\"iheading.default\">\n\t\t\t\t<div class=\"elementor-widget-container\">\n\t\t\t\t\t<div class=\"ot-heading\">\r\n\t        \t            <span>\/\/ OFFER<\/span>\r\n\t        <h2 class=\"main-heading\">Adoption of Low-Code and No-Code tools to align your applications with your business<\/h2>\t    <\/div>\r\n\t    \t\t<\/div>\n\t\t\t\t<\/div>\n\t\t\t\t<section class=\"elementor-section elementor-inner-section elementor-element elementor-element-5d1eddc elementor-section-boxed elementor-section-height-default elementor-section-height-default\" data-id=\"5d1eddc\" data-element_type=\"section\" id=\"connect-boxs\">\n\t\t\t\t\t\t<div class=\"elementor-container elementor-column-gap-default\">\n\t\t\t\t\t<div class=\"elementor-column elementor-col-33 elementor-inner-column elementor-element elementor-element-4789d94 ot-flex-column-vertical\" data-id=\"4789d94\" data-element_type=\"column\">\n\t\t\t<div class=\"elementor-widget-wrap elementor-element-populated\">\n\t\t\t\t\t\t<div class=\"elementor-element elementor-element-87300f3 elementor-widget-tablet__width-initial elementor-widget elementor-widget-iserv_box\" data-id=\"87300f3\" data-element_type=\"widget\" data-widget_type=\"iserv_box.default\">\n\t\t\t\t<div class=\"elementor-widget-container\">\n\t\t\t\r\n\t\t<div class=\"serv-box s1 elementor-animation-\">\r\n\t\t\t\t\t\t<div class=\"icon-main\">\r\n\t\t        \t\t\t    \t\t        \t        <\/div>\r\n\t        <div class=\"content-box\">\r\n\t            <h5>THINK<\/h5>\r\n\t            <div>\/\/ Business Focused Consultancy<\/br>\n\/\/ Design Thinking sprints to achieve great User Experience<\/br>\n\/\/ Architecture and Technology assessment expert services<\/br><\/div>\t        <\/div>\r\n\t    <\/div>\r\n\r\n\t    \t\t<\/div>\n\t\t\t\t<\/div>\n\t\t\t\t\t<\/div>\n\t\t<\/div>\n\t\t\t\t<div class=\"elementor-column elementor-col-33 elementor-inner-column elementor-element elementor-element-9ad7c8b ot-flex-column-vertical\" data-id=\"9ad7c8b\" data-element_type=\"column\">\n\t\t\t<div class=\"elementor-widget-wrap elementor-element-populated\">\n\t\t\t\t\t\t<div class=\"elementor-element elementor-element-4f5edea elementor-widget-tablet__width-initial elementor-hidden-mobile elementor-widget elementor-widget-iserv_box\" data-id=\"4f5edea\" data-element_type=\"widget\" data-widget_type=\"iserv_box.default\">\n\t\t\t\t<div class=\"elementor-widget-container\">\n\t\t\t\r\n\t\t<div class=\"serv-box s1 elementor-animation-\">\r\n\t\t\t\t\t\t<div class=\"icon-main\">\r\n\t\t        \t\t\t    \t\t        \t        <\/div>\r\n\t        <div class=\"content-box\">\r\n\t            <h5>TRANSFORM<\/h5>\r\n\t            <div>\/\/ Agile at the core of our process<\/br>\n\/\/ Digital Products and Portals<\/br>\n\/\/ Mobile Apps to extend your business<\/br>\n\/\/ Tailored Solutions <\/br>\n\/\/ Closed Scope projects<\/br><\/div>\t        <\/div>\r\n\t    <\/div>\r\n\r\n\t    \t\t<\/div>\n\t\t\t\t<\/div>\n\t\t\t\t\t<\/div>\n\t\t<\/div>\n\t\t\t\t<div class=\"elementor-column elementor-col-33 elementor-inner-column elementor-element elementor-element-26267fe ot-flex-column-vertical\" data-id=\"26267fe\" data-element_type=\"column\">\n\t\t\t<div class=\"elementor-widget-wrap elementor-element-populated\">\n\t\t\t\t\t\t<div class=\"elementor-element elementor-element-fe07332 elementor-widget-tablet__width-initial elementor-widget elementor-widget-iserv_box\" data-id=\"fe07332\" data-element_type=\"widget\" data-widget_type=\"iserv_box.default\">\n\t\t\t\t<div class=\"elementor-widget-container\">\n\t\t\t\r\n\t\t<div class=\"serv-box s1 elementor-animation-\">\r\n\t\t\t\t\t\t<div class=\"icon-main\">\r\n\t\t        \t\t\t    \t\t        \t        <\/div>\r\n\t        <div class=\"content-box\">\r\n\t            <h5>GROW<\/h5>\r\n\t            <div>\/\/ Training Bootcamps that ensure capability<\/br>\n\/\/ Custom Training that adapts to your team needs<\/br>\n\/\/ Platform Operation that ensures business continuity<\/br>\n\/\/ Value added Support<\/br><\/div>\t        <\/div>\r\n\t    <\/div>\r\n\r\n\t    \t\t<\/div>\n\t\t\t\t<\/div>\n\t\t\t\t\t<\/div>\n\t\t<\/div>\n\t\t\t\t\t<\/div>\n\t\t<\/section>\n\t\t\t\t\t<\/div>\n\t\t<\/div>\n\t\t\t\t\t<\/div>\n\t\t<\/section>\n\t\t\t\t<section class=\"elementor-section elementor-top-section elementor-element elementor-element-77318701 ot-traditional elementor-section-boxed elementor-section-height-default elementor-section-height-default\" data-id=\"77318701\" data-element_type=\"section\" data-settings=\"{&quot;background_background&quot;:&quot;classic&quot;}\">\n\t\t\t\t\t\t<div class=\"elementor-container elementor-column-gap-default\">\n\t\t\t\t\t<div class=\"elementor-column elementor-col-100 elementor-top-column elementor-element elementor-element-23fe5a98 ot-flex-column-vertical\" data-id=\"23fe5a98\" data-element_type=\"column\">\n\t\t\t<div class=\"elementor-widget-wrap elementor-element-populated\">\n\t\t\t\t\t\t<div class=\"elementor-element elementor-element-707e5fdc elementor-widget elementor-widget-iheading\" data-id=\"707e5fdc\" data-element_type=\"widget\" data-widget_type=\"iheading.default\">\n\t\t\t\t<div class=\"elementor-widget-container\">\n\t\t\t\t\t<div class=\"ot-heading\">\r\n\t        <h2 class=\"main-heading\">Is your business moving faster than your \ntechnological tools?<\/h2>\t    <\/div>\r\n\t    \t\t<\/div>\n\t\t\t\t<\/div>\n\t\t\t\t<div class=\"elementor-element elementor-element-524b0dd4 elementor-widget elementor-widget-text-editor\" data-id=\"524b0dd4\" data-element_type=\"widget\" data-widget_type=\"text-editor.default\">\n\t\t\t\t<div class=\"elementor-widget-container\">\n\t\t\t\t\t\t\t<p>We support organizations in adopting Low-Code tools and building technological solutions that meet their business needs within a timely manner.<\/p>\t\t\t\t\t\t<\/div>\n\t\t\t\t<\/div>\n\t\t\t\t<div class=\"elementor-element elementor-element-8342c7 elementor-align-center btn-white elementor-widget elementor-widget-ibutton\" data-id=\"8342c7\" data-element_type=\"widget\" data-widget_type=\"ibutton.default\">\n\t\t\t\t<div class=\"elementor-widget-container\">\n\t\t\t\t\t<div class=\"ot-button\">\r\n\t\t\t<a href=\"mailto: geral@decskill.com\" class=\"octf-btn octf-btn-primary\">Contact us<\/a>\r\n\t    <\/div>\r\n\t    \t\t<\/div>\n\t\t\t\t<\/div>\n\t\t\t\t\t<\/div>\n\t\t<\/div>\n\t\t\t\t\t<\/div>\n\t\t<\/section>\n\t\t\t\t<section class=\"elementor-section elementor-top-section elementor-element elementor-element-49f48d0 ot-traditional elementor-section-boxed elementor-section-height-default elementor-section-height-default\" data-id=\"49f48d0\" data-element_type=\"section\">\n\t\t\t\t\t\t<div class=\"elementor-container elementor-column-gap-default\">\n\t\t\t\t\t<div class=\"elementor-column elementor-col-100 elementor-top-column elementor-element elementor-element-9d04747 ot-flex-column-vertical\" data-id=\"9d04747\" data-element_type=\"column\">\n\t\t\t<div class=\"elementor-widget-wrap elementor-element-populated\">\n\t\t\t\t\t\t<div class=\"elementor-element elementor-element-14529f8 elementor-widget elementor-widget-iheading\" data-id=\"14529f8\" data-element_type=\"widget\" data-widget_type=\"iheading.default\">\n\t\t\t\t<div class=\"elementor-widget-container\">\n\t\t\t\t\t<div class=\"ot-heading\">\r\n\t        \t            <span>\/\/ Benefits<\/span>\r\n\t        <h2 class=\"main-heading\">We provide organizations with solutions to address technological challenges using Low-Code<\/h2>\t    <\/div>\r\n\t    \t\t<\/div>\n\t\t\t\t<\/div>\n\t\t\t\t<div class=\"elementor-element elementor-element-2c2d335 elementor-widget elementor-widget-text-editor\" data-id=\"2c2d335\" data-element_type=\"widget\" data-widget_type=\"text-editor.default\">\n\t\t\t\t<div class=\"elementor-widget-container\">\n\t\t\t\t\t\t\t<p><span data-metadata=\"\"><\/span><span data-buffer=\"\"><\/span><span style=\"white-space:pre-wrap;\">We have multidisciplinary teams consisting of Project Managers, Analysts, and UX\/UI experts who collaborate with development teams. Our focus is on adding value, ensuring that your business achieves a return on investment through approaches that prioritize delivering the right solutions.<br><br>We employ Agile methodologies that ensure greater transparency regarding the progress.<\/span><br><\/p>\t\t\t\t\t\t<\/div>\n\t\t\t\t<\/div>\n\t\t\t\t\t<\/div>\n\t\t<\/div>\n\t\t\t\t\t<\/div>\n\t\t<\/section>\n\t\t\t\t<\/div>\n\t\t","protected":false},"excerpt":{"rendered":"<p>\/\/ LOW-CODE &#038; NO-CODE Speed in process automation and Application Modernization We work with market-leading Low-Code development platforms to accelerate application delivery. The Low-Code and No-Code Center of Excellence addresses a range of business cases, including enhancing business support tools, accessing scattered information, and consolidating it into a mobile application. Digital transformation brings about new [&hellip;]<\/p>\n","protected":false},"author":2,"featured_media":0,"parent":0,"menu_order":0,"comment_status":"closed","ping_status":"closed","template":"","meta":{"footnotes":""},"class_list":["post-11771","page","type-page","status-publish","hentry"],"yoast_head":"<!-- This site is optimized with the Yoast SEO plugin v23.6 - https:\/\/yoast.com\/wordpress\/plugins\/seo\/ -->\n<title>CoE Low &amp; No Code - Decskill<\/title>\n<meta name=\"robots\" content=\"index, follow, max-snippet:-1, max-image-preview:large, max-video-preview:-1\" \/>\n<link rel=\"canonical\" href=\"https:\/\/decskill.com\/en\/coe-low-no-code\/\" \/>\n<meta property=\"og:locale\" content=\"en_US\" \/>\n<meta property=\"og:type\" content=\"article\" \/>\n<meta property=\"og:title\" content=\"CoE Low &amp; No Code - Decskill\" \/>\n<meta property=\"og:description\" content=\"\/\/ LOW-CODE &#038; NO-CODE Speed in process automation and Application Modernization We work with market-leading Low-Code development platforms to accelerate application delivery. The Low-Code and No-Code Center of Excellence addresses a range of business cases, including enhancing business support tools, accessing scattered information, and consolidating it into a mobile application. Digital transformation brings about new [&hellip;]\" \/>\n<meta property=\"og:url\" content=\"https:\/\/decskill.com\/en\/coe-low-no-code\/\" \/>\n<meta property=\"og:site_name\" content=\"Decskill\" \/>\n<meta property=\"article:publisher\" content=\"https:\/\/www.facebook.com\/Decskill\/\" \/>\n<meta property=\"article:modified_time\" content=\"2024-07-12T11:17:29+00:00\" \/>\n<meta property=\"og:image\" content=\"https:\/\/decskill.com\/wp-content\/uploads\/2023\/07\/Group-53-2.png\" \/>\n<meta name=\"twitter:card\" content=\"summary_large_image\" \/>\n<meta name=\"twitter:label1\" content=\"Est. reading time\" \/>\n\t<meta name=\"twitter:data1\" content=\"2 minutes\" \/>\n<script type=\"application\/ld+json\" class=\"yoast-schema-graph\">{\"@context\":\"https:\/\/schema.org\",\"@graph\":[{\"@type\":\"WebPage\",\"@id\":\"https:\/\/decskill.com\/en\/coe-low-no-code\/\",\"url\":\"https:\/\/decskill.com\/en\/coe-low-no-code\/\",\"name\":\"CoE Low & No Code - Decskill\",\"isPartOf\":{\"@id\":\"https:\/\/decskill.com\/#website\"},\"primaryImageOfPage\":{\"@id\":\"https:\/\/decskill.com\/en\/coe-low-no-code\/#primaryimage\"},\"image\":{\"@id\":\"https:\/\/decskill.com\/en\/coe-low-no-code\/#primaryimage\"},\"thumbnailUrl\":\"https:\/\/decskill.com\/wp-content\/uploads\/2023\/07\/Group-53-2.png\",\"datePublished\":\"2023-01-26T16:42:01+00:00\",\"dateModified\":\"2024-07-12T11:17:29+00:00\",\"breadcrumb\":{\"@id\":\"https:\/\/decskill.com\/en\/coe-low-no-code\/#breadcrumb\"},\"inLanguage\":\"en-US\",\"potentialAction\":[{\"@type\":\"ReadAction\",\"target\":[\"https:\/\/decskill.com\/en\/coe-low-no-code\/\"]}]},{\"@type\":\"ImageObject\",\"inLanguage\":\"en-US\",\"@id\":\"https:\/\/decskill.com\/en\/coe-low-no-code\/#primaryimage\",\"url\":\"https:\/\/decskill.com\/wp-content\/uploads\/2023\/07\/Group-53-2.png\",\"contentUrl\":\"https:\/\/decskill.com\/wp-content\/uploads\/2023\/07\/Group-53-2.png\"},{\"@type\":\"BreadcrumbList\",\"@id\":\"https:\/\/decskill.com\/en\/coe-low-no-code\/#breadcrumb\",\"itemListElement\":[{\"@type\":\"ListItem\",\"position\":1,\"name\":\"Home\",\"item\":\"https:\/\/decskill.com\/en\/\"},{\"@type\":\"ListItem\",\"position\":2,\"name\":\"CoE Low &#038; No Code\"}]},{\"@type\":\"WebSite\",\"@id\":\"https:\/\/decskill.com\/#website\",\"url\":\"https:\/\/decskill.com\/\",\"name\":\"Decskill\",\"description\":\"Capacitamos empresas para os desafios da transforma\u00e7\u00e3o digital disponibilizando capacita\u00e7\u00e3o tecnol\u00f3gica: DECSKILL TALENT - IT Outsourcing &amp; Human resources | DECSKILL BOOST \u2013 IT Services &amp; Centers of Excellence | DECSKILL CONNECT \u2013 IT Infrastructure Modernization\",\"publisher\":{\"@id\":\"https:\/\/decskill.com\/#organization\"},\"potentialAction\":[{\"@type\":\"SearchAction\",\"target\":{\"@type\":\"EntryPoint\",\"urlTemplate\":\"https:\/\/decskill.com\/?s={search_term_string}\"},\"query-input\":{\"@type\":\"PropertyValueSpecification\",\"valueRequired\":true,\"valueName\":\"search_term_string\"}}],\"inLanguage\":\"en-US\"},{\"@type\":\"Organization\",\"@id\":\"https:\/\/decskill.com\/#organization\",\"name\":\"Decskill\",\"url\":\"https:\/\/decskill.com\/\",\"logo\":{\"@type\":\"ImageObject\",\"inLanguage\":\"en-US\",\"@id\":\"https:\/\/decskill.com\/#\/schema\/logo\/image\/\",\"url\":\"https:\/\/decskill.com\/wp-content\/uploads\/2020\/09\/Logo.svg\",\"contentUrl\":\"https:\/\/decskill.com\/wp-content\/uploads\/2020\/09\/Logo.svg\",\"width\":181,\"height\":39,\"caption\":\"Decskill\"},\"image\":{\"@id\":\"https:\/\/decskill.com\/#\/schema\/logo\/image\/\"},\"sameAs\":[\"https:\/\/www.facebook.com\/Decskill\/\",\"https:\/\/www.instagram.com\/decskill_\/\",\"https:\/\/www.linkedin.com\/company\/decskill\/\",\"https:\/\/www.youtube.com\/channel\/UCbafHaCzLABxm2BpHsJA4tA\"]}]}<\/script>\n<!-- \/ Yoast SEO plugin. -->","yoast_head_json":{"title":"CoE Low & No Code - Decskill","robots":{"index":"index","follow":"follow","max-snippet":"max-snippet:-1","max-image-preview":"max-image-preview:large","max-video-preview":"max-video-preview:-1"},"canonical":"https:\/\/decskill.com\/en\/coe-low-no-code\/","og_locale":"en_US","og_type":"article","og_title":"CoE Low & No Code - Decskill","og_description":"\/\/ LOW-CODE &#038; NO-CODE Speed in process automation and Application Modernization We work with market-leading Low-Code development platforms to accelerate application delivery. The Low-Code and No-Code Center of Excellence addresses a range of business cases, including enhancing business support tools, accessing scattered information, and consolidating it into a mobile application. Digital transformation brings about new [&hellip;]","og_url":"https:\/\/decskill.com\/en\/coe-low-no-code\/","og_site_name":"Decskill","article_publisher":"https:\/\/www.facebook.com\/Decskill\/","article_modified_time":"2024-07-12T11:17:29+00:00","og_image":[{"url":"https:\/\/decskill.com\/wp-content\/uploads\/2023\/07\/Group-53-2.png"}],"twitter_card":"summary_large_image","twitter_misc":{"Est. reading time":"2 minutes"},"schema":{"@context":"https:\/\/schema.org","@graph":[{"@type":"WebPage","@id":"https:\/\/decskill.com\/en\/coe-low-no-code\/","url":"https:\/\/decskill.com\/en\/coe-low-no-code\/","name":"CoE Low & No Code - Decskill","isPartOf":{"@id":"https:\/\/decskill.com\/#website"},"primaryImageOfPage":{"@id":"https:\/\/decskill.com\/en\/coe-low-no-code\/#primaryimage"},"image":{"@id":"https:\/\/decskill.com\/en\/coe-low-no-code\/#primaryimage"},"thumbnailUrl":"https:\/\/decskill.com\/wp-content\/uploads\/2023\/07\/Group-53-2.png","datePublished":"2023-01-26T16:42:01+00:00","dateModified":"2024-07-12T11:17:29+00:00","breadcrumb":{"@id":"https:\/\/decskill.com\/en\/coe-low-no-code\/#breadcrumb"},"inLanguage":"en-US","potentialAction":[{"@type":"ReadAction","target":["https:\/\/decskill.com\/en\/coe-low-no-code\/"]}]},{"@type":"ImageObject","inLanguage":"en-US","@id":"https:\/\/decskill.com\/en\/coe-low-no-code\/#primaryimage","url":"https:\/\/decskill.com\/wp-content\/uploads\/2023\/07\/Group-53-2.png","contentUrl":"https:\/\/decskill.com\/wp-content\/uploads\/2023\/07\/Group-53-2.png"},{"@type":"BreadcrumbList","@id":"https:\/\/decskill.com\/en\/coe-low-no-code\/#breadcrumb","itemListElement":[{"@type":"ListItem","position":1,"name":"Home","item":"https:\/\/decskill.com\/en\/"},{"@type":"ListItem","position":2,"name":"CoE Low &#038; No Code"}]},{"@type":"WebSite","@id":"https:\/\/decskill.com\/#website","url":"https:\/\/decskill.com\/","name":"Decskill","description":"Capacitamos empresas para os desafios da transforma\u00e7\u00e3o digital disponibilizando capacita\u00e7\u00e3o tecnol\u00f3gica: DECSKILL TALENT - IT Outsourcing &amp; Human resources | DECSKILL BOOST \u2013 IT Services &amp; Centers of Excellence | DECSKILL CONNECT \u2013 IT Infrastructure Modernization","publisher":{"@id":"https:\/\/decskill.com\/#organization"},"potentialAction":[{"@type":"SearchAction","target":{"@type":"EntryPoint","urlTemplate":"https:\/\/decskill.com\/?s={search_term_string}"},"query-input":{"@type":"PropertyValueSpecification","valueRequired":true,"valueName":"search_term_string"}}],"inLanguage":"en-US"},{"@type":"Organization","@id":"https:\/\/decskill.com\/#organization","name":"Decskill","url":"https:\/\/decskill.com\/","logo":{"@type":"ImageObject","inLanguage":"en-US","@id":"https:\/\/decskill.com\/#\/schema\/logo\/image\/","url":"https:\/\/decskill.com\/wp-content\/uploads\/2020\/09\/Logo.svg","contentUrl":"https:\/\/decskill.com\/wp-content\/uploads\/2020\/09\/Logo.svg","width":181,"height":39,"caption":"Decskill"},"image":{"@id":"https:\/\/decskill.com\/#\/schema\/logo\/image\/"},"sameAs":["https:\/\/www.facebook.com\/Decskill\/","https:\/\/www.instagram.com\/decskill_\/","https:\/\/www.linkedin.com\/company\/decskill\/","https:\/\/www.youtube.com\/channel\/UCbafHaCzLABxm2BpHsJA4tA"]}]}},"_links":{"self":[{"href":"https:\/\/decskill.com\/en\/wp-json\/wp\/v2\/pages\/11771"}],"collection":[{"href":"https:\/\/decskill.com\/en\/wp-json\/wp\/v2\/pages"}],"about":[{"href":"https:\/\/decskill.com\/en\/wp-json\/wp\/v2\/types\/page"}],"author":[{"embeddable":true,"href":"https:\/\/decskill.com\/en\/wp-json\/wp\/v2\/users\/2"}],"replies":[{"embeddable":true,"href":"https:\/\/decskill.com\/en\/wp-json\/wp\/v2\/comments?post=11771"}],"version-history":[{"count":5,"href":"https:\/\/decskill.com\/en\/wp-json\/wp\/v2\/pages\/11771\/revisions"}],"predecessor-version":[{"id":12938,"href":"https:\/\/decskill.com\/en\/wp-json\/wp\/v2\/pages\/11771\/revisions\/12938"}],"wp:attachment":[{"href":"https:\/\/decskill.com\/en\/wp-json\/wp\/v2\/media?parent=11771"}],"curies":[{"name":"wp","href":"https:\/\/api.w.org\/{rel}","templated":true}]}}