{"id":11883,"date":"2023-02-24T11:59:09","date_gmt":"2023-02-24T11:59:09","guid":{"rendered":"https:\/\/decskill.com\/?page_id=11883"},"modified":"2024-07-12T11:16:10","modified_gmt":"2024-07-12T11:16:10","slug":"coe-rd-and-product","status":"publish","type":"page","link":"https:\/\/decskill.com\/en\/coe-rd-and-product\/","title":{"rendered":"CoE  R&#038;D and Product"},"content":{"rendered":"\t\t<div data-elementor-type=\"wp-page\" data-elementor-id=\"11883\" class=\"elementor elementor-11883 elementor-11882\">\n\t\t\t\t\t\t<section class=\"elementor-section elementor-top-section elementor-element elementor-element-fe57aaf elementor-section-content-middle ot-traditional elementor-section-boxed elementor-section-height-default elementor-section-height-default\" data-id=\"fe57aaf\" data-element_type=\"section\">\n\t\t\t\t\t\t<div class=\"elementor-container elementor-column-gap-extended\">\n\t\t\t\t\t<div class=\"elementor-column elementor-col-50 elementor-top-column elementor-element elementor-element-de6fb5c ot-flex-column-vertical\" data-id=\"de6fb5c\" data-element_type=\"column\">\n\t\t\t<div class=\"elementor-widget-wrap elementor-element-populated\">\n\t\t\t\t\t\t<div class=\"elementor-element elementor-element-a431b7b elementor-widget elementor-widget-iheading\" data-id=\"a431b7b\" data-element_type=\"widget\" data-widget_type=\"iheading.default\">\n\t\t\t\t<div class=\"elementor-widget-container\">\n\t\t\t\t\t<div class=\"ot-heading\">\r\n\t        \t            <span>\/\/ R&D and PRODUCT<\/span>\r\n\t        <h1 class=\"main-heading\">Innovate and develop new\ntechnologies<\/h1>\t    <\/div>\r\n\t    \t\t<\/div>\n\t\t\t\t<\/div>\n\t\t\t\t<div class=\"elementor-element elementor-element-8e7bd74 elementor-widget elementor-widget-text-editor\" data-id=\"8e7bd74\" data-element_type=\"widget\" data-widget_type=\"text-editor.default\">\n\t\t\t\t<div class=\"elementor-widget-container\">\n\t\t\t\t\t\t\t<p>The Research &amp; Development Center is the result of the ambition to promote a culture of innovation in software development, where research, experimentation and the production of services emerge with the aim of exploring new business areas.<\/p><p>This fostering of a culture of innovation is also an integral part of Decskill&#8217;s strategy and helps to attract and retain highly qualified professionals.<\/p><p><strong>Who it is intended for<\/strong><\/p><p>Organizations from multiple sectors looking for innovative and high quality solutions to meet the needs and expectations of their clients. <br \/>These collaboration with our CoE can help them develop customized solutions, accelerate the product development process, reduce research and development costs and stimulate the culture of iinnovation within their organizations.<\/p>\t\t\t\t\t\t<\/div>\n\t\t\t\t<\/div>\n\t\t\t\t\t<\/div>\n\t\t<\/div>\n\t\t\t\t<div class=\"elementor-column elementor-col-50 elementor-top-column elementor-element elementor-element-1831bf9 ot-flex-column-vertical\" data-id=\"1831bf9\" data-element_type=\"column\">\n\t\t\t<div class=\"elementor-widget-wrap elementor-element-populated\">\n\t\t\t\t\t\t<div class=\"elementor-element elementor-element-251fe98 elementor-widget elementor-widget-image\" data-id=\"251fe98\" data-element_type=\"widget\" data-widget_type=\"image.default\">\n\t\t\t\t<div class=\"elementor-widget-container\">\n\t\t\t\t\t\t\t\t\t\t\t\t\t<img fetchpriority=\"high\" decoding=\"async\" width=\"1150\" height=\"876\" src=\"https:\/\/decskill.com\/wp-content\/uploads\/2023\/02\/Frame-44-1.png\" class=\"attachment-full size-full wp-image-11945\" alt=\"\" srcset=\"https:\/\/decskill.com\/wp-content\/uploads\/2023\/02\/Frame-44-1.png 1150w, https:\/\/decskill.com\/wp-content\/uploads\/2023\/02\/Frame-44-1-300x229.png 300w, https:\/\/decskill.com\/wp-content\/uploads\/2023\/02\/Frame-44-1-1024x780.png 1024w, https:\/\/decskill.com\/wp-content\/uploads\/2023\/02\/Frame-44-1-768x585.png 768w, https:\/\/decskill.com\/wp-content\/uploads\/2023\/02\/Frame-44-1-720x548.png 720w\" sizes=\"(max-width: 1150px) 100vw, 1150px\" \/>\t\t\t\t\t\t\t\t\t\t\t\t\t<\/div>\n\t\t\t\t<\/div>\n\t\t\t\t\t<\/div>\n\t\t<\/div>\n\t\t\t\t\t<\/div>\n\t\t<\/section>\n\t\t\t\t<section class=\"elementor-section elementor-top-section elementor-element elementor-element-61d2339 ot-traditional elementor-section-boxed elementor-section-height-default elementor-section-height-default\" data-id=\"61d2339\" data-element_type=\"section\" data-settings=\"{&quot;background_background&quot;:&quot;classic&quot;}\">\n\t\t\t\t\t\t<div class=\"elementor-container elementor-column-gap-default\">\n\t\t\t\t\t<div class=\"elementor-column elementor-col-100 elementor-top-column elementor-element elementor-element-bcb4843 ot-flex-column-vertical\" data-id=\"bcb4843\" data-element_type=\"column\">\n\t\t\t<div class=\"elementor-widget-wrap elementor-element-populated\">\n\t\t\t\t\t\t<div class=\"elementor-element elementor-element-019789b elementor-widget elementor-widget-iheading\" data-id=\"019789b\" data-element_type=\"widget\" data-widget_type=\"iheading.default\">\n\t\t\t\t<div class=\"elementor-widget-container\">\n\t\t\t\t\t<div class=\"ot-heading\">\r\n\t        \t            <span>\/\/ OFFER<\/span>\r\n\t        <h2 class=\"main-heading\">Immediate or future acceleration of your business through services that guarantee the effective use of technology<\/h2>\t    <\/div>\r\n\t    \t\t<\/div>\n\t\t\t\t<\/div>\n\t\t\t\t<section class=\"elementor-section elementor-inner-section elementor-element elementor-element-a7044a3 elementor-section-boxed elementor-section-height-default elementor-section-height-default\" data-id=\"a7044a3\" data-element_type=\"section\" id=\"connect-boxs\">\n\t\t\t\t\t\t<div class=\"elementor-container elementor-column-gap-default\">\n\t\t\t\t\t<div class=\"elementor-column elementor-col-33 elementor-inner-column elementor-element elementor-element-1121eb6 ot-flex-column-vertical\" data-id=\"1121eb6\" data-element_type=\"column\">\n\t\t\t<div class=\"elementor-widget-wrap elementor-element-populated\">\n\t\t\t\t\t\t<div class=\"elementor-element elementor-element-c73b36e elementor-widget-tablet__width-initial elementor-widget elementor-widget-iserv_box\" data-id=\"c73b36e\" data-element_type=\"widget\" data-widget_type=\"iserv_box.default\">\n\t\t\t\t<div class=\"elementor-widget-container\">\n\t\t\t\r\n\t\t<div class=\"serv-box s1 elementor-animation-\">\r\n\t\t\t\t\t\t<div class=\"icon-main\">\r\n\t\t        \t\t\t    \t\t        \t        <\/div>\r\n\t        <div class=\"content-box\">\r\n\t            <h5>CONSULTING<\/h5>\r\n\t            <div><br> Consulting Services that help\norganizations make decisions related\nto the use and impact of certain\ntechnologies.<\/div>\t        <\/div>\r\n\t    <\/div>\r\n\r\n\t    \t\t<\/div>\n\t\t\t\t<\/div>\n\t\t\t\t\t<\/div>\n\t\t<\/div>\n\t\t\t\t<div class=\"elementor-column elementor-col-33 elementor-inner-column elementor-element elementor-element-4ff1cb3 ot-flex-column-vertical\" data-id=\"4ff1cb3\" data-element_type=\"column\">\n\t\t\t<div class=\"elementor-widget-wrap elementor-element-populated\">\n\t\t\t\t\t\t<div class=\"elementor-element elementor-element-97f6583 elementor-widget-tablet__width-initial elementor-hidden-mobile elementor-widget elementor-widget-iserv_box\" data-id=\"97f6583\" data-element_type=\"widget\" data-widget_type=\"iserv_box.default\">\n\t\t\t\t<div class=\"elementor-widget-container\">\n\t\t\t\r\n\t\t<div class=\"serv-box s1 elementor-animation-\">\r\n\t\t\t\t\t\t<div class=\"icon-main\">\r\n\t\t        \t\t\t    \t\t        \t        <\/div>\r\n\t        <div class=\"content-box\">\r\n\t            <h5>INVESTIGATION<\/h5>\r\n\t            <div><br> Partnering with organizations on joint\nR&D projects to accelerate innovation\nand drive growth<\/div>\t        <\/div>\r\n\t    <\/div>\r\n\r\n\t    \t\t<\/div>\n\t\t\t\t<\/div>\n\t\t\t\t\t<\/div>\n\t\t<\/div>\n\t\t\t\t<div class=\"elementor-column elementor-col-33 elementor-inner-column elementor-element elementor-element-b605a2d ot-flex-column-vertical\" data-id=\"b605a2d\" data-element_type=\"column\">\n\t\t\t<div class=\"elementor-widget-wrap elementor-element-populated\">\n\t\t\t\t\t\t<div class=\"elementor-element elementor-element-e15baf8 elementor-widget-tablet__width-initial elementor-widget elementor-widget-iserv_box\" data-id=\"e15baf8\" data-element_type=\"widget\" data-widget_type=\"iserv_box.default\">\n\t\t\t\t<div class=\"elementor-widget-container\">\n\t\t\t\r\n\t\t<div class=\"serv-box s1 elementor-animation-\">\r\n\t\t\t\t\t\t<div class=\"icon-main\">\r\n\t\t        \t\t\t    \t\t        \t        <\/div>\r\n\t        <div class=\"content-box\">\r\n\t            <h5>IDEATION<\/h5>\r\n\t            <div><br> Collaborate with organizations in order\nto help them to find new services and\/or\nproducts based on technology.<\/div>\t        <\/div>\r\n\t    <\/div>\r\n\r\n\t    \t\t<\/div>\n\t\t\t\t<\/div>\n\t\t\t\t\t<\/div>\n\t\t<\/div>\n\t\t\t\t\t<\/div>\n\t\t<\/section>\n\t\t\t\t<section class=\"elementor-section elementor-inner-section elementor-element elementor-element-608353c elementor-section-boxed elementor-section-height-default elementor-section-height-default\" data-id=\"608353c\" data-element_type=\"section\" id=\"connect-boxs\">\n\t\t\t\t\t\t<div class=\"elementor-container elementor-column-gap-default\">\n\t\t\t\t\t<div class=\"elementor-column elementor-col-33 elementor-inner-column elementor-element elementor-element-36ecbb0 ot-flex-column-vertical\" data-id=\"36ecbb0\" data-element_type=\"column\">\n\t\t\t<div class=\"elementor-widget-wrap elementor-element-populated\">\n\t\t\t\t\t\t<div class=\"elementor-element elementor-element-d7f0fd0 elementor-widget-tablet__width-initial elementor-widget elementor-widget-iserv_box\" data-id=\"d7f0fd0\" data-element_type=\"widget\" data-widget_type=\"iserv_box.default\">\n\t\t\t\t<div class=\"elementor-widget-container\">\n\t\t\t\r\n\t\t<div class=\"serv-box s1 elementor-animation-\">\r\n\t\t\t\t\t\t<div class=\"icon-main\">\r\n\t\t        \t\t\t    \t\t        \t        <\/div>\r\n\t        <div class=\"content-box\">\r\n\t            <h5>CONCEPT PROOF<\/h5>\r\n\t            <div><br> Rapid construction of PoCs to validate\nnew ideas and help organizations make\nmore and better informed investment\ndecisions.<\/div>\t        <\/div>\r\n\t    <\/div>\r\n\r\n\t    \t\t<\/div>\n\t\t\t\t<\/div>\n\t\t\t\t\t<\/div>\n\t\t<\/div>\n\t\t\t\t<div class=\"elementor-column elementor-col-33 elementor-inner-column elementor-element elementor-element-b6fa86a ot-flex-column-vertical\" data-id=\"b6fa86a\" data-element_type=\"column\">\n\t\t\t<div class=\"elementor-widget-wrap\">\n\t\t\t\t\t\t\t<\/div>\n\t\t<\/div>\n\t\t\t\t<div class=\"elementor-column elementor-col-33 elementor-inner-column elementor-element elementor-element-10f3c5a ot-flex-column-vertical\" data-id=\"10f3c5a\" data-element_type=\"column\">\n\t\t\t<div class=\"elementor-widget-wrap\">\n\t\t\t\t\t\t\t<\/div>\n\t\t<\/div>\n\t\t\t\t\t<\/div>\n\t\t<\/section>\n\t\t\t\t\t<\/div>\n\t\t<\/div>\n\t\t\t\t\t<\/div>\n\t\t<\/section>\n\t\t\t\t<section class=\"elementor-section elementor-top-section elementor-element elementor-element-77318701 ot-traditional elementor-section-boxed elementor-section-height-default elementor-section-height-default\" data-id=\"77318701\" data-element_type=\"section\" data-settings=\"{&quot;background_background&quot;:&quot;classic&quot;}\">\n\t\t\t\t\t\t<div class=\"elementor-container elementor-column-gap-default\">\n\t\t\t\t\t<div class=\"elementor-column elementor-col-100 elementor-top-column elementor-element elementor-element-23fe5a98 ot-flex-column-vertical\" data-id=\"23fe5a98\" data-element_type=\"column\">\n\t\t\t<div class=\"elementor-widget-wrap elementor-element-populated\">\n\t\t\t\t\t\t<div class=\"elementor-element elementor-element-707e5fdc elementor-widget elementor-widget-iheading\" data-id=\"707e5fdc\" data-element_type=\"widget\" data-widget_type=\"iheading.default\">\n\t\t\t\t<div class=\"elementor-widget-container\">\n\t\t\t\t\t<div class=\"ot-heading\">\r\n\t        <h2 class=\"main-heading\">How can innovation accelerate your business?<\/h2>\t    <\/div>\r\n\t    \t\t<\/div>\n\t\t\t\t<\/div>\n\t\t\t\t<div class=\"elementor-element elementor-element-524b0dd4 elementor-widget elementor-widget-text-editor\" data-id=\"524b0dd4\" data-element_type=\"widget\" data-widget_type=\"text-editor.default\">\n\t\t\t\t<div class=\"elementor-widget-container\">\n\t\t\t\t\t\t\t<p>We promote emerging technologies that contribute to the expansion of businesses<\/p>\t\t\t\t\t\t<\/div>\n\t\t\t\t<\/div>\n\t\t\t\t<div class=\"elementor-element elementor-element-8342c7 elementor-align-center btn-white elementor-widget elementor-widget-ibutton\" data-id=\"8342c7\" data-element_type=\"widget\" data-widget_type=\"ibutton.default\">\n\t\t\t\t<div class=\"elementor-widget-container\">\n\t\t\t\t\t<div class=\"ot-button\">\r\n\t\t\t<a href=\"mailto: geral@decskill.com\" class=\"octf-btn octf-btn-primary\">Contact Us<\/a>\r\n\t    <\/div>\r\n\t    \t\t<\/div>\n\t\t\t\t<\/div>\n\t\t\t\t\t<\/div>\n\t\t<\/div>\n\t\t\t\t\t<\/div>\n\t\t<\/section>\n\t\t\t\t<section class=\"elementor-section elementor-top-section elementor-element elementor-element-49f48d0 ot-traditional elementor-section-boxed elementor-section-height-default elementor-section-height-default\" data-id=\"49f48d0\" data-element_type=\"section\">\n\t\t\t\t\t\t<div class=\"elementor-container elementor-column-gap-default\">\n\t\t\t\t\t<div class=\"elementor-column elementor-col-100 elementor-top-column elementor-element elementor-element-9d04747 ot-flex-column-vertical\" data-id=\"9d04747\" data-element_type=\"column\">\n\t\t\t<div class=\"elementor-widget-wrap elementor-element-populated\">\n\t\t\t\t\t\t<div class=\"elementor-element elementor-element-14529f8 elementor-widget elementor-widget-iheading\" data-id=\"14529f8\" data-element_type=\"widget\" data-widget_type=\"iheading.default\">\n\t\t\t\t<div class=\"elementor-widget-container\">\n\t\t\t\t\t<div class=\"ot-heading\">\r\n\t        \t            <span>\/\/ BENEFITS<\/span>\r\n\t        <h2 class=\"main-heading\">We help innovate and develop technologies that can guide your growth<\/h2>\t    <\/div>\r\n\t    \t\t<\/div>\n\t\t\t\t<\/div>\n\t\t\t\t<div class=\"elementor-element elementor-element-2c2d335 elementor-widget elementor-widget-text-editor\" data-id=\"2c2d335\" data-element_type=\"widget\" data-widget_type=\"text-editor.default\">\n\t\t\t\t<div class=\"elementor-widget-container\">\n\t\t\t\t\t\t\t<p>With a specialized, experienced team with an innovative spirit, we are able to respond to the specific needs of each client:<\/p><ul><li>We help to explore alternatives that lead to the creation of more personalized solutions, adapted to the specific needs of each client.<\/li><li>The CoE is a space dedicated to innovation and creation of new ideas, which contributes to more creative and effective solutions for customers.<\/li><li>By sharing resources and expertise, the CoE can reduce research and development costs, making projects more affordable for clients<\/li><li>With the help of DECSKILL&#8217;s CoE, it is possible to accelerate the product development process, increasing the efficiency and agility of the project.<\/li><\/ul>\t\t\t\t\t\t<\/div>\n\t\t\t\t<\/div>\n\t\t\t\t\t<\/div>\n\t\t<\/div>\n\t\t\t\t\t<\/div>\n\t\t<\/section>\n\t\t\t\t<\/div>\n\t\t","protected":false},"excerpt":{"rendered":"<p>\/\/ R&#038;D and PRODUCT Innovate and develop new technologies The Research &amp; Development Center is the result of the ambition to promote a culture of innovation in software development, where research, experimentation and the production of services emerge with the aim of exploring new business areas. This fostering of a culture of innovation is also [&hellip;]<\/p>\n","protected":false},"author":2,"featured_media":0,"parent":0,"menu_order":0,"comment_status":"closed","ping_status":"closed","template":"","meta":{"footnotes":""},"class_list":["post-11883","page","type-page","status-publish","hentry"],"yoast_head":"<!-- This site is optimized with the Yoast SEO plugin v23.6 - https:\/\/yoast.com\/wordpress\/plugins\/seo\/ -->\n<title>CoE R&amp;D and Product - Decskill<\/title>\n<meta name=\"robots\" content=\"index, follow, max-snippet:-1, max-image-preview:large, max-video-preview:-1\" \/>\n<link rel=\"canonical\" href=\"https:\/\/decskill.com\/en\/coe-rd-and-product\/\" \/>\n<meta property=\"og:locale\" content=\"en_US\" \/>\n<meta property=\"og:type\" content=\"article\" \/>\n<meta property=\"og:title\" content=\"CoE R&amp;D and Product - Decskill\" \/>\n<meta property=\"og:description\" content=\"\/\/ R&#038;D and PRODUCT Innovate and develop new technologies The Research &amp; Development Center is the result of the ambition to promote a culture of innovation in software development, where research, experimentation and the production of services emerge with the aim of exploring new business areas. This fostering of a culture of innovation is also [&hellip;]\" \/>\n<meta property=\"og:url\" content=\"https:\/\/decskill.com\/en\/coe-rd-and-product\/\" \/>\n<meta property=\"og:site_name\" content=\"Decskill\" \/>\n<meta property=\"article:publisher\" content=\"https:\/\/www.facebook.com\/Decskill\/\" \/>\n<meta property=\"article:modified_time\" content=\"2024-07-12T11:16:10+00:00\" \/>\n<meta property=\"og:image\" content=\"https:\/\/decskill.com\/wp-content\/uploads\/2023\/02\/Frame-44-1.png\" \/>\n<meta name=\"twitter:card\" content=\"summary_large_image\" \/>\n<meta name=\"twitter:label1\" content=\"Est. reading time\" \/>\n\t<meta name=\"twitter:data1\" content=\"2 minutes\" \/>\n<script type=\"application\/ld+json\" class=\"yoast-schema-graph\">{\"@context\":\"https:\/\/schema.org\",\"@graph\":[{\"@type\":\"WebPage\",\"@id\":\"https:\/\/decskill.com\/en\/coe-rd-and-product\/\",\"url\":\"https:\/\/decskill.com\/en\/coe-rd-and-product\/\",\"name\":\"CoE R&D and Product - Decskill\",\"isPartOf\":{\"@id\":\"https:\/\/decskill.com\/#website\"},\"primaryImageOfPage\":{\"@id\":\"https:\/\/decskill.com\/en\/coe-rd-and-product\/#primaryimage\"},\"image\":{\"@id\":\"https:\/\/decskill.com\/en\/coe-rd-and-product\/#primaryimage\"},\"thumbnailUrl\":\"https:\/\/decskill.com\/wp-content\/uploads\/2023\/02\/Frame-44-1.png\",\"datePublished\":\"2023-02-24T11:59:09+00:00\",\"dateModified\":\"2024-07-12T11:16:10+00:00\",\"breadcrumb\":{\"@id\":\"https:\/\/decskill.com\/en\/coe-rd-and-product\/#breadcrumb\"},\"inLanguage\":\"en-US\",\"potentialAction\":[{\"@type\":\"ReadAction\",\"target\":[\"https:\/\/decskill.com\/en\/coe-rd-and-product\/\"]}]},{\"@type\":\"ImageObject\",\"inLanguage\":\"en-US\",\"@id\":\"https:\/\/decskill.com\/en\/coe-rd-and-product\/#primaryimage\",\"url\":\"https:\/\/decskill.com\/wp-content\/uploads\/2023\/02\/Frame-44-1.png\",\"contentUrl\":\"https:\/\/decskill.com\/wp-content\/uploads\/2023\/02\/Frame-44-1.png\"},{\"@type\":\"BreadcrumbList\",\"@id\":\"https:\/\/decskill.com\/en\/coe-rd-and-product\/#breadcrumb\",\"itemListElement\":[{\"@type\":\"ListItem\",\"position\":1,\"name\":\"Home\",\"item\":\"https:\/\/decskill.com\/en\/\"},{\"@type\":\"ListItem\",\"position\":2,\"name\":\"CoE R&#038;D and Product\"}]},{\"@type\":\"WebSite\",\"@id\":\"https:\/\/decskill.com\/#website\",\"url\":\"https:\/\/decskill.com\/\",\"name\":\"Decskill\",\"description\":\"Capacitamos empresas para os desafios da transforma\u00e7\u00e3o digital disponibilizando capacita\u00e7\u00e3o tecnol\u00f3gica: DECSKILL TALENT - IT Outsourcing &amp; Human resources | DECSKILL BOOST \u2013 IT Services &amp; Centers of Excellence | DECSKILL CONNECT \u2013 IT Infrastructure Modernization\",\"publisher\":{\"@id\":\"https:\/\/decskill.com\/#organization\"},\"potentialAction\":[{\"@type\":\"SearchAction\",\"target\":{\"@type\":\"EntryPoint\",\"urlTemplate\":\"https:\/\/decskill.com\/?s={search_term_string}\"},\"query-input\":{\"@type\":\"PropertyValueSpecification\",\"valueRequired\":true,\"valueName\":\"search_term_string\"}}],\"inLanguage\":\"en-US\"},{\"@type\":\"Organization\",\"@id\":\"https:\/\/decskill.com\/#organization\",\"name\":\"Decskill\",\"url\":\"https:\/\/decskill.com\/\",\"logo\":{\"@type\":\"ImageObject\",\"inLanguage\":\"en-US\",\"@id\":\"https:\/\/decskill.com\/#\/schema\/logo\/image\/\",\"url\":\"https:\/\/decskill.com\/wp-content\/uploads\/2020\/09\/Logo.svg\",\"contentUrl\":\"https:\/\/decskill.com\/wp-content\/uploads\/2020\/09\/Logo.svg\",\"width\":181,\"height\":39,\"caption\":\"Decskill\"},\"image\":{\"@id\":\"https:\/\/decskill.com\/#\/schema\/logo\/image\/\"},\"sameAs\":[\"https:\/\/www.facebook.com\/Decskill\/\",\"https:\/\/www.instagram.com\/decskill_\/\",\"https:\/\/www.linkedin.com\/company\/decskill\/\",\"https:\/\/www.youtube.com\/channel\/UCbafHaCzLABxm2BpHsJA4tA\"]}]}<\/script>\n<!-- \/ Yoast SEO plugin. -->","yoast_head_json":{"title":"CoE R&D and Product - Decskill","robots":{"index":"index","follow":"follow","max-snippet":"max-snippet:-1","max-image-preview":"max-image-preview:large","max-video-preview":"max-video-preview:-1"},"canonical":"https:\/\/decskill.com\/en\/coe-rd-and-product\/","og_locale":"en_US","og_type":"article","og_title":"CoE R&D and Product - Decskill","og_description":"\/\/ R&#038;D and PRODUCT Innovate and develop new technologies The Research &amp; Development Center is the result of the ambition to promote a culture of innovation in software development, where research, experimentation and the production of services emerge with the aim of exploring new business areas. This fostering of a culture of innovation is also [&hellip;]","og_url":"https:\/\/decskill.com\/en\/coe-rd-and-product\/","og_site_name":"Decskill","article_publisher":"https:\/\/www.facebook.com\/Decskill\/","article_modified_time":"2024-07-12T11:16:10+00:00","og_image":[{"url":"https:\/\/decskill.com\/wp-content\/uploads\/2023\/02\/Frame-44-1.png"}],"twitter_card":"summary_large_image","twitter_misc":{"Est. reading time":"2 minutes"},"schema":{"@context":"https:\/\/schema.org","@graph":[{"@type":"WebPage","@id":"https:\/\/decskill.com\/en\/coe-rd-and-product\/","url":"https:\/\/decskill.com\/en\/coe-rd-and-product\/","name":"CoE R&D and Product - Decskill","isPartOf":{"@id":"https:\/\/decskill.com\/#website"},"primaryImageOfPage":{"@id":"https:\/\/decskill.com\/en\/coe-rd-and-product\/#primaryimage"},"image":{"@id":"https:\/\/decskill.com\/en\/coe-rd-and-product\/#primaryimage"},"thumbnailUrl":"https:\/\/decskill.com\/wp-content\/uploads\/2023\/02\/Frame-44-1.png","datePublished":"2023-02-24T11:59:09+00:00","dateModified":"2024-07-12T11:16:10+00:00","breadcrumb":{"@id":"https:\/\/decskill.com\/en\/coe-rd-and-product\/#breadcrumb"},"inLanguage":"en-US","potentialAction":[{"@type":"ReadAction","target":["https:\/\/decskill.com\/en\/coe-rd-and-product\/"]}]},{"@type":"ImageObject","inLanguage":"en-US","@id":"https:\/\/decskill.com\/en\/coe-rd-and-product\/#primaryimage","url":"https:\/\/decskill.com\/wp-content\/uploads\/2023\/02\/Frame-44-1.png","contentUrl":"https:\/\/decskill.com\/wp-content\/uploads\/2023\/02\/Frame-44-1.png"},{"@type":"BreadcrumbList","@id":"https:\/\/decskill.com\/en\/coe-rd-and-product\/#breadcrumb","itemListElement":[{"@type":"ListItem","position":1,"name":"Home","item":"https:\/\/decskill.com\/en\/"},{"@type":"ListItem","position":2,"name":"CoE R&#038;D and Product"}]},{"@type":"WebSite","@id":"https:\/\/decskill.com\/#website","url":"https:\/\/decskill.com\/","name":"Decskill","description":"Capacitamos empresas para os desafios da transforma\u00e7\u00e3o digital disponibilizando capacita\u00e7\u00e3o tecnol\u00f3gica: DECSKILL TALENT - IT Outsourcing &amp; Human resources | DECSKILL BOOST \u2013 IT Services &amp; Centers of Excellence | DECSKILL CONNECT \u2013 IT Infrastructure Modernization","publisher":{"@id":"https:\/\/decskill.com\/#organization"},"potentialAction":[{"@type":"SearchAction","target":{"@type":"EntryPoint","urlTemplate":"https:\/\/decskill.com\/?s={search_term_string}"},"query-input":{"@type":"PropertyValueSpecification","valueRequired":true,"valueName":"search_term_string"}}],"inLanguage":"en-US"},{"@type":"Organization","@id":"https:\/\/decskill.com\/#organization","name":"Decskill","url":"https:\/\/decskill.com\/","logo":{"@type":"ImageObject","inLanguage":"en-US","@id":"https:\/\/decskill.com\/#\/schema\/logo\/image\/","url":"https:\/\/decskill.com\/wp-content\/uploads\/2020\/09\/Logo.svg","contentUrl":"https:\/\/decskill.com\/wp-content\/uploads\/2020\/09\/Logo.svg","width":181,"height":39,"caption":"Decskill"},"image":{"@id":"https:\/\/decskill.com\/#\/schema\/logo\/image\/"},"sameAs":["https:\/\/www.facebook.com\/Decskill\/","https:\/\/www.instagram.com\/decskill_\/","https:\/\/www.linkedin.com\/company\/decskill\/","https:\/\/www.youtube.com\/channel\/UCbafHaCzLABxm2BpHsJA4tA"]}]}},"_links":{"self":[{"href":"https:\/\/decskill.com\/en\/wp-json\/wp\/v2\/pages\/11883"}],"collection":[{"href":"https:\/\/decskill.com\/en\/wp-json\/wp\/v2\/pages"}],"about":[{"href":"https:\/\/decskill.com\/en\/wp-json\/wp\/v2\/types\/page"}],"author":[{"embeddable":true,"href":"https:\/\/decskill.com\/en\/wp-json\/wp\/v2\/users\/2"}],"replies":[{"embeddable":true,"href":"https:\/\/decskill.com\/en\/wp-json\/wp\/v2\/comments?post=11883"}],"version-history":[{"count":5,"href":"https:\/\/decskill.com\/en\/wp-json\/wp\/v2\/pages\/11883\/revisions"}],"predecessor-version":[{"id":12935,"href":"https:\/\/decskill.com\/en\/wp-json\/wp\/v2\/pages\/11883\/revisions\/12935"}],"wp:attachment":[{"href":"https:\/\/decskill.com\/en\/wp-json\/wp\/v2\/media?parent=11883"}],"curies":[{"name":"wp","href":"https:\/\/api.w.org\/{rel}","templated":true}]}}