{"id":12447,"date":"2024-01-15T11:26:28","date_gmt":"2024-01-15T11:26:28","guid":{"rendered":"https:\/\/decskill.com\/?page_id=12447"},"modified":"2024-07-12T11:18:21","modified_gmt":"2024-07-12T11:18:21","slug":"coe-low-no-code-2","status":"publish","type":"page","link":"https:\/\/decskill.com\/en\/coe-low-no-code-2\/","title":{"rendered":"CoE  Low &#038; No Code"},"content":{"rendered":"\t\t<div data-elementor-type=\"wp-page\" data-elementor-id=\"12447\" class=\"elementor elementor-12447 elementor-12446\">\n\t\t\t\t\t\t<section class=\"elementor-section elementor-top-section elementor-element elementor-element-fe57aaf elementor-section-content-middle ot-traditional elementor-section-boxed elementor-section-height-default elementor-section-height-default\" data-id=\"fe57aaf\" data-element_type=\"section\">\n\t\t\t\t\t\t<div class=\"elementor-container elementor-column-gap-extended\">\n\t\t\t\t\t<div class=\"elementor-column elementor-col-50 elementor-top-column elementor-element elementor-element-de6fb5c ot-flex-column-vertical\" data-id=\"de6fb5c\" data-element_type=\"column\">\n\t\t\t<div class=\"elementor-widget-wrap elementor-element-populated\">\n\t\t\t\t\t\t<div class=\"elementor-element elementor-element-4d9643a elementor-widget elementor-widget-iheading\" data-id=\"4d9643a\" data-element_type=\"widget\" data-widget_type=\"iheading.default\">\n\t\t\t\t<div class=\"elementor-widget-container\">\n\t\t\t\t\t<div class=\"ot-heading\">\r\n\t        \t            <span>\/\/ LOW-CODE  & NO-CODE<\/span>\r\n\t        <h1 class=\"main-heading\">Rapidez na automa\u00e7\u00e3o de processos e moderniza\u00e7\u00e3o de aplica\u00e7\u00f5es<\/h1>\t    <\/div>\r\n\t    \t\t<\/div>\n\t\t\t\t<\/div>\n\t\t\t\t<div class=\"elementor-element elementor-element-8e7bd74 elementor-widget elementor-widget-text-editor\" data-id=\"8e7bd74\" data-element_type=\"widget\" data-widget_type=\"text-editor.default\">\n\t\t\t\t<div class=\"elementor-widget-container\">\n\t\t\t\t\t\t\t<p>Trabalhamos com as plataformas de desenvolvimento Low-Code l\u00edderes de mercado para acelerar a entrega de aplica\u00e7\u00f5es. O Centro de Excel\u00eancia em Low-Code e No-Code endere\u00e7a um conjunto de casos de neg\u00f3cio que v\u00e3o desde melhorar ferramentas de suporte ao neg\u00f3cio, aceder a informa\u00e7\u00e3o dispersa e consolidar numa aplica\u00e7\u00e3o m\u00f3vel.<br \/>A transforma\u00e7\u00e3o Digital traduz-se em novos desafios e necessidades para as organiza\u00e7\u00f5es o que dificulta assegurar temas como a seguran\u00e7a, desempenho, escalabilidade e formar equipas t\u00e9cnicas . O Coe responde \u00e0 necessidade automa\u00e7\u00e3o de processos e a moderniza\u00e7\u00e3o de aplica\u00e7\u00f5es.<\/p>\n\t\t\t\t\t\t<\/div>\n\t\t\t\t<\/div>\n\t\t\t\t\t<\/div>\n\t\t<\/div>\n\t\t\t\t<div class=\"elementor-column elementor-col-50 elementor-top-column elementor-element elementor-element-1831bf9 ot-flex-column-vertical\" data-id=\"1831bf9\" data-element_type=\"column\">\n\t\t\t<div class=\"elementor-widget-wrap elementor-element-populated\">\n\t\t\t\t\t\t<div class=\"elementor-element elementor-element-251fe98 elementor-widget elementor-widget-image\" data-id=\"251fe98\" data-element_type=\"widget\" data-widget_type=\"image.default\">\n\t\t\t\t<div class=\"elementor-widget-container\">\n\t\t\t\t\t\t\t\t\t\t\t\t\t<img fetchpriority=\"high\" decoding=\"async\" width=\"1150\" height=\"739\" src=\"https:\/\/decskill.com\/wp-content\/uploads\/2023\/07\/Group-53-2.png\" class=\"attachment-full size-full wp-image-12363\" alt=\"\" srcset=\"https:\/\/decskill.com\/wp-content\/uploads\/2023\/07\/Group-53-2.png 1150w, https:\/\/decskill.com\/wp-content\/uploads\/2023\/07\/Group-53-2-300x193.png 300w, https:\/\/decskill.com\/wp-content\/uploads\/2023\/07\/Group-53-2-1024x658.png 1024w, https:\/\/decskill.com\/wp-content\/uploads\/2023\/07\/Group-53-2-768x494.png 768w, https:\/\/decskill.com\/wp-content\/uploads\/2023\/07\/Group-53-2-720x463.png 720w\" sizes=\"(max-width: 1150px) 100vw, 1150px\" \/>\t\t\t\t\t\t\t\t\t\t\t\t\t<\/div>\n\t\t\t\t<\/div>\n\t\t\t\t\t<\/div>\n\t\t<\/div>\n\t\t\t\t\t<\/div>\n\t\t<\/section>\n\t\t\t\t<section class=\"elementor-section elementor-top-section elementor-element elementor-element-61d2339 ot-traditional elementor-section-boxed elementor-section-height-default elementor-section-height-default\" data-id=\"61d2339\" data-element_type=\"section\" data-settings=\"{&quot;background_background&quot;:&quot;classic&quot;}\">\n\t\t\t\t\t\t<div class=\"elementor-container elementor-column-gap-default\">\n\t\t\t\t\t<div class=\"elementor-column elementor-col-100 elementor-top-column elementor-element elementor-element-bcb4843 ot-flex-column-vertical\" data-id=\"bcb4843\" data-element_type=\"column\">\n\t\t\t<div class=\"elementor-widget-wrap elementor-element-populated\">\n\t\t\t\t\t\t<div class=\"elementor-element elementor-element-019789b elementor-widget elementor-widget-iheading\" data-id=\"019789b\" data-element_type=\"widget\" data-widget_type=\"iheading.default\">\n\t\t\t\t<div class=\"elementor-widget-container\">\n\t\t\t\t\t<div class=\"ot-heading\">\r\n\t        \t            <span>\/\/ OFERTA<\/span>\r\n\t        <h2 class=\"main-heading\">Adop\u00e7\u00e3o de ferramentas Low-Code e No-Code para alinhar as suas aplica\u00e7\u00f5es ao seu neg\u00f3cio<\/h2>\t    <\/div>\r\n\t    \t\t<\/div>\n\t\t\t\t<\/div>\n\t\t\t\t<section class=\"elementor-section elementor-inner-section elementor-element elementor-element-5d1eddc elementor-section-boxed elementor-section-height-default elementor-section-height-default\" data-id=\"5d1eddc\" data-element_type=\"section\" id=\"connect-boxs\">\n\t\t\t\t\t\t<div class=\"elementor-container elementor-column-gap-default\">\n\t\t\t\t\t<div class=\"elementor-column elementor-col-33 elementor-inner-column elementor-element elementor-element-4789d94 ot-flex-column-vertical\" data-id=\"4789d94\" data-element_type=\"column\">\n\t\t\t<div class=\"elementor-widget-wrap elementor-element-populated\">\n\t\t\t\t\t\t<div class=\"elementor-element elementor-element-87300f3 elementor-widget-tablet__width-initial elementor-widget elementor-widget-iserv_box\" data-id=\"87300f3\" data-element_type=\"widget\" data-widget_type=\"iserv_box.default\">\n\t\t\t\t<div class=\"elementor-widget-container\">\n\t\t\t\r\n\t\t<div class=\"serv-box s1 elementor-animation-\">\r\n\t\t\t\t\t\t<div class=\"icon-main\">\r\n\t\t        \t\t\t    \t\t        \t        <\/div>\r\n\t        <div class=\"content-box\">\r\n\t            <h5>THINK<\/h5>\r\n\t            <div>\/\/ Consultoria de Neg\u00f3cio <\/br>\n\/\/ Design thinking<\/br>\n\/\/  An\u00e1lise de avalia\u00e7\u00e3o de arquitetura e tecnologia\n<\/div>\t        <\/div>\r\n\t    <\/div>\r\n\r\n\t    \t\t<\/div>\n\t\t\t\t<\/div>\n\t\t\t\t\t<\/div>\n\t\t<\/div>\n\t\t\t\t<div class=\"elementor-column elementor-col-33 elementor-inner-column elementor-element elementor-element-9ad7c8b ot-flex-column-vertical\" data-id=\"9ad7c8b\" data-element_type=\"column\">\n\t\t\t<div class=\"elementor-widget-wrap elementor-element-populated\">\n\t\t\t\t\t\t<div class=\"elementor-element elementor-element-4f5edea elementor-widget-tablet__width-initial elementor-hidden-mobile elementor-widget elementor-widget-iserv_box\" data-id=\"4f5edea\" data-element_type=\"widget\" data-widget_type=\"iserv_box.default\">\n\t\t\t\t<div class=\"elementor-widget-container\">\n\t\t\t\r\n\t\t<div class=\"serv-box s1 elementor-animation-\">\r\n\t\t\t\t\t\t<div class=\"icon-main\">\r\n\t\t        \t\t\t    \t\t        \t        <\/div>\r\n\t        <div class=\"content-box\">\r\n\t            <h5>TRANSFORM<\/h5>\r\n\t            <div>\/\/ Processos e metodologia Agile <\/br>\n\/\/  Produtos e portais digitais<\/br>\n\/ Aplicativos m\u00f3veis<\/br>\n\/\/ Solu\u00e7\u00f5es \u00e8 medida<\/br>\n\/\/ Projetos com \u00e2mbito fechados<\/br><\/div>\t        <\/div>\r\n\t    <\/div>\r\n\r\n\t    \t\t<\/div>\n\t\t\t\t<\/div>\n\t\t\t\t\t<\/div>\n\t\t<\/div>\n\t\t\t\t<div class=\"elementor-column elementor-col-33 elementor-inner-column elementor-element elementor-element-26267fe ot-flex-column-vertical\" data-id=\"26267fe\" data-element_type=\"column\">\n\t\t\t<div class=\"elementor-widget-wrap elementor-element-populated\">\n\t\t\t\t\t\t<div class=\"elementor-element elementor-element-fe07332 elementor-widget-tablet__width-initial elementor-widget elementor-widget-iserv_box\" data-id=\"fe07332\" data-element_type=\"widget\" data-widget_type=\"iserv_box.default\">\n\t\t\t\t<div class=\"elementor-widget-container\">\n\t\t\t\r\n\t\t<div class=\"serv-box s1 elementor-animation-\">\r\n\t\t\t\t\t\t<div class=\"icon-main\">\r\n\t\t        \t\t\t    \t\t        \t        <\/div>\r\n\t        <div class=\"content-box\">\r\n\t            <h5>GROW<\/h5>\r\n\t            <div>\/\/ Bootcamps de forma\u00e7\u00e3o<\/br>\n\/\/ Forma\u00e7\u00e3o \u00e0 medida das necessidades da equipa de cliente<\/br>\n\/\/ Suporte e opera\u00e7\u00e3o de plataformas<\/div>\t        <\/div>\r\n\t    <\/div>\r\n\r\n\t    \t\t<\/div>\n\t\t\t\t<\/div>\n\t\t\t\t\t<\/div>\n\t\t<\/div>\n\t\t\t\t\t<\/div>\n\t\t<\/section>\n\t\t\t\t\t<\/div>\n\t\t<\/div>\n\t\t\t\t\t<\/div>\n\t\t<\/section>\n\t\t\t\t<section class=\"elementor-section elementor-top-section elementor-element elementor-element-77318701 ot-traditional elementor-section-boxed elementor-section-height-default elementor-section-height-default\" data-id=\"77318701\" data-element_type=\"section\" data-settings=\"{&quot;background_background&quot;:&quot;classic&quot;}\">\n\t\t\t\t\t\t<div class=\"elementor-container elementor-column-gap-default\">\n\t\t\t\t\t<div class=\"elementor-column elementor-col-100 elementor-top-column elementor-element elementor-element-23fe5a98 ot-flex-column-vertical\" data-id=\"23fe5a98\" data-element_type=\"column\">\n\t\t\t<div class=\"elementor-widget-wrap elementor-element-populated\">\n\t\t\t\t\t\t<div class=\"elementor-element elementor-element-707e5fdc elementor-widget elementor-widget-iheading\" data-id=\"707e5fdc\" data-element_type=\"widget\" data-widget_type=\"iheading.default\">\n\t\t\t\t<div class=\"elementor-widget-container\">\n\t\t\t\t\t<div class=\"ot-heading\">\r\n\t        <h2 class=\"main-heading\">O seu neg\u00f3cio anda mais r\u00e1pido do que as suas ferramentas tecnol\u00f3gicas?<\/h2>\t    <\/div>\r\n\t    \t\t<\/div>\n\t\t\t\t<\/div>\n\t\t\t\t<div class=\"elementor-element elementor-element-524b0dd4 elementor-widget elementor-widget-text-editor\" data-id=\"524b0dd4\" data-element_type=\"widget\" data-widget_type=\"text-editor.default\">\n\t\t\t\t<div class=\"elementor-widget-container\">\n\t\t\t\t\t\t\t<p>Apoiamos organiza\u00e7\u00f5es na adop\u00e7\u00e3o de ferramentas Low-Code e na constru\u00e7\u00e3o de solu\u00e7\u00f5es tecnol\u00f3gicas que v\u00e3o ao encontro do seu neg\u00f3cio, em tempo \u00fatil.<\/p>\n\t\t\t\t\t\t<\/div>\n\t\t\t\t<\/div>\n\t\t\t\t<div class=\"elementor-element elementor-element-8342c7 elementor-align-center btn-white elementor-widget elementor-widget-ibutton\" data-id=\"8342c7\" data-element_type=\"widget\" data-widget_type=\"ibutton.default\">\n\t\t\t\t<div class=\"elementor-widget-container\">\n\t\t\t\t\t<div class=\"ot-button\">\r\n\t\t\t<a href=\"mailto: geral@decskill.com\" class=\"octf-btn octf-btn-primary\">Contacte-nos<\/a>\r\n\t    <\/div>\r\n\t    \t\t<\/div>\n\t\t\t\t<\/div>\n\t\t\t\t\t<\/div>\n\t\t<\/div>\n\t\t\t\t\t<\/div>\n\t\t<\/section>\n\t\t\t\t<section class=\"elementor-section elementor-top-section elementor-element elementor-element-49f48d0 ot-traditional elementor-section-boxed elementor-section-height-default elementor-section-height-default\" data-id=\"49f48d0\" data-element_type=\"section\">\n\t\t\t\t\t\t<div class=\"elementor-container elementor-column-gap-default\">\n\t\t\t\t\t<div class=\"elementor-column elementor-col-100 elementor-top-column elementor-element elementor-element-9d04747 ot-flex-column-vertical\" data-id=\"9d04747\" data-element_type=\"column\">\n\t\t\t<div class=\"elementor-widget-wrap elementor-element-populated\">\n\t\t\t\t\t\t<div class=\"elementor-element elementor-element-14529f8 elementor-widget elementor-widget-iheading\" data-id=\"14529f8\" data-element_type=\"widget\" data-widget_type=\"iheading.default\">\n\t\t\t\t<div class=\"elementor-widget-container\">\n\t\t\t\t\t<div class=\"ot-heading\">\r\n\t        \t            <span>\/\/ Benef\u00edcios<\/span>\r\n\t        <h2 class=\"main-heading\">Proporcionamos \u00e0s organiza\u00e7\u00f5es solu\u00e7\u00f5es para endere\u00e7ar os desafios tecnol\u00f3gicos com Low-Code<\/h2>\t    <\/div>\r\n\t    \t\t<\/div>\n\t\t\t\t<\/div>\n\t\t\t\t<div class=\"elementor-element elementor-element-2c2d335 elementor-widget elementor-widget-text-editor\" data-id=\"2c2d335\" data-element_type=\"widget\" data-widget_type=\"text-editor.default\">\n\t\t\t\t<div class=\"elementor-widget-container\">\n\t\t\t\t\t\t\t<p>Temos equipas multidisciplinares (Gestores de Projeto, Analistas, peritos em UX\/UI, em conjunto com equipas de desenvolvimento.<br \/>Somos focados em adicionar valor, garantindo que o seu neg\u00f3cio tem o retorno ao investimento com abordagens que procuram entregar \u201ca coisa certa\u201d.<br \/>Usamos metodologias \u00c1geis que asseguram maior transpar\u00eancia sobre o progresso.<\/p>\n\t\t\t\t\t\t<\/div>\n\t\t\t\t<\/div>\n\t\t\t\t\t<\/div>\n\t\t<\/div>\n\t\t\t\t\t<\/div>\n\t\t<\/section>\n\t\t\t\t<\/div>\n\t\t","protected":false},"excerpt":{"rendered":"<p>\/\/ LOW-CODE &#038; NO-CODE Rapidez na automa\u00e7\u00e3o de processos e moderniza\u00e7\u00e3o de aplica\u00e7\u00f5es Trabalhamos com as plataformas de desenvolvimento Low-Code l\u00edderes de mercado para acelerar a entrega de aplica\u00e7\u00f5es. O Centro de Excel\u00eancia em Low-Code e No-Code endere\u00e7a um conjunto de casos de neg\u00f3cio que v\u00e3o desde melhorar ferramentas de suporte ao neg\u00f3cio, aceder a [&hellip;]<\/p>\n","protected":false},"author":2,"featured_media":0,"parent":0,"menu_order":0,"comment_status":"closed","ping_status":"closed","template":"","meta":{"footnotes":""},"class_list":["post-12447","page","type-page","status-publish","hentry"],"yoast_head":"<!-- This site is optimized with the Yoast SEO plugin v23.6 - https:\/\/yoast.com\/wordpress\/plugins\/seo\/ -->\n<title>CoE Low &amp; No Code - Decskill<\/title>\n<meta name=\"robots\" content=\"index, follow, max-snippet:-1, max-image-preview:large, max-video-preview:-1\" \/>\n<link rel=\"canonical\" href=\"https:\/\/decskill.com\/en\/coe-low-no-code-2\/\" \/>\n<meta property=\"og:locale\" content=\"en_US\" \/>\n<meta property=\"og:type\" content=\"article\" \/>\n<meta property=\"og:title\" content=\"CoE Low &amp; No Code - Decskill\" \/>\n<meta property=\"og:description\" content=\"\/\/ LOW-CODE &#038; NO-CODE Rapidez na automa\u00e7\u00e3o de processos e moderniza\u00e7\u00e3o de aplica\u00e7\u00f5es Trabalhamos com as plataformas de desenvolvimento Low-Code l\u00edderes de mercado para acelerar a entrega de aplica\u00e7\u00f5es. O Centro de Excel\u00eancia em Low-Code e No-Code endere\u00e7a um conjunto de casos de neg\u00f3cio que v\u00e3o desde melhorar ferramentas de suporte ao neg\u00f3cio, aceder a [&hellip;]\" \/>\n<meta property=\"og:url\" content=\"https:\/\/decskill.com\/en\/coe-low-no-code-2\/\" \/>\n<meta property=\"og:site_name\" content=\"Decskill\" \/>\n<meta property=\"article:publisher\" content=\"https:\/\/www.facebook.com\/Decskill\/\" \/>\n<meta property=\"article:modified_time\" content=\"2024-07-12T11:18:21+00:00\" \/>\n<meta property=\"og:image\" content=\"https:\/\/decskill.com\/wp-content\/uploads\/2023\/07\/Group-53-2.png\" \/>\n<meta name=\"twitter:card\" content=\"summary_large_image\" \/>\n<meta name=\"twitter:label1\" content=\"Est. reading time\" \/>\n\t<meta name=\"twitter:data1\" content=\"2 minutes\" \/>\n<script type=\"application\/ld+json\" class=\"yoast-schema-graph\">{\"@context\":\"https:\/\/schema.org\",\"@graph\":[{\"@type\":\"WebPage\",\"@id\":\"https:\/\/decskill.com\/en\/coe-low-no-code-2\/\",\"url\":\"https:\/\/decskill.com\/en\/coe-low-no-code-2\/\",\"name\":\"CoE Low & No Code - Decskill\",\"isPartOf\":{\"@id\":\"https:\/\/decskill.com\/#website\"},\"primaryImageOfPage\":{\"@id\":\"https:\/\/decskill.com\/en\/coe-low-no-code-2\/#primaryimage\"},\"image\":{\"@id\":\"https:\/\/decskill.com\/en\/coe-low-no-code-2\/#primaryimage\"},\"thumbnailUrl\":\"https:\/\/decskill.com\/wp-content\/uploads\/2023\/07\/Group-53-2.png\",\"datePublished\":\"2024-01-15T11:26:28+00:00\",\"dateModified\":\"2024-07-12T11:18:21+00:00\",\"breadcrumb\":{\"@id\":\"https:\/\/decskill.com\/en\/coe-low-no-code-2\/#breadcrumb\"},\"inLanguage\":\"en-US\",\"potentialAction\":[{\"@type\":\"ReadAction\",\"target\":[\"https:\/\/decskill.com\/en\/coe-low-no-code-2\/\"]}]},{\"@type\":\"ImageObject\",\"inLanguage\":\"en-US\",\"@id\":\"https:\/\/decskill.com\/en\/coe-low-no-code-2\/#primaryimage\",\"url\":\"https:\/\/decskill.com\/wp-content\/uploads\/2023\/07\/Group-53-2.png\",\"contentUrl\":\"https:\/\/decskill.com\/wp-content\/uploads\/2023\/07\/Group-53-2.png\"},{\"@type\":\"BreadcrumbList\",\"@id\":\"https:\/\/decskill.com\/en\/coe-low-no-code-2\/#breadcrumb\",\"itemListElement\":[{\"@type\":\"ListItem\",\"position\":1,\"name\":\"Home\",\"item\":\"https:\/\/decskill.com\/en\/\"},{\"@type\":\"ListItem\",\"position\":2,\"name\":\"CoE Low &#038; No Code\"}]},{\"@type\":\"WebSite\",\"@id\":\"https:\/\/decskill.com\/#website\",\"url\":\"https:\/\/decskill.com\/\",\"name\":\"Decskill\",\"description\":\"Capacitamos empresas para os desafios da transforma\u00e7\u00e3o digital disponibilizando capacita\u00e7\u00e3o tecnol\u00f3gica: DECSKILL TALENT - IT Outsourcing &amp; Human resources | DECSKILL BOOST \u2013 IT Services &amp; Centers of Excellence | DECSKILL CONNECT \u2013 IT Infrastructure Modernization\",\"publisher\":{\"@id\":\"https:\/\/decskill.com\/#organization\"},\"potentialAction\":[{\"@type\":\"SearchAction\",\"target\":{\"@type\":\"EntryPoint\",\"urlTemplate\":\"https:\/\/decskill.com\/?s={search_term_string}\"},\"query-input\":{\"@type\":\"PropertyValueSpecification\",\"valueRequired\":true,\"valueName\":\"search_term_string\"}}],\"inLanguage\":\"en-US\"},{\"@type\":\"Organization\",\"@id\":\"https:\/\/decskill.com\/#organization\",\"name\":\"Decskill\",\"url\":\"https:\/\/decskill.com\/\",\"logo\":{\"@type\":\"ImageObject\",\"inLanguage\":\"en-US\",\"@id\":\"https:\/\/decskill.com\/#\/schema\/logo\/image\/\",\"url\":\"https:\/\/decskill.com\/wp-content\/uploads\/2020\/09\/Logo.svg\",\"contentUrl\":\"https:\/\/decskill.com\/wp-content\/uploads\/2020\/09\/Logo.svg\",\"width\":181,\"height\":39,\"caption\":\"Decskill\"},\"image\":{\"@id\":\"https:\/\/decskill.com\/#\/schema\/logo\/image\/\"},\"sameAs\":[\"https:\/\/www.facebook.com\/Decskill\/\",\"https:\/\/www.instagram.com\/decskill_\/\",\"https:\/\/www.linkedin.com\/company\/decskill\/\",\"https:\/\/www.youtube.com\/channel\/UCbafHaCzLABxm2BpHsJA4tA\"]}]}<\/script>\n<!-- \/ Yoast SEO plugin. -->","yoast_head_json":{"title":"CoE Low & No Code - Decskill","robots":{"index":"index","follow":"follow","max-snippet":"max-snippet:-1","max-image-preview":"max-image-preview:large","max-video-preview":"max-video-preview:-1"},"canonical":"https:\/\/decskill.com\/en\/coe-low-no-code-2\/","og_locale":"en_US","og_type":"article","og_title":"CoE Low & No Code - Decskill","og_description":"\/\/ LOW-CODE &#038; NO-CODE Rapidez na automa\u00e7\u00e3o de processos e moderniza\u00e7\u00e3o de aplica\u00e7\u00f5es Trabalhamos com as plataformas de desenvolvimento Low-Code l\u00edderes de mercado para acelerar a entrega de aplica\u00e7\u00f5es. O Centro de Excel\u00eancia em Low-Code e No-Code endere\u00e7a um conjunto de casos de neg\u00f3cio que v\u00e3o desde melhorar ferramentas de suporte ao neg\u00f3cio, aceder a [&hellip;]","og_url":"https:\/\/decskill.com\/en\/coe-low-no-code-2\/","og_site_name":"Decskill","article_publisher":"https:\/\/www.facebook.com\/Decskill\/","article_modified_time":"2024-07-12T11:18:21+00:00","og_image":[{"url":"https:\/\/decskill.com\/wp-content\/uploads\/2023\/07\/Group-53-2.png"}],"twitter_card":"summary_large_image","twitter_misc":{"Est. reading time":"2 minutes"},"schema":{"@context":"https:\/\/schema.org","@graph":[{"@type":"WebPage","@id":"https:\/\/decskill.com\/en\/coe-low-no-code-2\/","url":"https:\/\/decskill.com\/en\/coe-low-no-code-2\/","name":"CoE Low & No Code - Decskill","isPartOf":{"@id":"https:\/\/decskill.com\/#website"},"primaryImageOfPage":{"@id":"https:\/\/decskill.com\/en\/coe-low-no-code-2\/#primaryimage"},"image":{"@id":"https:\/\/decskill.com\/en\/coe-low-no-code-2\/#primaryimage"},"thumbnailUrl":"https:\/\/decskill.com\/wp-content\/uploads\/2023\/07\/Group-53-2.png","datePublished":"2024-01-15T11:26:28+00:00","dateModified":"2024-07-12T11:18:21+00:00","breadcrumb":{"@id":"https:\/\/decskill.com\/en\/coe-low-no-code-2\/#breadcrumb"},"inLanguage":"en-US","potentialAction":[{"@type":"ReadAction","target":["https:\/\/decskill.com\/en\/coe-low-no-code-2\/"]}]},{"@type":"ImageObject","inLanguage":"en-US","@id":"https:\/\/decskill.com\/en\/coe-low-no-code-2\/#primaryimage","url":"https:\/\/decskill.com\/wp-content\/uploads\/2023\/07\/Group-53-2.png","contentUrl":"https:\/\/decskill.com\/wp-content\/uploads\/2023\/07\/Group-53-2.png"},{"@type":"BreadcrumbList","@id":"https:\/\/decskill.com\/en\/coe-low-no-code-2\/#breadcrumb","itemListElement":[{"@type":"ListItem","position":1,"name":"Home","item":"https:\/\/decskill.com\/en\/"},{"@type":"ListItem","position":2,"name":"CoE Low &#038; No Code"}]},{"@type":"WebSite","@id":"https:\/\/decskill.com\/#website","url":"https:\/\/decskill.com\/","name":"Decskill","description":"Capacitamos empresas para os desafios da transforma\u00e7\u00e3o digital disponibilizando capacita\u00e7\u00e3o tecnol\u00f3gica: DECSKILL TALENT - IT Outsourcing &amp; Human resources | DECSKILL BOOST \u2013 IT Services &amp; Centers of Excellence | DECSKILL CONNECT \u2013 IT Infrastructure Modernization","publisher":{"@id":"https:\/\/decskill.com\/#organization"},"potentialAction":[{"@type":"SearchAction","target":{"@type":"EntryPoint","urlTemplate":"https:\/\/decskill.com\/?s={search_term_string}"},"query-input":{"@type":"PropertyValueSpecification","valueRequired":true,"valueName":"search_term_string"}}],"inLanguage":"en-US"},{"@type":"Organization","@id":"https:\/\/decskill.com\/#organization","name":"Decskill","url":"https:\/\/decskill.com\/","logo":{"@type":"ImageObject","inLanguage":"en-US","@id":"https:\/\/decskill.com\/#\/schema\/logo\/image\/","url":"https:\/\/decskill.com\/wp-content\/uploads\/2020\/09\/Logo.svg","contentUrl":"https:\/\/decskill.com\/wp-content\/uploads\/2020\/09\/Logo.svg","width":181,"height":39,"caption":"Decskill"},"image":{"@id":"https:\/\/decskill.com\/#\/schema\/logo\/image\/"},"sameAs":["https:\/\/www.facebook.com\/Decskill\/","https:\/\/www.instagram.com\/decskill_\/","https:\/\/www.linkedin.com\/company\/decskill\/","https:\/\/www.youtube.com\/channel\/UCbafHaCzLABxm2BpHsJA4tA"]}]}},"_links":{"self":[{"href":"https:\/\/decskill.com\/en\/wp-json\/wp\/v2\/pages\/12447"}],"collection":[{"href":"https:\/\/decskill.com\/en\/wp-json\/wp\/v2\/pages"}],"about":[{"href":"https:\/\/decskill.com\/en\/wp-json\/wp\/v2\/types\/page"}],"author":[{"embeddable":true,"href":"https:\/\/decskill.com\/en\/wp-json\/wp\/v2\/users\/2"}],"replies":[{"embeddable":true,"href":"https:\/\/decskill.com\/en\/wp-json\/wp\/v2\/comments?post=12447"}],"version-history":[{"count":4,"href":"https:\/\/decskill.com\/en\/wp-json\/wp\/v2\/pages\/12447\/revisions"}],"predecessor-version":[{"id":12941,"href":"https:\/\/decskill.com\/en\/wp-json\/wp\/v2\/pages\/12447\/revisions\/12941"}],"wp:attachment":[{"href":"https:\/\/decskill.com\/en\/wp-json\/wp\/v2\/media?parent=12447"}],"curies":[{"name":"wp","href":"https:\/\/api.w.org\/{rel}","templated":true}]}}