{"id":13142,"date":"2025-02-03T17:56:28","date_gmt":"2025-02-03T17:56:28","guid":{"rendered":"https:\/\/decskill.com\/?page_id=13142"},"modified":"2025-02-04T10:06:52","modified_gmt":"2025-02-04T10:06:52","slug":"information-security-policy","status":"publish","type":"page","link":"https:\/\/decskill.com\/en\/information-security-policy\/","title":{"rendered":"Information Security Policy"},"content":{"rendered":"\t\t<div data-elementor-type=\"wp-page\" data-elementor-id=\"13142\" class=\"elementor elementor-13142 elementor-13141\">\n\t\t\t\t\t\t<section class=\"elementor-section elementor-top-section elementor-element elementor-element-8bb2563 ot-traditional elementor-section-boxed elementor-section-height-default elementor-section-height-default\" data-id=\"8bb2563\" data-element_type=\"section\">\n\t\t\t\t\t\t<div class=\"elementor-container elementor-column-gap-default\">\n\t\t\t\t\t<div class=\"elementor-column elementor-col-100 elementor-top-column elementor-element elementor-element-5fdfaad ot-flex-column-vertical\" data-id=\"5fdfaad\" data-element_type=\"column\">\n\t\t\t<div class=\"elementor-widget-wrap elementor-element-populated\">\n\t\t\t\t\t\t<div class=\"elementor-element elementor-element-382cf34 elementor-widget elementor-widget-iheading\" data-id=\"382cf34\" data-element_type=\"widget\" data-widget_type=\"iheading.default\">\n\t\t\t\t<div class=\"elementor-widget-container\">\n\t\t\t\t\t<div class=\"ot-heading\">\r\n\t        \t            <span>\/\/ Regulations<\/span>\r\n\t        <h1 class=\"main-heading\">Decskill Information Security Policy<\/h1>\t    <\/div>\r\n\t    \t\t<\/div>\n\t\t\t\t<\/div>\n\t\t\t\t\t<\/div>\n\t\t<\/div>\n\t\t\t\t\t<\/div>\n\t\t<\/section>\n\t\t\t\t<section class=\"elementor-section elementor-top-section elementor-element elementor-element-6046ff6 ot-traditional elementor-section-boxed elementor-section-height-default elementor-section-height-default\" data-id=\"6046ff6\" data-element_type=\"section\">\n\t\t\t\t\t\t<div class=\"elementor-container elementor-column-gap-default\">\n\t\t\t\t\t<div class=\"elementor-column elementor-col-100 elementor-top-column elementor-element elementor-element-6b4e00b ot-flex-column-vertical\" data-id=\"6b4e00b\" data-element_type=\"column\">\n\t\t\t<div class=\"elementor-widget-wrap elementor-element-populated\">\n\t\t\t\t\t\t<div class=\"elementor-element elementor-element-a4bdaf6 elementor-widget elementor-widget-text-editor\" data-id=\"a4bdaf6\" data-element_type=\"widget\" data-widget_type=\"text-editor.default\">\n\t\t\t\t<div class=\"elementor-widget-container\">\n\t\t\t\t\t\t\t<p>Decskill prioritizes ensuring protection in access, processing, safeguarding, and transmission of information, guaranteeing its <strong>confidentiality, integrity, and availability<\/strong>. The commitment to information security extends across all areas of the organization and aligns with <strong>legal, regulatory, and contractual requirements<\/strong>, as well as international standards such as <strong>ISO 27001<\/strong>.<\/p><p>To safeguard information assets, Decskill has implemented an<strong> Information Security Management System (ISMS)<\/strong>, consisting of policies, processes, and procedures that are continuously reviewed and improved based on risk assessments.<\/p><h5><strong>Fundamental Principles<\/strong><\/h5><p>The Decskill Information Security Policy is based on the following principles:<\/p><p>\u2714 Protection against unauthorized access;<br \/>\u2714 Guarantee of information confidentiality and integrity;<br \/>\u2714 Compliance with applicable laws and regulations;<br \/>\u2714 Implementation and regular testing of business continuity plans;<br \/>\u2714 Effective monitoring, detection, and response to security incidents;<br \/>\u2714 Continuous awareness and training in information security.<\/p><h5><strong>Responsibilities<\/strong><\/h5><p>Decskill clearly defines responsibilities within the ISMS:<\/p><ul><li><strong>Management &#8211; <\/strong>Approves policies and ensures ISMS implementation;<\/li><li><strong>CISO &#8211;<\/strong> Responsible for ISO 27001 certification and ISMS operations monitoring;<\/li><li><strong>Cybersecurity Committee &#8211;<\/strong> Oversees and supports ISMS compliance;<\/li><li><strong>Data Protection Officer (DPO) &#8211;<\/strong> Ensures GDPR compliance and interaction with the Data Protection Authority;<\/li><li><strong>Employees and Third Parties &#8211;<\/strong> Must comply with policies and report security incidents.<\/li><\/ul><p>Decskill maintains an ongoing commitment to<strong> improving information security<\/strong>, protecting its assets, and ensuring the trust of clients and partners.<\/p>\t\t\t\t\t\t<\/div>\n\t\t\t\t<\/div>\n\t\t\t\t\t<\/div>\n\t\t<\/div>\n\t\t\t\t\t<\/div>\n\t\t<\/section>\n\t\t\t\t<\/div>\n\t\t","protected":false},"excerpt":{"rendered":"<p>\/\/ Regulations Decskill Information Security Policy Decskill prioritizes ensuring protection in access, processing, safeguarding, and transmission of information, guaranteeing its confidentiality, integrity, and availability. The commitment to information security extends across all areas of the organization and aligns with legal, regulatory, and contractual requirements, as well as international standards such as ISO 27001. To safeguard [&hellip;]<\/p>\n","protected":false},"author":2,"featured_media":0,"parent":0,"menu_order":0,"comment_status":"closed","ping_status":"closed","template":"","meta":{"footnotes":""},"class_list":["post-13142","page","type-page","status-publish","hentry"],"yoast_head":"<!-- This site is optimized with the Yoast SEO plugin v23.6 - https:\/\/yoast.com\/wordpress\/plugins\/seo\/ -->\n<title>Information Security Policy - Decskill<\/title>\n<meta name=\"robots\" content=\"index, follow, max-snippet:-1, max-image-preview:large, max-video-preview:-1\" \/>\n<link rel=\"canonical\" href=\"https:\/\/decskill.com\/en\/information-security-policy\/\" \/>\n<meta property=\"og:locale\" content=\"en_US\" \/>\n<meta property=\"og:type\" content=\"article\" \/>\n<meta property=\"og:title\" content=\"Information Security Policy - Decskill\" \/>\n<meta property=\"og:description\" content=\"\/\/ Regulations Decskill Information Security Policy Decskill prioritizes ensuring protection in access, processing, safeguarding, and transmission of information, guaranteeing its confidentiality, integrity, and availability. The commitment to information security extends across all areas of the organization and aligns with legal, regulatory, and contractual requirements, as well as international standards such as ISO 27001. To safeguard [&hellip;]\" \/>\n<meta property=\"og:url\" content=\"https:\/\/decskill.com\/en\/information-security-policy\/\" \/>\n<meta property=\"og:site_name\" content=\"Decskill\" \/>\n<meta property=\"article:publisher\" content=\"https:\/\/www.facebook.com\/Decskill\/\" \/>\n<meta property=\"article:modified_time\" content=\"2025-02-04T10:06:52+00:00\" \/>\n<meta name=\"twitter:card\" content=\"summary_large_image\" \/>\n<meta name=\"twitter:label1\" content=\"Est. reading time\" \/>\n\t<meta name=\"twitter:data1\" content=\"2 minutes\" \/>\n<script type=\"application\/ld+json\" class=\"yoast-schema-graph\">{\"@context\":\"https:\/\/schema.org\",\"@graph\":[{\"@type\":\"WebPage\",\"@id\":\"https:\/\/decskill.com\/en\/information-security-policy\/\",\"url\":\"https:\/\/decskill.com\/en\/information-security-policy\/\",\"name\":\"Information Security Policy - Decskill\",\"isPartOf\":{\"@id\":\"https:\/\/decskill.com\/#website\"},\"datePublished\":\"2025-02-03T17:56:28+00:00\",\"dateModified\":\"2025-02-04T10:06:52+00:00\",\"breadcrumb\":{\"@id\":\"https:\/\/decskill.com\/en\/information-security-policy\/#breadcrumb\"},\"inLanguage\":\"en-US\",\"potentialAction\":[{\"@type\":\"ReadAction\",\"target\":[\"https:\/\/decskill.com\/en\/information-security-policy\/\"]}]},{\"@type\":\"BreadcrumbList\",\"@id\":\"https:\/\/decskill.com\/en\/information-security-policy\/#breadcrumb\",\"itemListElement\":[{\"@type\":\"ListItem\",\"position\":1,\"name\":\"Home\",\"item\":\"https:\/\/decskill.com\/en\/\"},{\"@type\":\"ListItem\",\"position\":2,\"name\":\"Information Security Policy\"}]},{\"@type\":\"WebSite\",\"@id\":\"https:\/\/decskill.com\/#website\",\"url\":\"https:\/\/decskill.com\/\",\"name\":\"Decskill\",\"description\":\"Capacitamos empresas para os desafios da transforma\u00e7\u00e3o digital disponibilizando capacita\u00e7\u00e3o tecnol\u00f3gica: DECSKILL TALENT - IT Outsourcing &amp; Human resources | DECSKILL BOOST \u2013 IT Services &amp; Centers of Excellence | DECSKILL CONNECT \u2013 IT Infrastructure Modernization\",\"publisher\":{\"@id\":\"https:\/\/decskill.com\/#organization\"},\"potentialAction\":[{\"@type\":\"SearchAction\",\"target\":{\"@type\":\"EntryPoint\",\"urlTemplate\":\"https:\/\/decskill.com\/?s={search_term_string}\"},\"query-input\":{\"@type\":\"PropertyValueSpecification\",\"valueRequired\":true,\"valueName\":\"search_term_string\"}}],\"inLanguage\":\"en-US\"},{\"@type\":\"Organization\",\"@id\":\"https:\/\/decskill.com\/#organization\",\"name\":\"Decskill\",\"url\":\"https:\/\/decskill.com\/\",\"logo\":{\"@type\":\"ImageObject\",\"inLanguage\":\"en-US\",\"@id\":\"https:\/\/decskill.com\/#\/schema\/logo\/image\/\",\"url\":\"https:\/\/decskill.com\/wp-content\/uploads\/2020\/09\/Logo.svg\",\"contentUrl\":\"https:\/\/decskill.com\/wp-content\/uploads\/2020\/09\/Logo.svg\",\"width\":181,\"height\":39,\"caption\":\"Decskill\"},\"image\":{\"@id\":\"https:\/\/decskill.com\/#\/schema\/logo\/image\/\"},\"sameAs\":[\"https:\/\/www.facebook.com\/Decskill\/\",\"https:\/\/www.instagram.com\/decskill_\/\",\"https:\/\/www.linkedin.com\/company\/decskill\/\",\"https:\/\/www.youtube.com\/channel\/UCbafHaCzLABxm2BpHsJA4tA\"]}]}<\/script>\n<!-- \/ Yoast SEO plugin. -->","yoast_head_json":{"title":"Information Security Policy - Decskill","robots":{"index":"index","follow":"follow","max-snippet":"max-snippet:-1","max-image-preview":"max-image-preview:large","max-video-preview":"max-video-preview:-1"},"canonical":"https:\/\/decskill.com\/en\/information-security-policy\/","og_locale":"en_US","og_type":"article","og_title":"Information Security Policy - Decskill","og_description":"\/\/ Regulations Decskill Information Security Policy Decskill prioritizes ensuring protection in access, processing, safeguarding, and transmission of information, guaranteeing its confidentiality, integrity, and availability. The commitment to information security extends across all areas of the organization and aligns with legal, regulatory, and contractual requirements, as well as international standards such as ISO 27001. To safeguard [&hellip;]","og_url":"https:\/\/decskill.com\/en\/information-security-policy\/","og_site_name":"Decskill","article_publisher":"https:\/\/www.facebook.com\/Decskill\/","article_modified_time":"2025-02-04T10:06:52+00:00","twitter_card":"summary_large_image","twitter_misc":{"Est. reading time":"2 minutes"},"schema":{"@context":"https:\/\/schema.org","@graph":[{"@type":"WebPage","@id":"https:\/\/decskill.com\/en\/information-security-policy\/","url":"https:\/\/decskill.com\/en\/information-security-policy\/","name":"Information Security Policy - Decskill","isPartOf":{"@id":"https:\/\/decskill.com\/#website"},"datePublished":"2025-02-03T17:56:28+00:00","dateModified":"2025-02-04T10:06:52+00:00","breadcrumb":{"@id":"https:\/\/decskill.com\/en\/information-security-policy\/#breadcrumb"},"inLanguage":"en-US","potentialAction":[{"@type":"ReadAction","target":["https:\/\/decskill.com\/en\/information-security-policy\/"]}]},{"@type":"BreadcrumbList","@id":"https:\/\/decskill.com\/en\/information-security-policy\/#breadcrumb","itemListElement":[{"@type":"ListItem","position":1,"name":"Home","item":"https:\/\/decskill.com\/en\/"},{"@type":"ListItem","position":2,"name":"Information Security Policy"}]},{"@type":"WebSite","@id":"https:\/\/decskill.com\/#website","url":"https:\/\/decskill.com\/","name":"Decskill","description":"Capacitamos empresas para os desafios da transforma\u00e7\u00e3o digital disponibilizando capacita\u00e7\u00e3o tecnol\u00f3gica: DECSKILL TALENT - IT Outsourcing &amp; Human resources | DECSKILL BOOST \u2013 IT Services &amp; Centers of Excellence | DECSKILL CONNECT \u2013 IT Infrastructure Modernization","publisher":{"@id":"https:\/\/decskill.com\/#organization"},"potentialAction":[{"@type":"SearchAction","target":{"@type":"EntryPoint","urlTemplate":"https:\/\/decskill.com\/?s={search_term_string}"},"query-input":{"@type":"PropertyValueSpecification","valueRequired":true,"valueName":"search_term_string"}}],"inLanguage":"en-US"},{"@type":"Organization","@id":"https:\/\/decskill.com\/#organization","name":"Decskill","url":"https:\/\/decskill.com\/","logo":{"@type":"ImageObject","inLanguage":"en-US","@id":"https:\/\/decskill.com\/#\/schema\/logo\/image\/","url":"https:\/\/decskill.com\/wp-content\/uploads\/2020\/09\/Logo.svg","contentUrl":"https:\/\/decskill.com\/wp-content\/uploads\/2020\/09\/Logo.svg","width":181,"height":39,"caption":"Decskill"},"image":{"@id":"https:\/\/decskill.com\/#\/schema\/logo\/image\/"},"sameAs":["https:\/\/www.facebook.com\/Decskill\/","https:\/\/www.instagram.com\/decskill_\/","https:\/\/www.linkedin.com\/company\/decskill\/","https:\/\/www.youtube.com\/channel\/UCbafHaCzLABxm2BpHsJA4tA"]}]}},"_links":{"self":[{"href":"https:\/\/decskill.com\/en\/wp-json\/wp\/v2\/pages\/13142"}],"collection":[{"href":"https:\/\/decskill.com\/en\/wp-json\/wp\/v2\/pages"}],"about":[{"href":"https:\/\/decskill.com\/en\/wp-json\/wp\/v2\/types\/page"}],"author":[{"embeddable":true,"href":"https:\/\/decskill.com\/en\/wp-json\/wp\/v2\/users\/2"}],"replies":[{"embeddable":true,"href":"https:\/\/decskill.com\/en\/wp-json\/wp\/v2\/comments?post=13142"}],"version-history":[{"count":5,"href":"https:\/\/decskill.com\/en\/wp-json\/wp\/v2\/pages\/13142\/revisions"}],"predecessor-version":[{"id":13179,"href":"https:\/\/decskill.com\/en\/wp-json\/wp\/v2\/pages\/13142\/revisions\/13179"}],"wp:attachment":[{"href":"https:\/\/decskill.com\/en\/wp-json\/wp\/v2\/media?parent=13142"}],"curies":[{"name":"wp","href":"https:\/\/api.w.org\/{rel}","templated":true}]}}