{"id":13227,"date":"2026-03-16T14:38:46","date_gmt":"2026-03-16T14:38:46","guid":{"rendered":"https:\/\/decskill.com\/?page_id=13227"},"modified":"2026-03-17T10:37:24","modified_gmt":"2026-03-17T10:37:24","slug":"quality-policy","status":"publish","type":"page","link":"https:\/\/decskill.com\/en\/quality-policy\/","title":{"rendered":"Quality Policy"},"content":{"rendered":"\t\t<div data-elementor-type=\"wp-page\" data-elementor-id=\"13227\" class=\"elementor elementor-13227 elementor-13226\">\n\t\t\t\t\t\t<section class=\"elementor-section elementor-top-section elementor-element elementor-element-8bb2563 ot-traditional elementor-section-boxed elementor-section-height-default elementor-section-height-default\" data-id=\"8bb2563\" data-element_type=\"section\">\n\t\t\t\t\t\t<div class=\"elementor-container elementor-column-gap-default\">\n\t\t\t\t\t<div class=\"elementor-column elementor-col-100 elementor-top-column elementor-element elementor-element-5fdfaad ot-flex-column-vertical\" data-id=\"5fdfaad\" data-element_type=\"column\">\n\t\t\t<div class=\"elementor-widget-wrap elementor-element-populated\">\n\t\t\t\t\t\t<div class=\"elementor-element elementor-element-382cf34 elementor-widget elementor-widget-iheading\" data-id=\"382cf34\" data-element_type=\"widget\" data-widget_type=\"iheading.default\">\n\t\t\t\t<div class=\"elementor-widget-container\">\n\t\t\t\t\t<div class=\"ot-heading\">\r\n\t        \t            <span>\/\/ Regulations<\/span>\r\n\t        <h1 class=\"main-heading\">Quality Policy <\/h1>\t    <\/div>\r\n\t    \t\t<\/div>\n\t\t\t\t<\/div>\n\t\t\t\t\t<\/div>\n\t\t<\/div>\n\t\t\t\t\t<\/div>\n\t\t<\/section>\n\t\t\t\t<section class=\"elementor-section elementor-top-section elementor-element elementor-element-6046ff6 ot-traditional elementor-section-boxed elementor-section-height-default elementor-section-height-default\" data-id=\"6046ff6\" data-element_type=\"section\">\n\t\t\t\t\t\t<div class=\"elementor-container elementor-column-gap-default\">\n\t\t\t\t\t<div class=\"elementor-column elementor-col-100 elementor-top-column elementor-element elementor-element-6b4e00b ot-flex-column-vertical\" data-id=\"6b4e00b\" data-element_type=\"column\">\n\t\t\t<div class=\"elementor-widget-wrap elementor-element-populated\">\n\t\t\t\t\t\t<div class=\"elementor-element elementor-element-a4bdaf6 elementor-widget elementor-widget-text-editor\" data-id=\"a4bdaf6\" data-element_type=\"widget\" data-widget_type=\"text-editor.default\">\n\t\t\t\t<div class=\"elementor-widget-container\">\n\t\t\t\t\t\t\t<p>The Quality Policy of Decskill aims to ensure the continuous adaptation of the company to the dynamism and demands of the Information and Communication Technologies sector, encouraging the involvement of all our employees in pursuing the objectives expressed in our mission, vision, values, and annual goals.<\/p>\n<p><strong>Mission<\/strong><\/p>\n<p>Our mission is to deliver value through knowledge, and it is the pursuit of this purpose that motivates us daily to become better, more informed, innovative, and competitive. We believe that delivering value through knowledge is achieved from three perspectives:<\/p>\n<p><strong>People<\/strong>: through people, their ability to understand and master technology, and the deep knowledge they possess of each specific economic sector.<\/p>\n<p><strong>Services<\/strong>: through our services and solutions, where knowledge of business processes is crucial and makes the difference.<\/p>\n<p><strong>Methodologies<\/strong>: through methodologies, where our expertise in Agile practices, training, coaching, as well as modern service delivery models in the development area, are key differentiators.<\/p>\n<p><strong>Vision<\/strong><\/p>\n<p>To be the global meeting point of a digital community that shares, in an intense and innovative way, a committed attitude towards the current digital transformation.<\/p>\n<p><strong>Values<\/strong><\/p>\n<p>Decskill is guided by a well-defined principle: each client is a priority.<br \/>We build close relationships based on integrity and conduct, always striving for the highest standards of effectiveness. We are driven by a clear ambition: to consistently exceed expectations, no matter how high they may be.<\/p>\n<p>In this way, our values can be summarized as:<\/p>\n<p><strong>TRANSPARENCY \/ AGILITY \/ PROXIMITY \/ INNOVATION<\/strong><\/p>\n<p><strong>Objectives<\/strong><\/p>\n<p>Decskill\u2019s Quality Policy is supported by a set of objectives defined annually by the management team during the strategic planning cycle, aiming to strengthen the organization\u2019s continuous improvement while ensuring the satisfaction of our clients, employees, partners, shareholders, and other stakeholders.<\/p>\n<p>In this context, three types of objectives are considered:<\/p>\n<p><strong>\u2022 Strategic<\/strong><br \/><strong>\u2022 Operational<\/strong><br \/><strong>\u2022 Financial<\/strong><\/p>\n<p>Each objective is associated with a KPI (Key Performance Indicator) that is monitored according to the established frequency.<\/p>\n\t\t\t\t\t\t<\/div>\n\t\t\t\t<\/div>\n\t\t\t\t\t<\/div>\n\t\t<\/div>\n\t\t\t\t\t<\/div>\n\t\t<\/section>\n\t\t\t\t<\/div>\n\t\t","protected":false},"excerpt":{"rendered":"<p>\/\/ Regulations Quality Policy The Quality Policy of Decskill aims to ensure the continuous adaptation of the company to the dynamism and demands of the Information and Communication Technologies sector, encouraging the involvement of all our employees in pursuing the objectives expressed in our mission, vision, values, and annual goals. Mission Our mission is to [&hellip;]<\/p>\n","protected":false},"author":2,"featured_media":0,"parent":0,"menu_order":0,"comment_status":"closed","ping_status":"closed","template":"","meta":{"footnotes":""},"class_list":["post-13227","page","type-page","status-publish","hentry"],"yoast_head":"<!-- This site is optimized with the Yoast SEO plugin v23.6 - https:\/\/yoast.com\/wordpress\/plugins\/seo\/ -->\n<title>Quality Policy - Decskill<\/title>\n<meta name=\"robots\" content=\"index, follow, max-snippet:-1, max-image-preview:large, max-video-preview:-1\" \/>\n<link rel=\"canonical\" href=\"https:\/\/decskill.com\/en\/quality-policy\/\" \/>\n<meta property=\"og:locale\" content=\"en_US\" \/>\n<meta property=\"og:type\" content=\"article\" \/>\n<meta property=\"og:title\" content=\"Quality Policy - Decskill\" \/>\n<meta property=\"og:description\" content=\"\/\/ Regulations Quality Policy The Quality Policy of Decskill aims to ensure the continuous adaptation of the company to the dynamism and demands of the Information and Communication Technologies sector, encouraging the involvement of all our employees in pursuing the objectives expressed in our mission, vision, values, and annual goals. Mission Our mission is to [&hellip;]\" \/>\n<meta property=\"og:url\" content=\"https:\/\/decskill.com\/en\/quality-policy\/\" \/>\n<meta property=\"og:site_name\" content=\"Decskill\" \/>\n<meta property=\"article:publisher\" content=\"https:\/\/www.facebook.com\/Decskill\/\" \/>\n<meta property=\"article:modified_time\" content=\"2026-03-17T10:37:24+00:00\" \/>\n<meta name=\"twitter:card\" content=\"summary_large_image\" \/>\n<meta name=\"twitter:label1\" content=\"Est. reading time\" \/>\n\t<meta name=\"twitter:data1\" content=\"2 minutes\" \/>\n<script type=\"application\/ld+json\" class=\"yoast-schema-graph\">{\"@context\":\"https:\/\/schema.org\",\"@graph\":[{\"@type\":\"WebPage\",\"@id\":\"https:\/\/decskill.com\/en\/quality-policy\/\",\"url\":\"https:\/\/decskill.com\/en\/quality-policy\/\",\"name\":\"Quality Policy - Decskill\",\"isPartOf\":{\"@id\":\"https:\/\/decskill.com\/#website\"},\"datePublished\":\"2026-03-16T14:38:46+00:00\",\"dateModified\":\"2026-03-17T10:37:24+00:00\",\"breadcrumb\":{\"@id\":\"https:\/\/decskill.com\/en\/quality-policy\/#breadcrumb\"},\"inLanguage\":\"en-US\",\"potentialAction\":[{\"@type\":\"ReadAction\",\"target\":[\"https:\/\/decskill.com\/en\/quality-policy\/\"]}]},{\"@type\":\"BreadcrumbList\",\"@id\":\"https:\/\/decskill.com\/en\/quality-policy\/#breadcrumb\",\"itemListElement\":[{\"@type\":\"ListItem\",\"position\":1,\"name\":\"Home\",\"item\":\"https:\/\/decskill.com\/en\/\"},{\"@type\":\"ListItem\",\"position\":2,\"name\":\"Quality Policy\"}]},{\"@type\":\"WebSite\",\"@id\":\"https:\/\/decskill.com\/#website\",\"url\":\"https:\/\/decskill.com\/\",\"name\":\"Decskill\",\"description\":\"Capacitamos empresas para os desafios da transforma\u00e7\u00e3o digital disponibilizando capacita\u00e7\u00e3o tecnol\u00f3gica: DECSKILL TALENT - IT Outsourcing &amp; Human resources | DECSKILL BOOST \u2013 IT Services &amp; Centers of Excellence | DECSKILL CONNECT \u2013 IT Infrastructure Modernization\",\"publisher\":{\"@id\":\"https:\/\/decskill.com\/#organization\"},\"potentialAction\":[{\"@type\":\"SearchAction\",\"target\":{\"@type\":\"EntryPoint\",\"urlTemplate\":\"https:\/\/decskill.com\/?s={search_term_string}\"},\"query-input\":{\"@type\":\"PropertyValueSpecification\",\"valueRequired\":true,\"valueName\":\"search_term_string\"}}],\"inLanguage\":\"en-US\"},{\"@type\":\"Organization\",\"@id\":\"https:\/\/decskill.com\/#organization\",\"name\":\"Decskill\",\"url\":\"https:\/\/decskill.com\/\",\"logo\":{\"@type\":\"ImageObject\",\"inLanguage\":\"en-US\",\"@id\":\"https:\/\/decskill.com\/#\/schema\/logo\/image\/\",\"url\":\"https:\/\/decskill.com\/wp-content\/uploads\/2020\/09\/Logo.svg\",\"contentUrl\":\"https:\/\/decskill.com\/wp-content\/uploads\/2020\/09\/Logo.svg\",\"width\":181,\"height\":39,\"caption\":\"Decskill\"},\"image\":{\"@id\":\"https:\/\/decskill.com\/#\/schema\/logo\/image\/\"},\"sameAs\":[\"https:\/\/www.facebook.com\/Decskill\/\",\"https:\/\/www.instagram.com\/decskill_\/\",\"https:\/\/www.linkedin.com\/company\/decskill\/\",\"https:\/\/www.youtube.com\/channel\/UCbafHaCzLABxm2BpHsJA4tA\"]}]}<\/script>\n<!-- \/ Yoast SEO plugin. -->","yoast_head_json":{"title":"Quality Policy - Decskill","robots":{"index":"index","follow":"follow","max-snippet":"max-snippet:-1","max-image-preview":"max-image-preview:large","max-video-preview":"max-video-preview:-1"},"canonical":"https:\/\/decskill.com\/en\/quality-policy\/","og_locale":"en_US","og_type":"article","og_title":"Quality Policy - Decskill","og_description":"\/\/ Regulations Quality Policy The Quality Policy of Decskill aims to ensure the continuous adaptation of the company to the dynamism and demands of the Information and Communication Technologies sector, encouraging the involvement of all our employees in pursuing the objectives expressed in our mission, vision, values, and annual goals. Mission Our mission is to [&hellip;]","og_url":"https:\/\/decskill.com\/en\/quality-policy\/","og_site_name":"Decskill","article_publisher":"https:\/\/www.facebook.com\/Decskill\/","article_modified_time":"2026-03-17T10:37:24+00:00","twitter_card":"summary_large_image","twitter_misc":{"Est. reading time":"2 minutes"},"schema":{"@context":"https:\/\/schema.org","@graph":[{"@type":"WebPage","@id":"https:\/\/decskill.com\/en\/quality-policy\/","url":"https:\/\/decskill.com\/en\/quality-policy\/","name":"Quality Policy - Decskill","isPartOf":{"@id":"https:\/\/decskill.com\/#website"},"datePublished":"2026-03-16T14:38:46+00:00","dateModified":"2026-03-17T10:37:24+00:00","breadcrumb":{"@id":"https:\/\/decskill.com\/en\/quality-policy\/#breadcrumb"},"inLanguage":"en-US","potentialAction":[{"@type":"ReadAction","target":["https:\/\/decskill.com\/en\/quality-policy\/"]}]},{"@type":"BreadcrumbList","@id":"https:\/\/decskill.com\/en\/quality-policy\/#breadcrumb","itemListElement":[{"@type":"ListItem","position":1,"name":"Home","item":"https:\/\/decskill.com\/en\/"},{"@type":"ListItem","position":2,"name":"Quality Policy"}]},{"@type":"WebSite","@id":"https:\/\/decskill.com\/#website","url":"https:\/\/decskill.com\/","name":"Decskill","description":"Capacitamos empresas para os desafios da transforma\u00e7\u00e3o digital disponibilizando capacita\u00e7\u00e3o tecnol\u00f3gica: DECSKILL TALENT - IT Outsourcing &amp; Human resources | DECSKILL BOOST \u2013 IT Services &amp; Centers of Excellence | DECSKILL CONNECT \u2013 IT Infrastructure Modernization","publisher":{"@id":"https:\/\/decskill.com\/#organization"},"potentialAction":[{"@type":"SearchAction","target":{"@type":"EntryPoint","urlTemplate":"https:\/\/decskill.com\/?s={search_term_string}"},"query-input":{"@type":"PropertyValueSpecification","valueRequired":true,"valueName":"search_term_string"}}],"inLanguage":"en-US"},{"@type":"Organization","@id":"https:\/\/decskill.com\/#organization","name":"Decskill","url":"https:\/\/decskill.com\/","logo":{"@type":"ImageObject","inLanguage":"en-US","@id":"https:\/\/decskill.com\/#\/schema\/logo\/image\/","url":"https:\/\/decskill.com\/wp-content\/uploads\/2020\/09\/Logo.svg","contentUrl":"https:\/\/decskill.com\/wp-content\/uploads\/2020\/09\/Logo.svg","width":181,"height":39,"caption":"Decskill"},"image":{"@id":"https:\/\/decskill.com\/#\/schema\/logo\/image\/"},"sameAs":["https:\/\/www.facebook.com\/Decskill\/","https:\/\/www.instagram.com\/decskill_\/","https:\/\/www.linkedin.com\/company\/decskill\/","https:\/\/www.youtube.com\/channel\/UCbafHaCzLABxm2BpHsJA4tA"]}]}},"_links":{"self":[{"href":"https:\/\/decskill.com\/en\/wp-json\/wp\/v2\/pages\/13227"}],"collection":[{"href":"https:\/\/decskill.com\/en\/wp-json\/wp\/v2\/pages"}],"about":[{"href":"https:\/\/decskill.com\/en\/wp-json\/wp\/v2\/types\/page"}],"author":[{"embeddable":true,"href":"https:\/\/decskill.com\/en\/wp-json\/wp\/v2\/users\/2"}],"replies":[{"embeddable":true,"href":"https:\/\/decskill.com\/en\/wp-json\/wp\/v2\/comments?post=13227"}],"version-history":[{"count":5,"href":"https:\/\/decskill.com\/en\/wp-json\/wp\/v2\/pages\/13227\/revisions"}],"predecessor-version":[{"id":13261,"href":"https:\/\/decskill.com\/en\/wp-json\/wp\/v2\/pages\/13227\/revisions\/13261"}],"wp:attachment":[{"href":"https:\/\/decskill.com\/en\/wp-json\/wp\/v2\/media?parent=13227"}],"curies":[{"name":"wp","href":"https:\/\/api.w.org\/{rel}","templated":true}]}}