{"id":7959,"date":"2023-01-06T18:11:31","date_gmt":"2023-01-06T18:11:31","guid":{"rendered":"https:\/\/decskill.stg.mind-shaker.com\/politica-de-privacidade\/"},"modified":"2024-07-12T11:05:33","modified_gmt":"2024-07-12T11:05:33","slug":"privacy-policy","status":"publish","type":"page","link":"https:\/\/decskill.com\/en\/privacy-policy\/","title":{"rendered":"Privacy Policy"},"content":{"rendered":"\t\t<div data-elementor-type=\"wp-page\" data-elementor-id=\"7959\" class=\"elementor elementor-7959 elementor-6297\">\n\t\t\t\t\t\t<section class=\"elementor-section elementor-top-section elementor-element elementor-element-8bb2563 ot-traditional elementor-section-boxed elementor-section-height-default elementor-section-height-default\" data-id=\"8bb2563\" data-element_type=\"section\">\n\t\t\t\t\t\t<div class=\"elementor-container elementor-column-gap-default\">\n\t\t\t\t\t<div class=\"elementor-column elementor-col-100 elementor-top-column elementor-element elementor-element-5fdfaad ot-flex-column-vertical\" data-id=\"5fdfaad\" data-element_type=\"column\">\n\t\t\t<div class=\"elementor-widget-wrap elementor-element-populated\">\n\t\t\t\t\t\t<div class=\"elementor-element elementor-element-03524bc elementor-widget elementor-widget-iheading\" data-id=\"03524bc\" data-element_type=\"widget\" data-widget_type=\"iheading.default\">\n\t\t\t\t<div class=\"elementor-widget-container\">\n\t\t\t\t\t<div class=\"ot-heading\">\r\n\t        \t            <span>\/\/ Legal<\/span>\r\n\t        <h1 class=\"main-heading\">Privacy Policy<\/h1>\t    <\/div>\r\n\t    \t\t<\/div>\n\t\t\t\t<\/div>\n\t\t\t\t\t<\/div>\n\t\t<\/div>\n\t\t\t\t\t<\/div>\n\t\t<\/section>\n\t\t\t\t<section class=\"elementor-section elementor-top-section elementor-element elementor-element-6046ff6 ot-traditional elementor-section-boxed elementor-section-height-default elementor-section-height-default\" data-id=\"6046ff6\" data-element_type=\"section\">\n\t\t\t\t\t\t<div class=\"elementor-container elementor-column-gap-default\">\n\t\t\t\t\t<div class=\"elementor-column elementor-col-100 elementor-top-column elementor-element elementor-element-6b4e00b ot-flex-column-vertical\" data-id=\"6b4e00b\" data-element_type=\"column\">\n\t\t\t<div class=\"elementor-widget-wrap elementor-element-populated\">\n\t\t\t\t\t\t<div class=\"elementor-element elementor-element-a4bdaf6 elementor-widget elementor-widget-text-editor\" data-id=\"a4bdaf6\" data-element_type=\"widget\" data-widget_type=\"text-editor.default\">\n\t\t\t\t<div class=\"elementor-widget-container\">\n\t\t\t\t\t\t\t<h5><strong>1. Scope of our Privacy Policy<\/strong><\/h5>\n<p>This privacy policy covers this website, as well as other websites that mention the same policy. The Decskill team respects the User\u2019s privacy and processes their personal data in accordance with the laws in force. The data will not be processed for any purposes other than those specified here. The Decskill team reserves the right to update or modify its Privacy Policy at any time, namely in order to adapt it to legislative changes.<\/p>\n<h5><strong>2. For what purposes is the User\u2019s personal data collected?<\/strong><\/h5>\n<p>The data collected in the forms on the website are intended exclusively for processing user requests, and will not be used for any other processing.<\/p>\n<h5><strong>3. Does the Decskill team use the personal data collected for Direct Marketing?<\/strong><\/h5>\n<p>The Decskill team will not use your personal data to send you any unsolicited mail whose content has not received your explicit consent. The Decskill team does not sell or trade your data with third parties.<\/p>\n<h5><strong>4. Who has access to the User\u2019s personal data?<\/strong><\/h5>\n<p>The Decskill team does not disclose any personal data of its Customers and Users to third parties without their consent, except when required by law.<\/p>\n<h5><strong>5. Where is User data stored?<\/strong><\/h5>\n<p>The Decskill team saves the data of its customers and Users on its servers located in the European Union. These servers are protected and maintained to the highest security standards and to comply with applicable privacy laws. If you wish to be removed from our database, you may exercise this right by contacting us through the various means available on the site.<\/p>\n<h5><strong>6. Does the Decskill team use cookies on your website?<\/strong><\/h5>\n<p>The Decskill website uses cookies in certain areas. Cookies are files that store information on the User\u2019s hard drive or browser, allowing websites to recognize you and know that you have visited them before. The User can configure their browser to refuse cookies, however, in this case, the website or parts of it may not function correctly. Cookies are used to monitor and analyze the use of the website, allowing the Decskill team to provide the best user experience.<\/p>\n\t\t\t\t\t\t<\/div>\n\t\t\t\t<\/div>\n\t\t\t\t\t<\/div>\n\t\t<\/div>\n\t\t\t\t\t<\/div>\n\t\t<\/section>\n\t\t\t\t<\/div>\n\t\t","protected":false},"excerpt":{"rendered":"<p>\/\/ Legal Privacy Policy 1. Scope of our Privacy Policy This privacy policy covers this website, as well as other websites that mention the same policy. The Decskill team respects the User\u2019s privacy and processes their personal data in accordance with the laws in force. The data will not be processed for any purposes other [&hellip;]<\/p>\n","protected":false},"author":1,"featured_media":0,"parent":0,"menu_order":0,"comment_status":"closed","ping_status":"closed","template":"","meta":{"footnotes":""},"class_list":["post-7959","page","type-page","status-publish","hentry"],"yoast_head":"<!-- This site is optimized with the Yoast SEO plugin v23.6 - https:\/\/yoast.com\/wordpress\/plugins\/seo\/ -->\n<title>Privacy Policy - Decskill<\/title>\n<meta name=\"robots\" content=\"index, follow, max-snippet:-1, max-image-preview:large, max-video-preview:-1\" \/>\n<link rel=\"canonical\" href=\"https:\/\/decskill.com\/en\/privacy-policy\/\" \/>\n<meta property=\"og:locale\" content=\"en_US\" \/>\n<meta property=\"og:type\" content=\"article\" \/>\n<meta property=\"og:title\" content=\"Privacy Policy - Decskill\" \/>\n<meta property=\"og:description\" content=\"\/\/ Legal Privacy Policy 1. Scope of our Privacy Policy This privacy policy covers this website, as well as other websites that mention the same policy. The Decskill team respects the User\u2019s privacy and processes their personal data in accordance with the laws in force. The data will not be processed for any purposes other [&hellip;]\" \/>\n<meta property=\"og:url\" content=\"https:\/\/decskill.com\/en\/privacy-policy\/\" \/>\n<meta property=\"og:site_name\" content=\"Decskill\" \/>\n<meta property=\"article:publisher\" content=\"https:\/\/www.facebook.com\/Decskill\/\" \/>\n<meta property=\"article:modified_time\" content=\"2024-07-12T11:05:33+00:00\" \/>\n<meta name=\"twitter:card\" content=\"summary_large_image\" \/>\n<meta name=\"twitter:label1\" content=\"Est. reading time\" \/>\n\t<meta name=\"twitter:data1\" content=\"2 minutes\" \/>\n<script type=\"application\/ld+json\" class=\"yoast-schema-graph\">{\"@context\":\"https:\/\/schema.org\",\"@graph\":[{\"@type\":\"WebPage\",\"@id\":\"https:\/\/decskill.com\/en\/privacy-policy\/\",\"url\":\"https:\/\/decskill.com\/en\/privacy-policy\/\",\"name\":\"Privacy Policy - Decskill\",\"isPartOf\":{\"@id\":\"https:\/\/decskill.com\/#website\"},\"datePublished\":\"2023-01-06T18:11:31+00:00\",\"dateModified\":\"2024-07-12T11:05:33+00:00\",\"breadcrumb\":{\"@id\":\"https:\/\/decskill.com\/en\/privacy-policy\/#breadcrumb\"},\"inLanguage\":\"en-US\",\"potentialAction\":[{\"@type\":\"ReadAction\",\"target\":[\"https:\/\/decskill.com\/en\/privacy-policy\/\"]}]},{\"@type\":\"BreadcrumbList\",\"@id\":\"https:\/\/decskill.com\/en\/privacy-policy\/#breadcrumb\",\"itemListElement\":[{\"@type\":\"ListItem\",\"position\":1,\"name\":\"Home\",\"item\":\"https:\/\/decskill.com\/en\/\"},{\"@type\":\"ListItem\",\"position\":2,\"name\":\"Privacy Policy\"}]},{\"@type\":\"WebSite\",\"@id\":\"https:\/\/decskill.com\/#website\",\"url\":\"https:\/\/decskill.com\/\",\"name\":\"Decskill\",\"description\":\"Capacitamos empresas para os desafios da transforma\u00e7\u00e3o digital disponibilizando capacita\u00e7\u00e3o tecnol\u00f3gica: DECSKILL TALENT - IT Outsourcing &amp; Human resources | DECSKILL BOOST \u2013 IT Services &amp; Centers of Excellence | DECSKILL CONNECT \u2013 IT Infrastructure Modernization\",\"publisher\":{\"@id\":\"https:\/\/decskill.com\/#organization\"},\"potentialAction\":[{\"@type\":\"SearchAction\",\"target\":{\"@type\":\"EntryPoint\",\"urlTemplate\":\"https:\/\/decskill.com\/?s={search_term_string}\"},\"query-input\":{\"@type\":\"PropertyValueSpecification\",\"valueRequired\":true,\"valueName\":\"search_term_string\"}}],\"inLanguage\":\"en-US\"},{\"@type\":\"Organization\",\"@id\":\"https:\/\/decskill.com\/#organization\",\"name\":\"Decskill\",\"url\":\"https:\/\/decskill.com\/\",\"logo\":{\"@type\":\"ImageObject\",\"inLanguage\":\"en-US\",\"@id\":\"https:\/\/decskill.com\/#\/schema\/logo\/image\/\",\"url\":\"https:\/\/decskill.com\/wp-content\/uploads\/2020\/09\/Logo.svg\",\"contentUrl\":\"https:\/\/decskill.com\/wp-content\/uploads\/2020\/09\/Logo.svg\",\"width\":181,\"height\":39,\"caption\":\"Decskill\"},\"image\":{\"@id\":\"https:\/\/decskill.com\/#\/schema\/logo\/image\/\"},\"sameAs\":[\"https:\/\/www.facebook.com\/Decskill\/\",\"https:\/\/www.instagram.com\/decskill_\/\",\"https:\/\/www.linkedin.com\/company\/decskill\/\",\"https:\/\/www.youtube.com\/channel\/UCbafHaCzLABxm2BpHsJA4tA\"]}]}<\/script>\n<!-- \/ Yoast SEO plugin. -->","yoast_head_json":{"title":"Privacy Policy - Decskill","robots":{"index":"index","follow":"follow","max-snippet":"max-snippet:-1","max-image-preview":"max-image-preview:large","max-video-preview":"max-video-preview:-1"},"canonical":"https:\/\/decskill.com\/en\/privacy-policy\/","og_locale":"en_US","og_type":"article","og_title":"Privacy Policy - Decskill","og_description":"\/\/ Legal Privacy Policy 1. Scope of our Privacy Policy This privacy policy covers this website, as well as other websites that mention the same policy. The Decskill team respects the User\u2019s privacy and processes their personal data in accordance with the laws in force. The data will not be processed for any purposes other [&hellip;]","og_url":"https:\/\/decskill.com\/en\/privacy-policy\/","og_site_name":"Decskill","article_publisher":"https:\/\/www.facebook.com\/Decskill\/","article_modified_time":"2024-07-12T11:05:33+00:00","twitter_card":"summary_large_image","twitter_misc":{"Est. reading time":"2 minutes"},"schema":{"@context":"https:\/\/schema.org","@graph":[{"@type":"WebPage","@id":"https:\/\/decskill.com\/en\/privacy-policy\/","url":"https:\/\/decskill.com\/en\/privacy-policy\/","name":"Privacy Policy - Decskill","isPartOf":{"@id":"https:\/\/decskill.com\/#website"},"datePublished":"2023-01-06T18:11:31+00:00","dateModified":"2024-07-12T11:05:33+00:00","breadcrumb":{"@id":"https:\/\/decskill.com\/en\/privacy-policy\/#breadcrumb"},"inLanguage":"en-US","potentialAction":[{"@type":"ReadAction","target":["https:\/\/decskill.com\/en\/privacy-policy\/"]}]},{"@type":"BreadcrumbList","@id":"https:\/\/decskill.com\/en\/privacy-policy\/#breadcrumb","itemListElement":[{"@type":"ListItem","position":1,"name":"Home","item":"https:\/\/decskill.com\/en\/"},{"@type":"ListItem","position":2,"name":"Privacy Policy"}]},{"@type":"WebSite","@id":"https:\/\/decskill.com\/#website","url":"https:\/\/decskill.com\/","name":"Decskill","description":"Capacitamos empresas para os desafios da transforma\u00e7\u00e3o digital disponibilizando capacita\u00e7\u00e3o tecnol\u00f3gica: DECSKILL TALENT - IT Outsourcing &amp; Human resources | DECSKILL BOOST \u2013 IT Services &amp; Centers of Excellence | DECSKILL CONNECT \u2013 IT Infrastructure Modernization","publisher":{"@id":"https:\/\/decskill.com\/#organization"},"potentialAction":[{"@type":"SearchAction","target":{"@type":"EntryPoint","urlTemplate":"https:\/\/decskill.com\/?s={search_term_string}"},"query-input":{"@type":"PropertyValueSpecification","valueRequired":true,"valueName":"search_term_string"}}],"inLanguage":"en-US"},{"@type":"Organization","@id":"https:\/\/decskill.com\/#organization","name":"Decskill","url":"https:\/\/decskill.com\/","logo":{"@type":"ImageObject","inLanguage":"en-US","@id":"https:\/\/decskill.com\/#\/schema\/logo\/image\/","url":"https:\/\/decskill.com\/wp-content\/uploads\/2020\/09\/Logo.svg","contentUrl":"https:\/\/decskill.com\/wp-content\/uploads\/2020\/09\/Logo.svg","width":181,"height":39,"caption":"Decskill"},"image":{"@id":"https:\/\/decskill.com\/#\/schema\/logo\/image\/"},"sameAs":["https:\/\/www.facebook.com\/Decskill\/","https:\/\/www.instagram.com\/decskill_\/","https:\/\/www.linkedin.com\/company\/decskill\/","https:\/\/www.youtube.com\/channel\/UCbafHaCzLABxm2BpHsJA4tA"]}]}},"_links":{"self":[{"href":"https:\/\/decskill.com\/en\/wp-json\/wp\/v2\/pages\/7959"}],"collection":[{"href":"https:\/\/decskill.com\/en\/wp-json\/wp\/v2\/pages"}],"about":[{"href":"https:\/\/decskill.com\/en\/wp-json\/wp\/v2\/types\/page"}],"author":[{"embeddable":true,"href":"https:\/\/decskill.com\/en\/wp-json\/wp\/v2\/users\/1"}],"replies":[{"embeddable":true,"href":"https:\/\/decskill.com\/en\/wp-json\/wp\/v2\/comments?post=7959"}],"version-history":[{"count":5,"href":"https:\/\/decskill.com\/en\/wp-json\/wp\/v2\/pages\/7959\/revisions"}],"predecessor-version":[{"id":12913,"href":"https:\/\/decskill.com\/en\/wp-json\/wp\/v2\/pages\/7959\/revisions\/12913"}],"wp:attachment":[{"href":"https:\/\/decskill.com\/en\/wp-json\/wp\/v2\/media?parent=7959"}],"curies":[{"name":"wp","href":"https:\/\/api.w.org\/{rel}","templated":true}]}}