{"id":11772,"date":"2023-01-26T16:42:01","date_gmt":"2023-01-26T16:42:01","guid":{"rendered":"https:\/\/decskill.com\/?page_id=11772"},"modified":"2024-07-12T11:37:18","modified_gmt":"2024-07-12T11:37:18","slug":"coe-low-no-code","status":"publish","type":"page","link":"https:\/\/decskill.com\/es\/coe-low-no-code\/","title":{"rendered":"CoE  Low &#038; No Code"},"content":{"rendered":"\t\t<div data-elementor-type=\"wp-page\" data-elementor-id=\"11772\" class=\"elementor elementor-11772 elementor-11770\">\n\t\t\t\t\t\t<section class=\"elementor-section elementor-top-section elementor-element elementor-element-fe57aaf elementor-section-content-middle ot-traditional elementor-section-boxed elementor-section-height-default elementor-section-height-default\" data-id=\"fe57aaf\" data-element_type=\"section\">\n\t\t\t\t\t\t<div class=\"elementor-container elementor-column-gap-extended\">\n\t\t\t\t\t<div class=\"elementor-column elementor-col-50 elementor-top-column elementor-element elementor-element-de6fb5c ot-flex-column-vertical\" data-id=\"de6fb5c\" data-element_type=\"column\">\n\t\t\t<div class=\"elementor-widget-wrap elementor-element-populated\">\n\t\t\t\t\t\t<div class=\"elementor-element elementor-element-9224844 elementor-widget elementor-widget-iheading\" data-id=\"9224844\" data-element_type=\"widget\" data-widget_type=\"iheading.default\">\n\t\t\t\t<div class=\"elementor-widget-container\">\n\t\t\t\t\t<div class=\"ot-heading\">\r\n\t        \t            <span>\/\/ LOW-CODE  & NO-CODE<\/span>\r\n\t        <h1 class=\"main-heading\">Velocidad en la automatizaci\u00f3n de procesos y Modernizaci\u00f3n de Aplicaciones<\/h1>\t    <\/div>\r\n\t    \t\t<\/div>\n\t\t\t\t<\/div>\n\t\t\t\t<div class=\"elementor-element elementor-element-8e7bd74 elementor-widget elementor-widget-text-editor\" data-id=\"8e7bd74\" data-element_type=\"widget\" data-widget_type=\"text-editor.default\">\n\t\t\t\t<div class=\"elementor-widget-container\">\n\t\t\t\t\t\t\t<p><span style=\"white-space-collapse: preserve;\">Trabajamos con plataformas l\u00edderes en el desarrollo de Low-Code para acelerar la entrega de aplicaciones. El Centro de Excelencia de Low-Code y No-Code aborda una variedad de casos de negocio, incluyendo la mejora de herramientas de soporte empresarial, el acceso a informaci\u00f3n dispersa y su consolidaci\u00f3n en una aplicaci\u00f3n m\u00f3vil.<br \/><\/span><\/p><p><span style=\"white-space-collapse: preserve;\">La transformaci\u00f3n digital trae consigo nuevos desaf\u00edos y requisitos para las organizaciones, dificultando la garant\u00eda de aspectos como la seguridad, el rendimiento, la escalabilidad y la capacitaci\u00f3n de equipos t\u00e9cnicos. El Centro de Excelencia responde a la necesidad de automatizaci\u00f3n de procesos y modernizaci\u00f3n de aplicaciones.<\/span><\/p>\t\t\t\t\t\t<\/div>\n\t\t\t\t<\/div>\n\t\t\t\t\t<\/div>\n\t\t<\/div>\n\t\t\t\t<div class=\"elementor-column elementor-col-50 elementor-top-column elementor-element elementor-element-1831bf9 ot-flex-column-vertical\" data-id=\"1831bf9\" data-element_type=\"column\">\n\t\t\t<div class=\"elementor-widget-wrap elementor-element-populated\">\n\t\t\t\t\t\t<div class=\"elementor-element elementor-element-251fe98 elementor-widget elementor-widget-image\" data-id=\"251fe98\" data-element_type=\"widget\" data-widget_type=\"image.default\">\n\t\t\t\t<div class=\"elementor-widget-container\">\n\t\t\t\t\t\t\t\t\t\t\t\t\t<img fetchpriority=\"high\" decoding=\"async\" width=\"1150\" height=\"739\" src=\"https:\/\/decskill.com\/wp-content\/uploads\/2023\/07\/Group-53-2.png\" class=\"attachment-full size-full wp-image-12365\" alt=\"\" srcset=\"https:\/\/decskill.com\/wp-content\/uploads\/2023\/07\/Group-53-2.png 1150w, https:\/\/decskill.com\/wp-content\/uploads\/2023\/07\/Group-53-2-300x193.png 300w, https:\/\/decskill.com\/wp-content\/uploads\/2023\/07\/Group-53-2-1024x658.png 1024w, https:\/\/decskill.com\/wp-content\/uploads\/2023\/07\/Group-53-2-768x494.png 768w, https:\/\/decskill.com\/wp-content\/uploads\/2023\/07\/Group-53-2-720x463.png 720w\" sizes=\"(max-width: 1150px) 100vw, 1150px\" \/>\t\t\t\t\t\t\t\t\t\t\t\t\t<\/div>\n\t\t\t\t<\/div>\n\t\t\t\t\t<\/div>\n\t\t<\/div>\n\t\t\t\t\t<\/div>\n\t\t<\/section>\n\t\t\t\t<section class=\"elementor-section elementor-top-section elementor-element elementor-element-61d2339 ot-traditional elementor-section-boxed elementor-section-height-default elementor-section-height-default\" data-id=\"61d2339\" data-element_type=\"section\" data-settings=\"{&quot;background_background&quot;:&quot;classic&quot;}\">\n\t\t\t\t\t\t<div class=\"elementor-container elementor-column-gap-default\">\n\t\t\t\t\t<div class=\"elementor-column elementor-col-100 elementor-top-column elementor-element elementor-element-bcb4843 ot-flex-column-vertical\" data-id=\"bcb4843\" data-element_type=\"column\">\n\t\t\t<div class=\"elementor-widget-wrap elementor-element-populated\">\n\t\t\t\t\t\t<div class=\"elementor-element elementor-element-019789b elementor-widget elementor-widget-iheading\" data-id=\"019789b\" data-element_type=\"widget\" data-widget_type=\"iheading.default\">\n\t\t\t\t<div class=\"elementor-widget-container\">\n\t\t\t\t\t<div class=\"ot-heading\">\r\n\t        \t            <span>\/\/ OFERTA<\/span>\r\n\t        <h2 class=\"main-heading\">Adopci\u00f3n de herramientas Low-Code y No-Code para adecuar sus aplicaciones a su negocio<\/h2>\t    <\/div>\r\n\t    \t\t<\/div>\n\t\t\t\t<\/div>\n\t\t\t\t<section class=\"elementor-section elementor-inner-section elementor-element elementor-element-f147f13 elementor-section-boxed elementor-section-height-default elementor-section-height-default\" data-id=\"f147f13\" data-element_type=\"section\" id=\"connect-boxs\">\n\t\t\t\t\t\t<div class=\"elementor-container elementor-column-gap-default\">\n\t\t\t\t\t<div class=\"elementor-column elementor-col-33 elementor-inner-column elementor-element elementor-element-433abd6 ot-flex-column-vertical\" data-id=\"433abd6\" data-element_type=\"column\">\n\t\t\t<div class=\"elementor-widget-wrap elementor-element-populated\">\n\t\t\t\t\t\t<div class=\"elementor-element elementor-element-d37f36c elementor-widget-tablet__width-initial elementor-widget elementor-widget-iserv_box\" data-id=\"d37f36c\" data-element_type=\"widget\" data-widget_type=\"iserv_box.default\">\n\t\t\t\t<div class=\"elementor-widget-container\">\n\t\t\t\r\n\t\t<div class=\"serv-box s1 elementor-animation-\">\r\n\t\t\t\t\t\t<div class=\"icon-main\">\r\n\t\t        \t\t\t    \t\t        \t        <\/div>\r\n\t        <div class=\"content-box\">\r\n\t            <h5>PIENSA<\/h5>\r\n\t            <div>\/\/ Consultor\u00eda centrada en <\/br>el negocio<\/br>\n\/\/ Sprints de Design Thinking para lograr una buena User Experience <\/br>\n\/\/ Servicios de expertos en arquitectura y evaluaci\u00f3n tecnol\u00f3gica <\/br><\/div>\t        <\/div>\r\n\t    <\/div>\r\n\r\n\t    \t\t<\/div>\n\t\t\t\t<\/div>\n\t\t\t\t\t<\/div>\n\t\t<\/div>\n\t\t\t\t<div class=\"elementor-column elementor-col-33 elementor-inner-column elementor-element elementor-element-5e7e219 ot-flex-column-vertical\" data-id=\"5e7e219\" data-element_type=\"column\">\n\t\t\t<div class=\"elementor-widget-wrap elementor-element-populated\">\n\t\t\t\t\t\t<div class=\"elementor-element elementor-element-91b3263 elementor-widget-tablet__width-initial elementor-hidden-mobile elementor-widget elementor-widget-iserv_box\" data-id=\"91b3263\" data-element_type=\"widget\" data-widget_type=\"iserv_box.default\">\n\t\t\t\t<div class=\"elementor-widget-container\">\n\t\t\t\r\n\t\t<div class=\"serv-box s1 elementor-animation-\">\r\n\t\t\t\t\t\t<div class=\"icon-main\">\r\n\t\t        \t\t\t    \t\t        \t        <\/div>\r\n\t        <div class=\"content-box\">\r\n\t            <h5>TRANSFORMA<\/h5>\r\n\t            <div>\/\/ Agile en el n\u00facleo de nuestro proceso<\/br>\n\/\/ Productos y portales digitales<\/br>\n\/\/ Aplicaciones m\u00f3viles para ampliar su negocio <\/br>\n\/\/ Soluciones a medida <\/br>\n\/\/ Proyectos de \u00e1mbito cerrado<\/br><\/div>\t        <\/div>\r\n\t    <\/div>\r\n\r\n\t    \t\t<\/div>\n\t\t\t\t<\/div>\n\t\t\t\t\t<\/div>\n\t\t<\/div>\n\t\t\t\t<div class=\"elementor-column elementor-col-33 elementor-inner-column elementor-element elementor-element-8baf088 ot-flex-column-vertical\" data-id=\"8baf088\" data-element_type=\"column\">\n\t\t\t<div class=\"elementor-widget-wrap elementor-element-populated\">\n\t\t\t\t\t\t<div class=\"elementor-element elementor-element-78eebac elementor-widget-tablet__width-initial elementor-widget elementor-widget-iserv_box\" data-id=\"78eebac\" data-element_type=\"widget\" data-widget_type=\"iserv_box.default\">\n\t\t\t\t<div class=\"elementor-widget-container\">\n\t\t\t\r\n\t\t<div class=\"serv-box s1 elementor-animation-\">\r\n\t\t\t\t\t\t<div class=\"icon-main\">\r\n\t\t        \t\t\t    \t\t        \t        <\/div>\r\n\t        <div class=\"content-box\">\r\n\t            <h5>CRECE<\/h5>\r\n\t            <div>\/\/ Bootcamps de formaci\u00f3n<\/br>\n\/\/ Formaci\u00f3n a medida que se adapta a las necesidades de su equipo<\/br>\n\/\/ Operaci\u00f3n de la Plataforma que asegura la continuidad del negocio<\/br>\n\/\/ Soporte de valor a\u00f1adido<\/br><\/div>\t        <\/div>\r\n\t    <\/div>\r\n\r\n\t    \t\t<\/div>\n\t\t\t\t<\/div>\n\t\t\t\t\t<\/div>\n\t\t<\/div>\n\t\t\t\t\t<\/div>\n\t\t<\/section>\n\t\t\t\t\t<\/div>\n\t\t<\/div>\n\t\t\t\t\t<\/div>\n\t\t<\/section>\n\t\t\t\t<section class=\"elementor-section elementor-top-section elementor-element elementor-element-77318701 ot-traditional elementor-section-boxed elementor-section-height-default elementor-section-height-default\" data-id=\"77318701\" data-element_type=\"section\" data-settings=\"{&quot;background_background&quot;:&quot;classic&quot;}\">\n\t\t\t\t\t\t<div class=\"elementor-container elementor-column-gap-default\">\n\t\t\t\t\t<div class=\"elementor-column elementor-col-100 elementor-top-column elementor-element elementor-element-23fe5a98 ot-flex-column-vertical\" data-id=\"23fe5a98\" data-element_type=\"column\">\n\t\t\t<div class=\"elementor-widget-wrap elementor-element-populated\">\n\t\t\t\t\t\t<div class=\"elementor-element elementor-element-707e5fdc elementor-widget elementor-widget-iheading\" data-id=\"707e5fdc\" data-element_type=\"widget\" data-widget_type=\"iheading.default\">\n\t\t\t\t<div class=\"elementor-widget-container\">\n\t\t\t\t\t<div class=\"ot-heading\">\r\n\t        <h2 class=\"main-heading\">\u00bfSu negocio avanza m\u00e1s r\u00e1pido que sus herramientas tecnol\u00f3gicas?<\/h2>\t    <\/div>\r\n\t    \t\t<\/div>\n\t\t\t\t<\/div>\n\t\t\t\t<div class=\"elementor-element elementor-element-524b0dd4 elementor-widget elementor-widget-text-editor\" data-id=\"524b0dd4\" data-element_type=\"widget\" data-widget_type=\"text-editor.default\">\n\t\t\t\t<div class=\"elementor-widget-container\">\n\t\t\t\t\t\t\t<p><span style=\"white-space-collapse: preserve;\">Apoyamos a las organizaciones en la adopci\u00f3n de herramientas Low-Code y en la creaci\u00f3n de soluciones tecnol\u00f3gicas que satisfacen sus necesidades comerciales en un tiempo oportuno<\/span><\/p>\t\t\t\t\t\t<\/div>\n\t\t\t\t<\/div>\n\t\t\t\t<div class=\"elementor-element elementor-element-8342c7 elementor-align-center btn-white elementor-widget elementor-widget-ibutton\" data-id=\"8342c7\" data-element_type=\"widget\" data-widget_type=\"ibutton.default\">\n\t\t\t\t<div class=\"elementor-widget-container\">\n\t\t\t\t\t<div class=\"ot-button\">\r\n\t\t\t<a href=\"mailto: geral@decskill.com\" class=\"octf-btn octf-btn-primary\">CONT\u00c1CTENOS<\/a>\r\n\t    <\/div>\r\n\t    \t\t<\/div>\n\t\t\t\t<\/div>\n\t\t\t\t\t<\/div>\n\t\t<\/div>\n\t\t\t\t\t<\/div>\n\t\t<\/section>\n\t\t\t\t<section class=\"elementor-section elementor-top-section elementor-element elementor-element-49f48d0 ot-traditional elementor-section-boxed elementor-section-height-default elementor-section-height-default\" data-id=\"49f48d0\" data-element_type=\"section\">\n\t\t\t\t\t\t<div class=\"elementor-container elementor-column-gap-default\">\n\t\t\t\t\t<div class=\"elementor-column elementor-col-100 elementor-top-column elementor-element elementor-element-9d04747 ot-flex-column-vertical\" data-id=\"9d04747\" data-element_type=\"column\">\n\t\t\t<div class=\"elementor-widget-wrap elementor-element-populated\">\n\t\t\t\t\t\t<div class=\"elementor-element elementor-element-14529f8 elementor-widget elementor-widget-iheading\" data-id=\"14529f8\" data-element_type=\"widget\" data-widget_type=\"iheading.default\">\n\t\t\t\t<div class=\"elementor-widget-container\">\n\t\t\t\t\t<div class=\"ot-heading\">\r\n\t        \t            <span>\/\/ Beneficios<\/span>\r\n\t        <h2 class=\"main-heading\">Proporcionamos a las organizaciones soluciones para abordar desaf\u00edos tecnol\u00f3gicos mediante el uso de Low-Code<\/h2>\t    <\/div>\r\n\t    \t\t<\/div>\n\t\t\t\t<\/div>\n\t\t\t\t<div class=\"elementor-element elementor-element-2c2d335 elementor-widget elementor-widget-text-editor\" data-id=\"2c2d335\" data-element_type=\"widget\" data-widget_type=\"text-editor.default\">\n\t\t\t\t<div class=\"elementor-widget-container\">\n\t\t\t\t\t\t\t<p><span style=\"white-space-collapse: preserve;\">Contamos con equipos multidisciplinarios compuestos por Gerentes de Proyecto, Analistas y expertos en UX\/UI que colaboran con los equipos de desarrollo. Nuestro enfoque se centra en agregar valor, garantizando que su negocio obtenga un retorno de inversi\u00f3n a trav\u00e9s de enfoques que priorizan la entrega de las soluciones adecuadas.<br \/><br \/>Empleamos metodolog\u00edas \u00e1giles que aseguran una mayor transparencia con respecto al progreso.<\/span><\/p>\t\t\t\t\t\t<\/div>\n\t\t\t\t<\/div>\n\t\t\t\t\t<\/div>\n\t\t<\/div>\n\t\t\t\t\t<\/div>\n\t\t<\/section>\n\t\t\t\t<\/div>\n\t\t","protected":false},"excerpt":{"rendered":"<p>\/\/ LOW-CODE &#038; NO-CODE Velocidad en la automatizaci\u00f3n de procesos y Modernizaci\u00f3n de Aplicaciones Trabajamos con plataformas l\u00edderes en el desarrollo de Low-Code para acelerar la entrega de aplicaciones. El Centro de Excelencia de Low-Code y No-Code aborda una variedad de casos de negocio, incluyendo la mejora de herramientas de soporte empresarial, el acceso a [&hellip;]<\/p>\n","protected":false},"author":2,"featured_media":0,"parent":0,"menu_order":0,"comment_status":"closed","ping_status":"closed","template":"","meta":{"footnotes":""},"class_list":["post-11772","page","type-page","status-publish","hentry"],"yoast_head":"<!-- This site is optimized with the Yoast SEO plugin v23.6 - https:\/\/yoast.com\/wordpress\/plugins\/seo\/ -->\n<title>CoE Low &amp; No Code - Decskill<\/title>\n<meta name=\"robots\" content=\"index, follow, max-snippet:-1, max-image-preview:large, max-video-preview:-1\" \/>\n<link rel=\"canonical\" href=\"https:\/\/decskill.com\/es\/coe-low-no-code\/\" \/>\n<meta property=\"og:locale\" content=\"es_ES\" \/>\n<meta property=\"og:type\" content=\"article\" \/>\n<meta property=\"og:title\" content=\"CoE Low &amp; No Code - Decskill\" \/>\n<meta property=\"og:description\" content=\"\/\/ LOW-CODE &#038; NO-CODE Velocidad en la automatizaci\u00f3n de procesos y Modernizaci\u00f3n de Aplicaciones Trabajamos con plataformas l\u00edderes en el desarrollo de Low-Code para acelerar la entrega de aplicaciones. El Centro de Excelencia de Low-Code y No-Code aborda una variedad de casos de negocio, incluyendo la mejora de herramientas de soporte empresarial, el acceso a [&hellip;]\" \/>\n<meta property=\"og:url\" content=\"https:\/\/decskill.com\/es\/coe-low-no-code\/\" \/>\n<meta property=\"og:site_name\" content=\"Decskill\" \/>\n<meta property=\"article:publisher\" content=\"https:\/\/www.facebook.com\/Decskill\/\" \/>\n<meta property=\"article:modified_time\" content=\"2024-07-12T11:37:18+00:00\" \/>\n<meta property=\"og:image\" content=\"https:\/\/decskill.com\/wp-content\/uploads\/2023\/07\/Group-53-2.png\" \/>\n<meta name=\"twitter:card\" content=\"summary_large_image\" \/>\n<meta name=\"twitter:label1\" content=\"Tiempo de lectura\" \/>\n\t<meta name=\"twitter:data1\" content=\"2 minutos\" \/>\n<script type=\"application\/ld+json\" class=\"yoast-schema-graph\">{\"@context\":\"https:\/\/schema.org\",\"@graph\":[{\"@type\":\"WebPage\",\"@id\":\"https:\/\/decskill.com\/es\/coe-low-no-code\/\",\"url\":\"https:\/\/decskill.com\/es\/coe-low-no-code\/\",\"name\":\"CoE Low & No Code - Decskill\",\"isPartOf\":{\"@id\":\"https:\/\/decskill.com\/#website\"},\"primaryImageOfPage\":{\"@id\":\"https:\/\/decskill.com\/es\/coe-low-no-code\/#primaryimage\"},\"image\":{\"@id\":\"https:\/\/decskill.com\/es\/coe-low-no-code\/#primaryimage\"},\"thumbnailUrl\":\"https:\/\/decskill.com\/wp-content\/uploads\/2023\/07\/Group-53-2.png\",\"datePublished\":\"2023-01-26T16:42:01+00:00\",\"dateModified\":\"2024-07-12T11:37:18+00:00\",\"breadcrumb\":{\"@id\":\"https:\/\/decskill.com\/es\/coe-low-no-code\/#breadcrumb\"},\"inLanguage\":\"es\",\"potentialAction\":[{\"@type\":\"ReadAction\",\"target\":[\"https:\/\/decskill.com\/es\/coe-low-no-code\/\"]}]},{\"@type\":\"ImageObject\",\"inLanguage\":\"es\",\"@id\":\"https:\/\/decskill.com\/es\/coe-low-no-code\/#primaryimage\",\"url\":\"https:\/\/decskill.com\/wp-content\/uploads\/2023\/07\/Group-53-2.png\",\"contentUrl\":\"https:\/\/decskill.com\/wp-content\/uploads\/2023\/07\/Group-53-2.png\"},{\"@type\":\"BreadcrumbList\",\"@id\":\"https:\/\/decskill.com\/es\/coe-low-no-code\/#breadcrumb\",\"itemListElement\":[{\"@type\":\"ListItem\",\"position\":1,\"name\":\"Home\",\"item\":\"https:\/\/decskill.com\/es\/\"},{\"@type\":\"ListItem\",\"position\":2,\"name\":\"CoE Low &#038; No Code\"}]},{\"@type\":\"WebSite\",\"@id\":\"https:\/\/decskill.com\/#website\",\"url\":\"https:\/\/decskill.com\/\",\"name\":\"Decskill\",\"description\":\"Capacitamos empresas para os desafios da transforma\u00e7\u00e3o digital disponibilizando capacita\u00e7\u00e3o tecnol\u00f3gica: DECSKILL TALENT - IT Outsourcing &amp; Human resources | DECSKILL BOOST \u2013 IT Services &amp; Centers of Excellence | DECSKILL CONNECT \u2013 IT Infrastructure Modernization\",\"publisher\":{\"@id\":\"https:\/\/decskill.com\/#organization\"},\"potentialAction\":[{\"@type\":\"SearchAction\",\"target\":{\"@type\":\"EntryPoint\",\"urlTemplate\":\"https:\/\/decskill.com\/?s={search_term_string}\"},\"query-input\":{\"@type\":\"PropertyValueSpecification\",\"valueRequired\":true,\"valueName\":\"search_term_string\"}}],\"inLanguage\":\"es\"},{\"@type\":\"Organization\",\"@id\":\"https:\/\/decskill.com\/#organization\",\"name\":\"Decskill\",\"url\":\"https:\/\/decskill.com\/\",\"logo\":{\"@type\":\"ImageObject\",\"inLanguage\":\"es\",\"@id\":\"https:\/\/decskill.com\/#\/schema\/logo\/image\/\",\"url\":\"https:\/\/decskill.com\/wp-content\/uploads\/2020\/09\/Logo.svg\",\"contentUrl\":\"https:\/\/decskill.com\/wp-content\/uploads\/2020\/09\/Logo.svg\",\"width\":181,\"height\":39,\"caption\":\"Decskill\"},\"image\":{\"@id\":\"https:\/\/decskill.com\/#\/schema\/logo\/image\/\"},\"sameAs\":[\"https:\/\/www.facebook.com\/Decskill\/\",\"https:\/\/www.instagram.com\/decskill_\/\",\"https:\/\/www.linkedin.com\/company\/decskill\/\",\"https:\/\/www.youtube.com\/channel\/UCbafHaCzLABxm2BpHsJA4tA\"]}]}<\/script>\n<!-- \/ Yoast SEO plugin. -->","yoast_head_json":{"title":"CoE Low & No Code - Decskill","robots":{"index":"index","follow":"follow","max-snippet":"max-snippet:-1","max-image-preview":"max-image-preview:large","max-video-preview":"max-video-preview:-1"},"canonical":"https:\/\/decskill.com\/es\/coe-low-no-code\/","og_locale":"es_ES","og_type":"article","og_title":"CoE Low & No Code - Decskill","og_description":"\/\/ LOW-CODE &#038; NO-CODE Velocidad en la automatizaci\u00f3n de procesos y Modernizaci\u00f3n de Aplicaciones Trabajamos con plataformas l\u00edderes en el desarrollo de Low-Code para acelerar la entrega de aplicaciones. El Centro de Excelencia de Low-Code y No-Code aborda una variedad de casos de negocio, incluyendo la mejora de herramientas de soporte empresarial, el acceso a [&hellip;]","og_url":"https:\/\/decskill.com\/es\/coe-low-no-code\/","og_site_name":"Decskill","article_publisher":"https:\/\/www.facebook.com\/Decskill\/","article_modified_time":"2024-07-12T11:37:18+00:00","og_image":[{"url":"https:\/\/decskill.com\/wp-content\/uploads\/2023\/07\/Group-53-2.png"}],"twitter_card":"summary_large_image","twitter_misc":{"Tiempo de lectura":"2 minutos"},"schema":{"@context":"https:\/\/schema.org","@graph":[{"@type":"WebPage","@id":"https:\/\/decskill.com\/es\/coe-low-no-code\/","url":"https:\/\/decskill.com\/es\/coe-low-no-code\/","name":"CoE Low & No Code - Decskill","isPartOf":{"@id":"https:\/\/decskill.com\/#website"},"primaryImageOfPage":{"@id":"https:\/\/decskill.com\/es\/coe-low-no-code\/#primaryimage"},"image":{"@id":"https:\/\/decskill.com\/es\/coe-low-no-code\/#primaryimage"},"thumbnailUrl":"https:\/\/decskill.com\/wp-content\/uploads\/2023\/07\/Group-53-2.png","datePublished":"2023-01-26T16:42:01+00:00","dateModified":"2024-07-12T11:37:18+00:00","breadcrumb":{"@id":"https:\/\/decskill.com\/es\/coe-low-no-code\/#breadcrumb"},"inLanguage":"es","potentialAction":[{"@type":"ReadAction","target":["https:\/\/decskill.com\/es\/coe-low-no-code\/"]}]},{"@type":"ImageObject","inLanguage":"es","@id":"https:\/\/decskill.com\/es\/coe-low-no-code\/#primaryimage","url":"https:\/\/decskill.com\/wp-content\/uploads\/2023\/07\/Group-53-2.png","contentUrl":"https:\/\/decskill.com\/wp-content\/uploads\/2023\/07\/Group-53-2.png"},{"@type":"BreadcrumbList","@id":"https:\/\/decskill.com\/es\/coe-low-no-code\/#breadcrumb","itemListElement":[{"@type":"ListItem","position":1,"name":"Home","item":"https:\/\/decskill.com\/es\/"},{"@type":"ListItem","position":2,"name":"CoE Low &#038; No Code"}]},{"@type":"WebSite","@id":"https:\/\/decskill.com\/#website","url":"https:\/\/decskill.com\/","name":"Decskill","description":"Capacitamos empresas para os desafios da transforma\u00e7\u00e3o digital disponibilizando capacita\u00e7\u00e3o tecnol\u00f3gica: DECSKILL TALENT - IT Outsourcing &amp; Human resources | DECSKILL BOOST \u2013 IT Services &amp; Centers of Excellence | DECSKILL CONNECT \u2013 IT Infrastructure Modernization","publisher":{"@id":"https:\/\/decskill.com\/#organization"},"potentialAction":[{"@type":"SearchAction","target":{"@type":"EntryPoint","urlTemplate":"https:\/\/decskill.com\/?s={search_term_string}"},"query-input":{"@type":"PropertyValueSpecification","valueRequired":true,"valueName":"search_term_string"}}],"inLanguage":"es"},{"@type":"Organization","@id":"https:\/\/decskill.com\/#organization","name":"Decskill","url":"https:\/\/decskill.com\/","logo":{"@type":"ImageObject","inLanguage":"es","@id":"https:\/\/decskill.com\/#\/schema\/logo\/image\/","url":"https:\/\/decskill.com\/wp-content\/uploads\/2020\/09\/Logo.svg","contentUrl":"https:\/\/decskill.com\/wp-content\/uploads\/2020\/09\/Logo.svg","width":181,"height":39,"caption":"Decskill"},"image":{"@id":"https:\/\/decskill.com\/#\/schema\/logo\/image\/"},"sameAs":["https:\/\/www.facebook.com\/Decskill\/","https:\/\/www.instagram.com\/decskill_\/","https:\/\/www.linkedin.com\/company\/decskill\/","https:\/\/www.youtube.com\/channel\/UCbafHaCzLABxm2BpHsJA4tA"]}]}},"_links":{"self":[{"href":"https:\/\/decskill.com\/es\/wp-json\/wp\/v2\/pages\/11772"}],"collection":[{"href":"https:\/\/decskill.com\/es\/wp-json\/wp\/v2\/pages"}],"about":[{"href":"https:\/\/decskill.com\/es\/wp-json\/wp\/v2\/types\/page"}],"author":[{"embeddable":true,"href":"https:\/\/decskill.com\/es\/wp-json\/wp\/v2\/users\/2"}],"replies":[{"embeddable":true,"href":"https:\/\/decskill.com\/es\/wp-json\/wp\/v2\/comments?post=11772"}],"version-history":[{"count":5,"href":"https:\/\/decskill.com\/es\/wp-json\/wp\/v2\/pages\/11772\/revisions"}],"predecessor-version":[{"id":12974,"href":"https:\/\/decskill.com\/es\/wp-json\/wp\/v2\/pages\/11772\/revisions\/12974"}],"wp:attachment":[{"href":"https:\/\/decskill.com\/es\/wp-json\/wp\/v2\/media?parent=11772"}],"curies":[{"name":"wp","href":"https:\/\/api.w.org\/{rel}","templated":true}]}}