{"id":11884,"date":"2023-02-24T11:59:09","date_gmt":"2023-02-24T11:59:09","guid":{"rendered":"https:\/\/decskill.com\/?page_id=11884"},"modified":"2024-07-12T11:36:23","modified_gmt":"2024-07-12T11:36:23","slug":"coe-rd-and-product","status":"publish","type":"page","link":"https:\/\/decskill.com\/es\/coe-rd-and-product\/","title":{"rendered":"CoE  R&#038;D and Product"},"content":{"rendered":"\t\t<div data-elementor-type=\"wp-page\" data-elementor-id=\"11884\" class=\"elementor elementor-11884 elementor-11882\">\n\t\t\t\t\t\t<section class=\"elementor-section elementor-top-section elementor-element elementor-element-fe57aaf elementor-section-content-middle ot-traditional elementor-section-boxed elementor-section-height-default elementor-section-height-default\" data-id=\"fe57aaf\" data-element_type=\"section\">\n\t\t\t\t\t\t<div class=\"elementor-container elementor-column-gap-extended\">\n\t\t\t\t\t<div class=\"elementor-column elementor-col-50 elementor-top-column elementor-element elementor-element-de6fb5c ot-flex-column-vertical\" data-id=\"de6fb5c\" data-element_type=\"column\">\n\t\t\t<div class=\"elementor-widget-wrap elementor-element-populated\">\n\t\t\t\t\t\t<div class=\"elementor-element elementor-element-15b9779 elementor-widget elementor-widget-iheading\" data-id=\"15b9779\" data-element_type=\"widget\" data-widget_type=\"iheading.default\">\n\t\t\t\t<div class=\"elementor-widget-container\">\n\t\t\t\t\t<div class=\"ot-heading\">\r\n\t        \t            <span>\/\/ R&D and PRODUCT<\/span>\r\n\t        <h1 class=\"main-heading\">Innovar y desarrollar nuevas\ntecnolog\u00edas<\/h1>\t    <\/div>\r\n\t    \t\t<\/div>\n\t\t\t\t<\/div>\n\t\t\t\t<div class=\"elementor-element elementor-element-8e7bd74 elementor-widget elementor-widget-text-editor\" data-id=\"8e7bd74\" data-element_type=\"widget\" data-widget_type=\"text-editor.default\">\n\t\t\t\t<div class=\"elementor-widget-container\">\n\t\t\t\t\t\t\t<p>El Centro de Research &amp; Development es el resultado de la ambici\u00f3n de promover una cultura de innovaci\u00f3n en el desarrollo de software, donde la investigaci\u00f3n, la experimentaci\u00f3n y la productizaci\u00f3n de servicios surgen para explorar nuevas \u00e1reas de negocio.<\/p><p>Este fomento por una cultura de innovaci\u00f3n es tambi\u00e9n parte integrante de la estrategia de Decskill y contribuye para la atracci\u00f3n y retenci\u00f3n de profesionales altamente cualificados.<\/p><p><strong>A qui\u00e9n va dirigido<\/strong><\/p><p>Organizaciones de m\u00faltiples sectores que buscan soluciones innovadoras y de alta calidad para responder a las necesidades y expectativas de sus<br \/>clientes. La colaboraci\u00f3n de estas empresas con nuestro CoE puede ayudarles a desarrollar soluciones a medida, acelerar el proceso de desarrollo<br \/>de productos, reducir los costes de investigaci\u00f3n y desarrollo y estimular la cultura de la innovaci\u00f3n dentro de sus organizaciones.<\/p>\t\t\t\t\t\t<\/div>\n\t\t\t\t<\/div>\n\t\t\t\t\t<\/div>\n\t\t<\/div>\n\t\t\t\t<div class=\"elementor-column elementor-col-50 elementor-top-column elementor-element elementor-element-1831bf9 ot-flex-column-vertical\" data-id=\"1831bf9\" data-element_type=\"column\">\n\t\t\t<div class=\"elementor-widget-wrap elementor-element-populated\">\n\t\t\t\t\t\t<div class=\"elementor-element elementor-element-251fe98 elementor-widget elementor-widget-image\" data-id=\"251fe98\" data-element_type=\"widget\" data-widget_type=\"image.default\">\n\t\t\t\t<div class=\"elementor-widget-container\">\n\t\t\t\t\t\t\t\t\t\t\t\t\t<img fetchpriority=\"high\" decoding=\"async\" width=\"1150\" height=\"876\" src=\"https:\/\/decskill.com\/wp-content\/uploads\/2023\/02\/Frame-44-1.png\" class=\"attachment-full size-full wp-image-11945\" alt=\"\" srcset=\"https:\/\/decskill.com\/wp-content\/uploads\/2023\/02\/Frame-44-1.png 1150w, https:\/\/decskill.com\/wp-content\/uploads\/2023\/02\/Frame-44-1-300x229.png 300w, https:\/\/decskill.com\/wp-content\/uploads\/2023\/02\/Frame-44-1-1024x780.png 1024w, https:\/\/decskill.com\/wp-content\/uploads\/2023\/02\/Frame-44-1-768x585.png 768w, https:\/\/decskill.com\/wp-content\/uploads\/2023\/02\/Frame-44-1-720x548.png 720w\" sizes=\"(max-width: 1150px) 100vw, 1150px\" \/>\t\t\t\t\t\t\t\t\t\t\t\t\t<\/div>\n\t\t\t\t<\/div>\n\t\t\t\t\t<\/div>\n\t\t<\/div>\n\t\t\t\t\t<\/div>\n\t\t<\/section>\n\t\t\t\t<section class=\"elementor-section elementor-top-section elementor-element elementor-element-c1a8d5a ot-traditional elementor-section-boxed elementor-section-height-default elementor-section-height-default\" data-id=\"c1a8d5a\" data-element_type=\"section\" data-settings=\"{&quot;background_background&quot;:&quot;classic&quot;}\">\n\t\t\t\t\t\t<div class=\"elementor-container elementor-column-gap-default\">\n\t\t\t\t\t<div class=\"elementor-column elementor-col-100 elementor-top-column elementor-element elementor-element-083647f ot-flex-column-vertical\" data-id=\"083647f\" data-element_type=\"column\">\n\t\t\t<div class=\"elementor-widget-wrap elementor-element-populated\">\n\t\t\t\t\t\t<div class=\"elementor-element elementor-element-01c64f9 elementor-widget elementor-widget-iheading\" data-id=\"01c64f9\" data-element_type=\"widget\" data-widget_type=\"iheading.default\">\n\t\t\t\t<div class=\"elementor-widget-container\">\n\t\t\t\t\t<div class=\"ot-heading\">\r\n\t        \t            <span>\/\/ OFERTA<\/span>\r\n\t        <h2 class=\"main-heading\">Aceleraci\u00f3n inmediata o futura de su negocio mediante\nservicios que garantizan el uso eficaz de la tecnolog\u00eda<\/h2>\t    <\/div>\r\n\t    \t\t<\/div>\n\t\t\t\t<\/div>\n\t\t\t\t<section class=\"elementor-section elementor-inner-section elementor-element elementor-element-1907642 elementor-section-boxed elementor-section-height-default elementor-section-height-default\" data-id=\"1907642\" data-element_type=\"section\" id=\"connect-boxs\">\n\t\t\t\t\t\t<div class=\"elementor-container elementor-column-gap-default\">\n\t\t\t\t\t<div class=\"elementor-column elementor-col-33 elementor-inner-column elementor-element elementor-element-9f53ef0 ot-flex-column-vertical\" data-id=\"9f53ef0\" data-element_type=\"column\">\n\t\t\t<div class=\"elementor-widget-wrap elementor-element-populated\">\n\t\t\t\t\t\t<div class=\"elementor-element elementor-element-39935d7 elementor-widget-tablet__width-initial elementor-widget elementor-widget-iserv_box\" data-id=\"39935d7\" data-element_type=\"widget\" data-widget_type=\"iserv_box.default\">\n\t\t\t\t<div class=\"elementor-widget-container\">\n\t\t\t\r\n\t\t<div class=\"serv-box s1 elementor-animation-\">\r\n\t\t\t\t\t\t<div class=\"icon-main\">\r\n\t\t        \t\t\t    \t\t        \t        <\/div>\r\n\t        <div class=\"content-box\">\r\n\t            <h5>CONSULTOR\u00cdA<\/h5>\r\n\t            <div><br> Servicios de consultor\u00eda para ayudar a las\norganizaciones a tomar decisiones relacionadas con el uso y el impacto de\ndeterminadas tecnolog\u00edas..<\/div>\t        <\/div>\r\n\t    <\/div>\r\n\r\n\t    \t\t<\/div>\n\t\t\t\t<\/div>\n\t\t\t\t\t<\/div>\n\t\t<\/div>\n\t\t\t\t<div class=\"elementor-column elementor-col-33 elementor-inner-column elementor-element elementor-element-eb95509 ot-flex-column-vertical\" data-id=\"eb95509\" data-element_type=\"column\">\n\t\t\t<div class=\"elementor-widget-wrap elementor-element-populated\">\n\t\t\t\t\t\t<div class=\"elementor-element elementor-element-47cb9d2 elementor-widget-tablet__width-initial elementor-hidden-mobile elementor-widget elementor-widget-iserv_box\" data-id=\"47cb9d2\" data-element_type=\"widget\" data-widget_type=\"iserv_box.default\">\n\t\t\t\t<div class=\"elementor-widget-container\">\n\t\t\t\r\n\t\t<div class=\"serv-box s1 elementor-animation-\">\r\n\t\t\t\t\t\t<div class=\"icon-main\">\r\n\t\t        \t\t\t    \t\t        \t        <\/div>\r\n\t        <div class=\"content-box\">\r\n\t            <h5>INVESTIGACI\u00d3N<\/h5>\r\n\t            <div><br> Colaboraci\u00f3n con organizaciones en\nproyectos conjuntos de I&D para acelerar la\ninnovaci\u00f3n e impulsar el crecimiento.<\/div>\t        <\/div>\r\n\t    <\/div>\r\n\r\n\t    \t\t<\/div>\n\t\t\t\t<\/div>\n\t\t\t\t\t<\/div>\n\t\t<\/div>\n\t\t\t\t<div class=\"elementor-column elementor-col-33 elementor-inner-column elementor-element elementor-element-716843b ot-flex-column-vertical\" data-id=\"716843b\" data-element_type=\"column\">\n\t\t\t<div class=\"elementor-widget-wrap elementor-element-populated\">\n\t\t\t\t\t\t<div class=\"elementor-element elementor-element-8bb09b7 elementor-widget-tablet__width-initial elementor-widget elementor-widget-iserv_box\" data-id=\"8bb09b7\" data-element_type=\"widget\" data-widget_type=\"iserv_box.default\">\n\t\t\t\t<div class=\"elementor-widget-container\">\n\t\t\t\r\n\t\t<div class=\"serv-box s1 elementor-animation-\">\r\n\t\t\t\t\t\t<div class=\"icon-main\">\r\n\t\t        \t\t\t    \t\t        \t        <\/div>\r\n\t        <div class=\"content-box\">\r\n\t            <h5>IDEACI\u00d3N<\/h5>\r\n\t            <div><br> Colaborar con las organizaciones para\nayudarles a encontrar nuevos servicios y\/o\nproductos tecnol\u00f3gicos..<\/div>\t        <\/div>\r\n\t    <\/div>\r\n\r\n\t    \t\t<\/div>\n\t\t\t\t<\/div>\n\t\t\t\t\t<\/div>\n\t\t<\/div>\n\t\t\t\t\t<\/div>\n\t\t<\/section>\n\t\t\t\t<section class=\"elementor-section elementor-inner-section elementor-element elementor-element-1d7893c elementor-section-boxed elementor-section-height-default elementor-section-height-default\" data-id=\"1d7893c\" data-element_type=\"section\" id=\"connect-boxs\">\n\t\t\t\t\t\t<div class=\"elementor-container elementor-column-gap-default\">\n\t\t\t\t\t<div class=\"elementor-column elementor-col-33 elementor-inner-column elementor-element elementor-element-f1fdccc ot-flex-column-vertical\" data-id=\"f1fdccc\" data-element_type=\"column\">\n\t\t\t<div class=\"elementor-widget-wrap elementor-element-populated\">\n\t\t\t\t\t\t<div class=\"elementor-element elementor-element-cb77f64 elementor-widget-tablet__width-initial elementor-widget elementor-widget-iserv_box\" data-id=\"cb77f64\" data-element_type=\"widget\" data-widget_type=\"iserv_box.default\">\n\t\t\t\t<div class=\"elementor-widget-container\">\n\t\t\t\r\n\t\t<div class=\"serv-box s1 elementor-animation-\">\r\n\t\t\t\t\t\t<div class=\"icon-main\">\r\n\t\t        \t\t\t    \t\t        \t        <\/div>\r\n\t        <div class=\"content-box\">\r\n\t            <h5>PRUEBA DE <br> CONCEPTO <\/h5>\r\n\t            <div><br> Construcci\u00f3n r\u00e1pida de PoC para validar\nnuevas ideas y ayudar a las organizaciones\na tomar decisiones de inversi\u00f3n mejor\nfundamentadas.<\/div>\t        <\/div>\r\n\t    <\/div>\r\n\r\n\t    \t\t<\/div>\n\t\t\t\t<\/div>\n\t\t\t\t\t<\/div>\n\t\t<\/div>\n\t\t\t\t<div class=\"elementor-column elementor-col-33 elementor-inner-column elementor-element elementor-element-796b748 ot-flex-column-vertical\" data-id=\"796b748\" data-element_type=\"column\">\n\t\t\t<div class=\"elementor-widget-wrap\">\n\t\t\t\t\t\t\t<\/div>\n\t\t<\/div>\n\t\t\t\t<div class=\"elementor-column elementor-col-33 elementor-inner-column elementor-element elementor-element-34be4f0 ot-flex-column-vertical\" data-id=\"34be4f0\" data-element_type=\"column\">\n\t\t\t<div class=\"elementor-widget-wrap\">\n\t\t\t\t\t\t\t<\/div>\n\t\t<\/div>\n\t\t\t\t\t<\/div>\n\t\t<\/section>\n\t\t\t\t\t<\/div>\n\t\t<\/div>\n\t\t\t\t\t<\/div>\n\t\t<\/section>\n\t\t\t\t<section class=\"elementor-section elementor-top-section elementor-element elementor-element-77318701 ot-traditional elementor-section-boxed elementor-section-height-default elementor-section-height-default\" data-id=\"77318701\" data-element_type=\"section\" data-settings=\"{&quot;background_background&quot;:&quot;classic&quot;}\">\n\t\t\t\t\t\t<div class=\"elementor-container elementor-column-gap-default\">\n\t\t\t\t\t<div class=\"elementor-column elementor-col-100 elementor-top-column elementor-element elementor-element-23fe5a98 ot-flex-column-vertical\" data-id=\"23fe5a98\" data-element_type=\"column\">\n\t\t\t<div class=\"elementor-widget-wrap elementor-element-populated\">\n\t\t\t\t\t\t<div class=\"elementor-element elementor-element-707e5fdc elementor-widget elementor-widget-iheading\" data-id=\"707e5fdc\" data-element_type=\"widget\" data-widget_type=\"iheading.default\">\n\t\t\t\t<div class=\"elementor-widget-container\">\n\t\t\t\t\t<div class=\"ot-heading\">\r\n\t        <h2 class=\"main-heading\">\u00bfC\u00f3mo puede la innovaci\u00f3n acelerar su negocio?<\/h2>\t    <\/div>\r\n\t    \t\t<\/div>\n\t\t\t\t<\/div>\n\t\t\t\t<div class=\"elementor-element elementor-element-524b0dd4 elementor-widget elementor-widget-text-editor\" data-id=\"524b0dd4\" data-element_type=\"widget\" data-widget_type=\"text-editor.default\">\n\t\t\t\t<div class=\"elementor-widget-container\">\n\t\t\t\t\t\t\t<p>Promovemos las tecnolog\u00edas emergentes para contribuir en la expansi\u00f3n de los negocios.<\/p>\t\t\t\t\t\t<\/div>\n\t\t\t\t<\/div>\n\t\t\t\t<div class=\"elementor-element elementor-element-8342c7 elementor-align-center btn-white elementor-widget elementor-widget-ibutton\" data-id=\"8342c7\" data-element_type=\"widget\" data-widget_type=\"ibutton.default\">\n\t\t\t\t<div class=\"elementor-widget-container\">\n\t\t\t\t\t<div class=\"ot-button\">\r\n\t\t\t<a href=\"mailto: geral@decskill.com\" class=\"octf-btn octf-btn-primary\">CONT\u00c1CTENOS<\/a>\r\n\t    <\/div>\r\n\t    \t\t<\/div>\n\t\t\t\t<\/div>\n\t\t\t\t\t<\/div>\n\t\t<\/div>\n\t\t\t\t\t<\/div>\n\t\t<\/section>\n\t\t\t\t<section class=\"elementor-section elementor-top-section elementor-element elementor-element-49f48d0 ot-traditional elementor-section-boxed elementor-section-height-default elementor-section-height-default\" data-id=\"49f48d0\" data-element_type=\"section\">\n\t\t\t\t\t\t<div class=\"elementor-container elementor-column-gap-default\">\n\t\t\t\t\t<div class=\"elementor-column elementor-col-100 elementor-top-column elementor-element elementor-element-9d04747 ot-flex-column-vertical\" data-id=\"9d04747\" data-element_type=\"column\">\n\t\t\t<div class=\"elementor-widget-wrap elementor-element-populated\">\n\t\t\t\t\t\t<div class=\"elementor-element elementor-element-14529f8 elementor-widget elementor-widget-iheading\" data-id=\"14529f8\" data-element_type=\"widget\" data-widget_type=\"iheading.default\">\n\t\t\t\t<div class=\"elementor-widget-container\">\n\t\t\t\t\t<div class=\"ot-heading\">\r\n\t        \t            <span>\/\/ BENEFICIOS<\/span>\r\n\t        <h2 class=\"main-heading\">Ayudamos a innovar y desarrollar tecnolog\u00edas que impulsen su\ncrecimiento<\/h2>\t    <\/div>\r\n\t    \t\t<\/div>\n\t\t\t\t<\/div>\n\t\t\t\t<div class=\"elementor-element elementor-element-2c2d335 elementor-widget elementor-widget-text-editor\" data-id=\"2c2d335\" data-element_type=\"widget\" data-widget_type=\"text-editor.default\">\n\t\t\t\t<div class=\"elementor-widget-container\">\n\t\t\t\t\t\t\t<p>Con un equipo especializado y experto y un esp\u00edritu innovador, somos capaces de responder a las necesidades espec\u00edficas de cada cliente:<\/p><ul><li>Ayudamos a explorar alternativas que conduzcan a la creaci\u00f3n de soluciones m\u00e1s personalizadas y adecuadas a las necesidades espec\u00edficas de cada cliente.<\/li><li>El CoE es un espacio dedicado a la innovaci\u00f3n y a la creaci\u00f3n de nuevas ideas, lo que contribuye a la creaci\u00f3n de soluciones m\u00e1s creativas y eficaces para los<br \/>clientes.<\/li><li>Al compartir recursos y conocimientos, el CoE puede reducir los costes de investigaci\u00f3n y desarrollo, haciendo que los proyectos sean m\u00e1s asequibles para los<br \/>clientes.<\/li><li>Con la ayuda del CoE de DECSKILL , es posible acelerar el proceso de desarrollo de productos, aumentando la eficacia y agilidad de los proyectos.<\/li><\/ul>\t\t\t\t\t\t<\/div>\n\t\t\t\t<\/div>\n\t\t\t\t\t<\/div>\n\t\t<\/div>\n\t\t\t\t\t<\/div>\n\t\t<\/section>\n\t\t\t\t<\/div>\n\t\t","protected":false},"excerpt":{"rendered":"<p>\/\/ R&#038;D and PRODUCT Innovar y desarrollar nuevas tecnolog\u00edas El Centro de Research &amp; Development es el resultado de la ambici\u00f3n de promover una cultura de innovaci\u00f3n en el desarrollo de software, donde la investigaci\u00f3n, la experimentaci\u00f3n y la productizaci\u00f3n de servicios surgen para explorar nuevas \u00e1reas de negocio. Este fomento por una cultura de [&hellip;]<\/p>\n","protected":false},"author":2,"featured_media":0,"parent":0,"menu_order":0,"comment_status":"closed","ping_status":"closed","template":"","meta":{"footnotes":""},"class_list":["post-11884","page","type-page","status-publish","hentry"],"yoast_head":"<!-- This site is optimized with the Yoast SEO plugin v23.6 - https:\/\/yoast.com\/wordpress\/plugins\/seo\/ -->\n<title>CoE R&amp;D and Product - Decskill<\/title>\n<meta name=\"robots\" content=\"index, follow, max-snippet:-1, max-image-preview:large, max-video-preview:-1\" \/>\n<link rel=\"canonical\" href=\"https:\/\/decskill.com\/es\/coe-rd-and-product\/\" \/>\n<meta property=\"og:locale\" content=\"es_ES\" \/>\n<meta property=\"og:type\" content=\"article\" \/>\n<meta property=\"og:title\" content=\"CoE R&amp;D and Product - Decskill\" \/>\n<meta property=\"og:description\" content=\"\/\/ R&#038;D and PRODUCT Innovar y desarrollar nuevas tecnolog\u00edas El Centro de Research &amp; Development es el resultado de la ambici\u00f3n de promover una cultura de innovaci\u00f3n en el desarrollo de software, donde la investigaci\u00f3n, la experimentaci\u00f3n y la productizaci\u00f3n de servicios surgen para explorar nuevas \u00e1reas de negocio. Este fomento por una cultura de [&hellip;]\" \/>\n<meta property=\"og:url\" content=\"https:\/\/decskill.com\/es\/coe-rd-and-product\/\" \/>\n<meta property=\"og:site_name\" content=\"Decskill\" \/>\n<meta property=\"article:publisher\" content=\"https:\/\/www.facebook.com\/Decskill\/\" \/>\n<meta property=\"article:modified_time\" content=\"2024-07-12T11:36:23+00:00\" \/>\n<meta property=\"og:image\" content=\"https:\/\/decskill.com\/wp-content\/uploads\/2023\/02\/Frame-44-1.png\" \/>\n<meta name=\"twitter:card\" content=\"summary_large_image\" \/>\n<meta name=\"twitter:label1\" content=\"Tiempo de lectura\" \/>\n\t<meta name=\"twitter:data1\" content=\"2 minutos\" \/>\n<script type=\"application\/ld+json\" class=\"yoast-schema-graph\">{\"@context\":\"https:\/\/schema.org\",\"@graph\":[{\"@type\":\"WebPage\",\"@id\":\"https:\/\/decskill.com\/es\/coe-rd-and-product\/\",\"url\":\"https:\/\/decskill.com\/es\/coe-rd-and-product\/\",\"name\":\"CoE R&D and Product - Decskill\",\"isPartOf\":{\"@id\":\"https:\/\/decskill.com\/#website\"},\"primaryImageOfPage\":{\"@id\":\"https:\/\/decskill.com\/es\/coe-rd-and-product\/#primaryimage\"},\"image\":{\"@id\":\"https:\/\/decskill.com\/es\/coe-rd-and-product\/#primaryimage\"},\"thumbnailUrl\":\"https:\/\/decskill.com\/wp-content\/uploads\/2023\/02\/Frame-44-1.png\",\"datePublished\":\"2023-02-24T11:59:09+00:00\",\"dateModified\":\"2024-07-12T11:36:23+00:00\",\"breadcrumb\":{\"@id\":\"https:\/\/decskill.com\/es\/coe-rd-and-product\/#breadcrumb\"},\"inLanguage\":\"es\",\"potentialAction\":[{\"@type\":\"ReadAction\",\"target\":[\"https:\/\/decskill.com\/es\/coe-rd-and-product\/\"]}]},{\"@type\":\"ImageObject\",\"inLanguage\":\"es\",\"@id\":\"https:\/\/decskill.com\/es\/coe-rd-and-product\/#primaryimage\",\"url\":\"https:\/\/decskill.com\/wp-content\/uploads\/2023\/02\/Frame-44-1.png\",\"contentUrl\":\"https:\/\/decskill.com\/wp-content\/uploads\/2023\/02\/Frame-44-1.png\"},{\"@type\":\"BreadcrumbList\",\"@id\":\"https:\/\/decskill.com\/es\/coe-rd-and-product\/#breadcrumb\",\"itemListElement\":[{\"@type\":\"ListItem\",\"position\":1,\"name\":\"Home\",\"item\":\"https:\/\/decskill.com\/es\/\"},{\"@type\":\"ListItem\",\"position\":2,\"name\":\"CoE R&#038;D and Product\"}]},{\"@type\":\"WebSite\",\"@id\":\"https:\/\/decskill.com\/#website\",\"url\":\"https:\/\/decskill.com\/\",\"name\":\"Decskill\",\"description\":\"Capacitamos empresas para os desafios da transforma\u00e7\u00e3o digital disponibilizando capacita\u00e7\u00e3o tecnol\u00f3gica: DECSKILL TALENT - IT Outsourcing &amp; Human resources | DECSKILL BOOST \u2013 IT Services &amp; Centers of Excellence | DECSKILL CONNECT \u2013 IT Infrastructure Modernization\",\"publisher\":{\"@id\":\"https:\/\/decskill.com\/#organization\"},\"potentialAction\":[{\"@type\":\"SearchAction\",\"target\":{\"@type\":\"EntryPoint\",\"urlTemplate\":\"https:\/\/decskill.com\/?s={search_term_string}\"},\"query-input\":{\"@type\":\"PropertyValueSpecification\",\"valueRequired\":true,\"valueName\":\"search_term_string\"}}],\"inLanguage\":\"es\"},{\"@type\":\"Organization\",\"@id\":\"https:\/\/decskill.com\/#organization\",\"name\":\"Decskill\",\"url\":\"https:\/\/decskill.com\/\",\"logo\":{\"@type\":\"ImageObject\",\"inLanguage\":\"es\",\"@id\":\"https:\/\/decskill.com\/#\/schema\/logo\/image\/\",\"url\":\"https:\/\/decskill.com\/wp-content\/uploads\/2020\/09\/Logo.svg\",\"contentUrl\":\"https:\/\/decskill.com\/wp-content\/uploads\/2020\/09\/Logo.svg\",\"width\":181,\"height\":39,\"caption\":\"Decskill\"},\"image\":{\"@id\":\"https:\/\/decskill.com\/#\/schema\/logo\/image\/\"},\"sameAs\":[\"https:\/\/www.facebook.com\/Decskill\/\",\"https:\/\/www.instagram.com\/decskill_\/\",\"https:\/\/www.linkedin.com\/company\/decskill\/\",\"https:\/\/www.youtube.com\/channel\/UCbafHaCzLABxm2BpHsJA4tA\"]}]}<\/script>\n<!-- \/ Yoast SEO plugin. -->","yoast_head_json":{"title":"CoE R&D and Product - Decskill","robots":{"index":"index","follow":"follow","max-snippet":"max-snippet:-1","max-image-preview":"max-image-preview:large","max-video-preview":"max-video-preview:-1"},"canonical":"https:\/\/decskill.com\/es\/coe-rd-and-product\/","og_locale":"es_ES","og_type":"article","og_title":"CoE R&D and Product - Decskill","og_description":"\/\/ R&#038;D and PRODUCT Innovar y desarrollar nuevas tecnolog\u00edas El Centro de Research &amp; Development es el resultado de la ambici\u00f3n de promover una cultura de innovaci\u00f3n en el desarrollo de software, donde la investigaci\u00f3n, la experimentaci\u00f3n y la productizaci\u00f3n de servicios surgen para explorar nuevas \u00e1reas de negocio. Este fomento por una cultura de [&hellip;]","og_url":"https:\/\/decskill.com\/es\/coe-rd-and-product\/","og_site_name":"Decskill","article_publisher":"https:\/\/www.facebook.com\/Decskill\/","article_modified_time":"2024-07-12T11:36:23+00:00","og_image":[{"url":"https:\/\/decskill.com\/wp-content\/uploads\/2023\/02\/Frame-44-1.png"}],"twitter_card":"summary_large_image","twitter_misc":{"Tiempo de lectura":"2 minutos"},"schema":{"@context":"https:\/\/schema.org","@graph":[{"@type":"WebPage","@id":"https:\/\/decskill.com\/es\/coe-rd-and-product\/","url":"https:\/\/decskill.com\/es\/coe-rd-and-product\/","name":"CoE R&D and Product - Decskill","isPartOf":{"@id":"https:\/\/decskill.com\/#website"},"primaryImageOfPage":{"@id":"https:\/\/decskill.com\/es\/coe-rd-and-product\/#primaryimage"},"image":{"@id":"https:\/\/decskill.com\/es\/coe-rd-and-product\/#primaryimage"},"thumbnailUrl":"https:\/\/decskill.com\/wp-content\/uploads\/2023\/02\/Frame-44-1.png","datePublished":"2023-02-24T11:59:09+00:00","dateModified":"2024-07-12T11:36:23+00:00","breadcrumb":{"@id":"https:\/\/decskill.com\/es\/coe-rd-and-product\/#breadcrumb"},"inLanguage":"es","potentialAction":[{"@type":"ReadAction","target":["https:\/\/decskill.com\/es\/coe-rd-and-product\/"]}]},{"@type":"ImageObject","inLanguage":"es","@id":"https:\/\/decskill.com\/es\/coe-rd-and-product\/#primaryimage","url":"https:\/\/decskill.com\/wp-content\/uploads\/2023\/02\/Frame-44-1.png","contentUrl":"https:\/\/decskill.com\/wp-content\/uploads\/2023\/02\/Frame-44-1.png"},{"@type":"BreadcrumbList","@id":"https:\/\/decskill.com\/es\/coe-rd-and-product\/#breadcrumb","itemListElement":[{"@type":"ListItem","position":1,"name":"Home","item":"https:\/\/decskill.com\/es\/"},{"@type":"ListItem","position":2,"name":"CoE R&#038;D and Product"}]},{"@type":"WebSite","@id":"https:\/\/decskill.com\/#website","url":"https:\/\/decskill.com\/","name":"Decskill","description":"Capacitamos empresas para os desafios da transforma\u00e7\u00e3o digital disponibilizando capacita\u00e7\u00e3o tecnol\u00f3gica: DECSKILL TALENT - IT Outsourcing &amp; Human resources | DECSKILL BOOST \u2013 IT Services &amp; Centers of Excellence | DECSKILL CONNECT \u2013 IT Infrastructure Modernization","publisher":{"@id":"https:\/\/decskill.com\/#organization"},"potentialAction":[{"@type":"SearchAction","target":{"@type":"EntryPoint","urlTemplate":"https:\/\/decskill.com\/?s={search_term_string}"},"query-input":{"@type":"PropertyValueSpecification","valueRequired":true,"valueName":"search_term_string"}}],"inLanguage":"es"},{"@type":"Organization","@id":"https:\/\/decskill.com\/#organization","name":"Decskill","url":"https:\/\/decskill.com\/","logo":{"@type":"ImageObject","inLanguage":"es","@id":"https:\/\/decskill.com\/#\/schema\/logo\/image\/","url":"https:\/\/decskill.com\/wp-content\/uploads\/2020\/09\/Logo.svg","contentUrl":"https:\/\/decskill.com\/wp-content\/uploads\/2020\/09\/Logo.svg","width":181,"height":39,"caption":"Decskill"},"image":{"@id":"https:\/\/decskill.com\/#\/schema\/logo\/image\/"},"sameAs":["https:\/\/www.facebook.com\/Decskill\/","https:\/\/www.instagram.com\/decskill_\/","https:\/\/www.linkedin.com\/company\/decskill\/","https:\/\/www.youtube.com\/channel\/UCbafHaCzLABxm2BpHsJA4tA"]}]}},"_links":{"self":[{"href":"https:\/\/decskill.com\/es\/wp-json\/wp\/v2\/pages\/11884"}],"collection":[{"href":"https:\/\/decskill.com\/es\/wp-json\/wp\/v2\/pages"}],"about":[{"href":"https:\/\/decskill.com\/es\/wp-json\/wp\/v2\/types\/page"}],"author":[{"embeddable":true,"href":"https:\/\/decskill.com\/es\/wp-json\/wp\/v2\/users\/2"}],"replies":[{"embeddable":true,"href":"https:\/\/decskill.com\/es\/wp-json\/wp\/v2\/comments?post=11884"}],"version-history":[{"count":5,"href":"https:\/\/decskill.com\/es\/wp-json\/wp\/v2\/pages\/11884\/revisions"}],"predecessor-version":[{"id":12968,"href":"https:\/\/decskill.com\/es\/wp-json\/wp\/v2\/pages\/11884\/revisions\/12968"}],"wp:attachment":[{"href":"https:\/\/decskill.com\/es\/wp-json\/wp\/v2\/media?parent=11884"}],"curies":[{"name":"wp","href":"https:\/\/api.w.org\/{rel}","templated":true}]}}