{"id":11902,"date":"2023-02-24T12:06:17","date_gmt":"2023-02-24T12:06:17","guid":{"rendered":"https:\/\/decskill.com\/?page_id=11902"},"modified":"2024-07-12T11:35:41","modified_gmt":"2024-07-12T11:35:41","slug":"coe-artificial-iintelligence-machine-learning","status":"publish","type":"page","link":"https:\/\/decskill.com\/es\/coe-artificial-iintelligence-machine-learning\/","title":{"rendered":"CoE Artificial Intelligence &#038; Machine Learning"},"content":{"rendered":"\t\t<div data-elementor-type=\"wp-page\" data-elementor-id=\"11902\" class=\"elementor elementor-11902 elementor-11900\">\n\t\t\t\t\t\t<section class=\"elementor-section elementor-top-section elementor-element elementor-element-fe57aaf elementor-section-content-middle ot-traditional elementor-section-boxed elementor-section-height-default elementor-section-height-default\" data-id=\"fe57aaf\" data-element_type=\"section\">\n\t\t\t\t\t\t<div class=\"elementor-container elementor-column-gap-extended\">\n\t\t\t\t\t<div class=\"elementor-column elementor-col-50 elementor-top-column elementor-element elementor-element-de6fb5c ot-flex-column-vertical\" data-id=\"de6fb5c\" data-element_type=\"column\">\n\t\t\t<div class=\"elementor-widget-wrap elementor-element-populated\">\n\t\t\t\t\t\t<div class=\"elementor-element elementor-element-9408fb1 elementor-widget elementor-widget-iheading\" data-id=\"9408fb1\" data-element_type=\"widget\" data-widget_type=\"iheading.default\">\n\t\t\t\t<div class=\"elementor-widget-container\">\n\t\t\t\t\t<div class=\"ot-heading\">\r\n\t        \t            <span>\/\/ ARTIFICIAL INTELLIGENCE & MACHINE LEARNING<\/span>\r\n\t        <h1 class=\"main-heading\">Mayor robustez y eficacia<\/h1>\t    <\/div>\r\n\t    \t\t<\/div>\n\t\t\t\t<\/div>\n\t\t\t\t<div class=\"elementor-element elementor-element-8e7bd74 elementor-widget elementor-widget-text-editor\" data-id=\"8e7bd74\" data-element_type=\"widget\" data-widget_type=\"text-editor.default\">\n\t\t\t\t<div class=\"elementor-widget-container\">\n\t\t\t\t\t\t\t<p>El CoE de inteligencia artificial (IA) y aprendizaje autom\u00e1tico (AA) ayuda a establecer las mejores pr\u00e1cticas, normas y est\u00e1ndares para el uso de estas tecnolog\u00edas, garantizando la homogeneidad y el cumplimiento en todos los departamentos y unidades de negocio.<\/p><p>Con un equipo especializado en IA y AA, DECSKILL fomenta una cultura de innovaci\u00f3n y experimentaci\u00f3n, identificando nuevas oportunidades y manteni\u00e9ndose al d\u00eda de las \u00faltimas tendencias y avances.<\/p><p><strong>A qui\u00e9n va dirigido<\/strong><\/p><p>Organizaciones que pueden beneficiarse de la IA y la AA:<\/p><ul><li>Salud: Para mejorar la velocidad de triaje, anticiparse a los<br \/>acontecimientos, mejorar la precisi\u00f3n del diagn\u00f3stico, desarrollar planes<br \/>de tratamiento personalizados.<\/li><li>Finanzas: En detecci\u00f3n de fraudes, gesti\u00f3n de riesgos y an\u00e1lisis de<br \/>inversiones.<\/li><li>Comercio minorista: Para personalizar la experiencia del cliente, optimizar<br \/>las estrategias de precios y mejorar la gesti\u00f3n de existencias.<\/li><li>Agencias gubernamentales: Mejorar la seguridad p\u00fablica, optimizar la<br \/>asignaci\u00f3n de recursos y mejorar los servicios p\u00fablicos.<\/li><\/ul>\t\t\t\t\t\t<\/div>\n\t\t\t\t<\/div>\n\t\t\t\t\t<\/div>\n\t\t<\/div>\n\t\t\t\t<div class=\"elementor-column elementor-col-50 elementor-top-column elementor-element elementor-element-1831bf9 ot-flex-column-vertical\" data-id=\"1831bf9\" data-element_type=\"column\">\n\t\t\t<div class=\"elementor-widget-wrap elementor-element-populated\">\n\t\t\t\t\t\t<div class=\"elementor-element elementor-element-251fe98 elementor-widget elementor-widget-image\" data-id=\"251fe98\" data-element_type=\"widget\" data-widget_type=\"image.default\">\n\t\t\t\t<div class=\"elementor-widget-container\">\n\t\t\t\t\t\t\t\t\t\t\t\t\t<img fetchpriority=\"high\" decoding=\"async\" width=\"1150\" height=\"905\" src=\"https:\/\/decskill.com\/wp-content\/uploads\/2023\/02\/Frame-44-2.png\" class=\"attachment-full size-full wp-image-11966\" alt=\"\" srcset=\"https:\/\/decskill.com\/wp-content\/uploads\/2023\/02\/Frame-44-2.png 1150w, https:\/\/decskill.com\/wp-content\/uploads\/2023\/02\/Frame-44-2-300x236.png 300w, https:\/\/decskill.com\/wp-content\/uploads\/2023\/02\/Frame-44-2-1024x806.png 1024w, https:\/\/decskill.com\/wp-content\/uploads\/2023\/02\/Frame-44-2-768x604.png 768w, https:\/\/decskill.com\/wp-content\/uploads\/2023\/02\/Frame-44-2-720x567.png 720w\" sizes=\"(max-width: 1150px) 100vw, 1150px\" \/>\t\t\t\t\t\t\t\t\t\t\t\t\t<\/div>\n\t\t\t\t<\/div>\n\t\t\t\t\t<\/div>\n\t\t<\/div>\n\t\t\t\t\t<\/div>\n\t\t<\/section>\n\t\t\t\t<section class=\"elementor-section elementor-top-section elementor-element elementor-element-61d2339 ot-traditional elementor-section-boxed elementor-section-height-default elementor-section-height-default\" data-id=\"61d2339\" data-element_type=\"section\" data-settings=\"{&quot;background_background&quot;:&quot;classic&quot;}\">\n\t\t\t\t\t\t<div class=\"elementor-container elementor-column-gap-default\">\n\t\t\t\t\t<div class=\"elementor-column elementor-col-100 elementor-top-column elementor-element elementor-element-bcb4843 ot-flex-column-vertical\" data-id=\"bcb4843\" data-element_type=\"column\">\n\t\t\t<div class=\"elementor-widget-wrap elementor-element-populated\">\n\t\t\t\t\t\t<div class=\"elementor-element elementor-element-019789b elementor-widget elementor-widget-iheading\" data-id=\"019789b\" data-element_type=\"widget\" data-widget_type=\"iheading.default\">\n\t\t\t\t<div class=\"elementor-widget-container\">\n\t\t\t\t\t<div class=\"ot-heading\">\r\n\t        \t            <span>\/\/OFERTA<\/span>\r\n\t        <h2 class=\"main-heading\">Maximizar las ventajas de la IA y la AA, desde la\nexploraci\u00f3n de nuevas oportunidades hasta la\nintegraci\u00f3n en las operaciones empresariales<\/h2>\t    <\/div>\r\n\t    \t\t<\/div>\n\t\t\t\t<\/div>\n\t\t\t\t<section class=\"elementor-section elementor-inner-section elementor-element elementor-element-9f442bc elementor-section-boxed elementor-section-height-default elementor-section-height-default\" data-id=\"9f442bc\" data-element_type=\"section\" id=\"connect-boxs\">\n\t\t\t\t\t\t<div class=\"elementor-container elementor-column-gap-default\">\n\t\t\t\t\t<div class=\"elementor-column elementor-col-33 elementor-inner-column elementor-element elementor-element-3270a62 ot-flex-column-vertical\" data-id=\"3270a62\" data-element_type=\"column\">\n\t\t\t<div class=\"elementor-widget-wrap elementor-element-populated\">\n\t\t\t\t\t\t<div class=\"elementor-element elementor-element-d4181af elementor-widget-tablet__width-initial elementor-widget elementor-widget-iserv_box\" data-id=\"d4181af\" data-element_type=\"widget\" data-widget_type=\"iserv_box.default\">\n\t\t\t\t<div class=\"elementor-widget-container\">\n\t\t\t\r\n\t\t<div class=\"serv-box s1 elementor-animation-\">\r\n\t\t\t\t\t\t<div class=\"icon-main\">\r\n\t\t        \t\t\t    \t\t        \t        <\/div>\r\n\t        <div class=\"content-box\">\r\n\t            <h5>CONSULTOR\u00cdA<\/h5>\r\n\t            <div><br> Apoyo de un equipo especializado con varios\ndoctorados en el \u00e1rea, en el desarrollo de un\nplan para la implantaci\u00f3n de IA y AA en la\norganizaci\u00f3n, identificando casos de uso\nclave y definiendo criterios de \u00e9xito.<\/div>\t        <\/div>\r\n\t    <\/div>\r\n\r\n\t    \t\t<\/div>\n\t\t\t\t<\/div>\n\t\t\t\t\t<\/div>\n\t\t<\/div>\n\t\t\t\t<div class=\"elementor-column elementor-col-33 elementor-inner-column elementor-element elementor-element-49a22f5 ot-flex-column-vertical\" data-id=\"49a22f5\" data-element_type=\"column\">\n\t\t\t<div class=\"elementor-widget-wrap elementor-element-populated\">\n\t\t\t\t\t\t<div class=\"elementor-element elementor-element-089e072 elementor-widget-tablet__width-initial elementor-hidden-mobile elementor-widget elementor-widget-iserv_box\" data-id=\"089e072\" data-element_type=\"widget\" data-widget_type=\"iserv_box.default\">\n\t\t\t\t<div class=\"elementor-widget-container\">\n\t\t\t\r\n\t\t<div class=\"serv-box s1 elementor-animation-\">\r\n\t\t\t\t\t\t<div class=\"icon-main\">\r\n\t\t        \t\t\t    \t\t        \t        <\/div>\r\n\t        <div class=\"content-box\">\r\n\t            <h5>SOLUCIONES<\/h5>\r\n\t            <div><br>Desarrollo de soluciones espec\u00edficas de IA\ny AA para satisfacer las necesidades \u00fanicas\nde cada organizaci\u00f3n, incluidos chatbots,\nmodelos predictivos y aplicaciones de\nvisi\u00f3n por ordenador.<\/div>\t        <\/div>\r\n\t    <\/div>\r\n\r\n\t    \t\t<\/div>\n\t\t\t\t<\/div>\n\t\t\t\t\t<\/div>\n\t\t<\/div>\n\t\t\t\t<div class=\"elementor-column elementor-col-33 elementor-inner-column elementor-element elementor-element-1d102eb ot-flex-column-vertical\" data-id=\"1d102eb\" data-element_type=\"column\">\n\t\t\t<div class=\"elementor-widget-wrap elementor-element-populated\">\n\t\t\t\t\t\t<div class=\"elementor-element elementor-element-1330680 elementor-widget-tablet__width-initial elementor-widget elementor-widget-iserv_box\" data-id=\"1330680\" data-element_type=\"widget\" data-widget_type=\"iserv_box.default\">\n\t\t\t\t<div class=\"elementor-widget-container\">\n\t\t\t\r\n\t\t<div class=\"serv-box s1 elementor-animation-\">\r\n\t\t\t\t\t\t<div class=\"icon-main\">\r\n\t\t        \t\t\t    \t\t        \t        <\/div>\r\n\t        <div class=\"content-box\">\r\n\t            <h5>MODELOS Y ALGORITMOS<\/h5>\r\n\t            <div>Desarrollo de modelos y algoritmos\npersonalizados para responder a las\nnecesidades espec\u00edficas de una\norganizaci\u00f3n, optimizando el rendimiento y la\nprecisi\u00f3n a la vez que se garantiza la\nfiabilidad.<\/div>\t        <\/div>\r\n\t    <\/div>\r\n\r\n\t    \t\t<\/div>\n\t\t\t\t<\/div>\n\t\t\t\t\t<\/div>\n\t\t<\/div>\n\t\t\t\t\t<\/div>\n\t\t<\/section>\n\t\t\t\t\t<\/div>\n\t\t<\/div>\n\t\t\t\t\t<\/div>\n\t\t<\/section>\n\t\t\t\t<section class=\"elementor-section elementor-top-section elementor-element elementor-element-77318701 ot-traditional elementor-section-boxed elementor-section-height-default elementor-section-height-default\" data-id=\"77318701\" data-element_type=\"section\" data-settings=\"{&quot;background_background&quot;:&quot;classic&quot;}\">\n\t\t\t\t\t\t<div class=\"elementor-container elementor-column-gap-default\">\n\t\t\t\t\t<div class=\"elementor-column elementor-col-100 elementor-top-column elementor-element elementor-element-23fe5a98 ot-flex-column-vertical\" data-id=\"23fe5a98\" data-element_type=\"column\">\n\t\t\t<div class=\"elementor-widget-wrap elementor-element-populated\">\n\t\t\t\t\t\t<div class=\"elementor-element elementor-element-707e5fdc elementor-widget elementor-widget-iheading\" data-id=\"707e5fdc\" data-element_type=\"widget\" data-widget_type=\"iheading.default\">\n\t\t\t\t<div class=\"elementor-widget-container\">\n\t\t\t\t\t<div class=\"ot-heading\">\r\n\t        <h2 class=\"main-heading\">\u00bfC\u00f3mo aceleran su negocio los modelos de inteligencia\nartificial?<\/h2>\t    <\/div>\r\n\t    \t\t<\/div>\n\t\t\t\t<\/div>\n\t\t\t\t<div class=\"elementor-element elementor-element-524b0dd4 elementor-widget elementor-widget-text-editor\" data-id=\"524b0dd4\" data-element_type=\"widget\" data-widget_type=\"text-editor.default\">\n\t\t\t\t<div class=\"elementor-widget-container\">\n\t\t\t\t\t\t\t<p>Maximizamos las ventajas de la IA y la AA para la expansi\u00f3n de los negocios.<\/p>\t\t\t\t\t\t<\/div>\n\t\t\t\t<\/div>\n\t\t\t\t<div class=\"elementor-element elementor-element-8342c7 elementor-align-center btn-white elementor-widget elementor-widget-ibutton\" data-id=\"8342c7\" data-element_type=\"widget\" data-widget_type=\"ibutton.default\">\n\t\t\t\t<div class=\"elementor-widget-container\">\n\t\t\t\t\t<div class=\"ot-button\">\r\n\t\t\t<a href=\"mailto: geral@decskill.com\" class=\"octf-btn octf-btn-primary\">CONT\u00c1CTENOS<\/a>\r\n\t    <\/div>\r\n\t    \t\t<\/div>\n\t\t\t\t<\/div>\n\t\t\t\t\t<\/div>\n\t\t<\/div>\n\t\t\t\t\t<\/div>\n\t\t<\/section>\n\t\t\t\t<section class=\"elementor-section elementor-top-section elementor-element elementor-element-49f48d0 ot-traditional elementor-section-boxed elementor-section-height-default elementor-section-height-default\" data-id=\"49f48d0\" data-element_type=\"section\">\n\t\t\t\t\t\t<div class=\"elementor-container elementor-column-gap-default\">\n\t\t\t\t\t<div class=\"elementor-column elementor-col-100 elementor-top-column elementor-element elementor-element-9d04747 ot-flex-column-vertical\" data-id=\"9d04747\" data-element_type=\"column\">\n\t\t\t<div class=\"elementor-widget-wrap elementor-element-populated\">\n\t\t\t\t\t\t<div class=\"elementor-element elementor-element-14529f8 elementor-widget elementor-widget-iheading\" data-id=\"14529f8\" data-element_type=\"widget\" data-widget_type=\"iheading.default\">\n\t\t\t\t<div class=\"elementor-widget-container\">\n\t\t\t\t\t<div class=\"ot-heading\">\r\n\t        \t            <span>\/\/ Beneficios<\/span>\r\n\t        <h2 class=\"main-heading\">Ventaja competitiva mediante la automatizaci\u00f3n de las\noperaciones, la reducci\u00f3n de costes, la entrega de mejores\nproductos y la capacidad de ofrecer una mejor experiencia\nal cliente<\/h2>\t    <\/div>\r\n\t    \t\t<\/div>\n\t\t\t\t<\/div>\n\t\t\t\t<div class=\"elementor-element elementor-element-2c2d335 elementor-widget elementor-widget-text-editor\" data-id=\"2c2d335\" data-element_type=\"widget\" data-widget_type=\"text-editor.default\">\n\t\t\t\t<div class=\"elementor-widget-container\">\n\t\t\t\t\t\t\t<p><strong>AI y AA permiten:<\/strong><\/p><p>\u00b7 Automatizar las tareas repetitivas y que consumen mucho tiempo, permitiendo a las personas centrarse en tareas de mayor valor.<br \/>\u00b7 Procesar grandes cantidades de datos con rapidez y precisi\u00f3n, reduciendo el riesgo de errores y mejorando la exactitud de la toma de decisiones.<br \/>\u00b7 Personalizar productos, servicios y experiencias, mejorando la satisfacci\u00f3n y fidelidad de los clientes.<br \/>\u00b7 Ayudar a predecir resultados futuros, permitiendo a las organizaciones tomar decisiones m\u00e1s informadas.<br \/>\u00b7 Ayudar a las organizaciones a reducir costes mediante la optimizaci\u00f3n de procesos, la reducci\u00f3n de residuos y la mejora de la eficiencia.<br \/>\u00b7 Mejorar la seguridad en diversos sectores detectando posibles riesgos para la seguridad y aplicando medidas correctivas.<\/p>\t\t\t\t\t\t<\/div>\n\t\t\t\t<\/div>\n\t\t\t\t\t<\/div>\n\t\t<\/div>\n\t\t\t\t\t<\/div>\n\t\t<\/section>\n\t\t\t\t<\/div>\n\t\t","protected":false},"excerpt":{"rendered":"<p>\/\/ ARTIFICIAL INTELLIGENCE &#038; MACHINE LEARNING Mayor robustez y eficacia El CoE de inteligencia artificial (IA) y aprendizaje autom\u00e1tico (AA) ayuda a establecer las mejores pr\u00e1cticas, normas y est\u00e1ndares para el uso de estas tecnolog\u00edas, garantizando la homogeneidad y el cumplimiento en todos los departamentos y unidades de negocio. Con un equipo especializado en IA [&hellip;]<\/p>\n","protected":false},"author":2,"featured_media":0,"parent":0,"menu_order":0,"comment_status":"closed","ping_status":"closed","template":"","meta":{"footnotes":""},"class_list":["post-11902","page","type-page","status-publish","hentry"],"yoast_head":"<!-- This site is optimized with the Yoast SEO plugin v23.6 - https:\/\/yoast.com\/wordpress\/plugins\/seo\/ -->\n<title>CoE Artificial Intelligence &amp; Machine Learning - Decskill<\/title>\n<meta name=\"robots\" content=\"index, follow, max-snippet:-1, max-image-preview:large, max-video-preview:-1\" \/>\n<link rel=\"canonical\" href=\"https:\/\/decskill.com\/es\/coe-artificial-iintelligence-machine-learning\/\" \/>\n<meta property=\"og:locale\" content=\"es_ES\" \/>\n<meta property=\"og:type\" content=\"article\" \/>\n<meta property=\"og:title\" content=\"CoE Artificial Intelligence &amp; Machine Learning - Decskill\" \/>\n<meta property=\"og:description\" content=\"\/\/ ARTIFICIAL INTELLIGENCE &#038; MACHINE LEARNING Mayor robustez y eficacia El CoE de inteligencia artificial (IA) y aprendizaje autom\u00e1tico (AA) ayuda a establecer las mejores pr\u00e1cticas, normas y est\u00e1ndares para el uso de estas tecnolog\u00edas, garantizando la homogeneidad y el cumplimiento en todos los departamentos y unidades de negocio. Con un equipo especializado en IA [&hellip;]\" \/>\n<meta property=\"og:url\" content=\"https:\/\/decskill.com\/es\/coe-artificial-iintelligence-machine-learning\/\" \/>\n<meta property=\"og:site_name\" content=\"Decskill\" \/>\n<meta property=\"article:publisher\" content=\"https:\/\/www.facebook.com\/Decskill\/\" \/>\n<meta property=\"article:modified_time\" content=\"2024-07-12T11:35:41+00:00\" \/>\n<meta property=\"og:image\" content=\"https:\/\/decskill.com\/wp-content\/uploads\/2023\/02\/Frame-44-2.png\" \/>\n<meta name=\"twitter:card\" content=\"summary_large_image\" \/>\n<meta name=\"twitter:label1\" content=\"Tiempo de lectura\" \/>\n\t<meta name=\"twitter:data1\" content=\"3 minutos\" \/>\n<script type=\"application\/ld+json\" class=\"yoast-schema-graph\">{\"@context\":\"https:\/\/schema.org\",\"@graph\":[{\"@type\":\"WebPage\",\"@id\":\"https:\/\/decskill.com\/es\/coe-artificial-iintelligence-machine-learning\/\",\"url\":\"https:\/\/decskill.com\/es\/coe-artificial-iintelligence-machine-learning\/\",\"name\":\"CoE Artificial Intelligence & Machine Learning - Decskill\",\"isPartOf\":{\"@id\":\"https:\/\/decskill.com\/#website\"},\"primaryImageOfPage\":{\"@id\":\"https:\/\/decskill.com\/es\/coe-artificial-iintelligence-machine-learning\/#primaryimage\"},\"image\":{\"@id\":\"https:\/\/decskill.com\/es\/coe-artificial-iintelligence-machine-learning\/#primaryimage\"},\"thumbnailUrl\":\"https:\/\/decskill.com\/wp-content\/uploads\/2023\/02\/Frame-44-2.png\",\"datePublished\":\"2023-02-24T12:06:17+00:00\",\"dateModified\":\"2024-07-12T11:35:41+00:00\",\"breadcrumb\":{\"@id\":\"https:\/\/decskill.com\/es\/coe-artificial-iintelligence-machine-learning\/#breadcrumb\"},\"inLanguage\":\"es\",\"potentialAction\":[{\"@type\":\"ReadAction\",\"target\":[\"https:\/\/decskill.com\/es\/coe-artificial-iintelligence-machine-learning\/\"]}]},{\"@type\":\"ImageObject\",\"inLanguage\":\"es\",\"@id\":\"https:\/\/decskill.com\/es\/coe-artificial-iintelligence-machine-learning\/#primaryimage\",\"url\":\"https:\/\/decskill.com\/wp-content\/uploads\/2023\/02\/Frame-44-2.png\",\"contentUrl\":\"https:\/\/decskill.com\/wp-content\/uploads\/2023\/02\/Frame-44-2.png\"},{\"@type\":\"BreadcrumbList\",\"@id\":\"https:\/\/decskill.com\/es\/coe-artificial-iintelligence-machine-learning\/#breadcrumb\",\"itemListElement\":[{\"@type\":\"ListItem\",\"position\":1,\"name\":\"Home\",\"item\":\"https:\/\/decskill.com\/es\/\"},{\"@type\":\"ListItem\",\"position\":2,\"name\":\"CoE Artificial Intelligence &#038; Machine Learning\"}]},{\"@type\":\"WebSite\",\"@id\":\"https:\/\/decskill.com\/#website\",\"url\":\"https:\/\/decskill.com\/\",\"name\":\"Decskill\",\"description\":\"Capacitamos empresas para os desafios da transforma\u00e7\u00e3o digital disponibilizando capacita\u00e7\u00e3o tecnol\u00f3gica: DECSKILL TALENT - IT Outsourcing &amp; Human resources | DECSKILL BOOST \u2013 IT Services &amp; Centers of Excellence | DECSKILL CONNECT \u2013 IT Infrastructure Modernization\",\"publisher\":{\"@id\":\"https:\/\/decskill.com\/#organization\"},\"potentialAction\":[{\"@type\":\"SearchAction\",\"target\":{\"@type\":\"EntryPoint\",\"urlTemplate\":\"https:\/\/decskill.com\/?s={search_term_string}\"},\"query-input\":{\"@type\":\"PropertyValueSpecification\",\"valueRequired\":true,\"valueName\":\"search_term_string\"}}],\"inLanguage\":\"es\"},{\"@type\":\"Organization\",\"@id\":\"https:\/\/decskill.com\/#organization\",\"name\":\"Decskill\",\"url\":\"https:\/\/decskill.com\/\",\"logo\":{\"@type\":\"ImageObject\",\"inLanguage\":\"es\",\"@id\":\"https:\/\/decskill.com\/#\/schema\/logo\/image\/\",\"url\":\"https:\/\/decskill.com\/wp-content\/uploads\/2020\/09\/Logo.svg\",\"contentUrl\":\"https:\/\/decskill.com\/wp-content\/uploads\/2020\/09\/Logo.svg\",\"width\":181,\"height\":39,\"caption\":\"Decskill\"},\"image\":{\"@id\":\"https:\/\/decskill.com\/#\/schema\/logo\/image\/\"},\"sameAs\":[\"https:\/\/www.facebook.com\/Decskill\/\",\"https:\/\/www.instagram.com\/decskill_\/\",\"https:\/\/www.linkedin.com\/company\/decskill\/\",\"https:\/\/www.youtube.com\/channel\/UCbafHaCzLABxm2BpHsJA4tA\"]}]}<\/script>\n<!-- \/ Yoast SEO plugin. -->","yoast_head_json":{"title":"CoE Artificial Intelligence & Machine Learning - Decskill","robots":{"index":"index","follow":"follow","max-snippet":"max-snippet:-1","max-image-preview":"max-image-preview:large","max-video-preview":"max-video-preview:-1"},"canonical":"https:\/\/decskill.com\/es\/coe-artificial-iintelligence-machine-learning\/","og_locale":"es_ES","og_type":"article","og_title":"CoE Artificial Intelligence & Machine Learning - Decskill","og_description":"\/\/ ARTIFICIAL INTELLIGENCE &#038; MACHINE LEARNING Mayor robustez y eficacia El CoE de inteligencia artificial (IA) y aprendizaje autom\u00e1tico (AA) ayuda a establecer las mejores pr\u00e1cticas, normas y est\u00e1ndares para el uso de estas tecnolog\u00edas, garantizando la homogeneidad y el cumplimiento en todos los departamentos y unidades de negocio. Con un equipo especializado en IA [&hellip;]","og_url":"https:\/\/decskill.com\/es\/coe-artificial-iintelligence-machine-learning\/","og_site_name":"Decskill","article_publisher":"https:\/\/www.facebook.com\/Decskill\/","article_modified_time":"2024-07-12T11:35:41+00:00","og_image":[{"url":"https:\/\/decskill.com\/wp-content\/uploads\/2023\/02\/Frame-44-2.png"}],"twitter_card":"summary_large_image","twitter_misc":{"Tiempo de lectura":"3 minutos"},"schema":{"@context":"https:\/\/schema.org","@graph":[{"@type":"WebPage","@id":"https:\/\/decskill.com\/es\/coe-artificial-iintelligence-machine-learning\/","url":"https:\/\/decskill.com\/es\/coe-artificial-iintelligence-machine-learning\/","name":"CoE Artificial Intelligence & Machine Learning - Decskill","isPartOf":{"@id":"https:\/\/decskill.com\/#website"},"primaryImageOfPage":{"@id":"https:\/\/decskill.com\/es\/coe-artificial-iintelligence-machine-learning\/#primaryimage"},"image":{"@id":"https:\/\/decskill.com\/es\/coe-artificial-iintelligence-machine-learning\/#primaryimage"},"thumbnailUrl":"https:\/\/decskill.com\/wp-content\/uploads\/2023\/02\/Frame-44-2.png","datePublished":"2023-02-24T12:06:17+00:00","dateModified":"2024-07-12T11:35:41+00:00","breadcrumb":{"@id":"https:\/\/decskill.com\/es\/coe-artificial-iintelligence-machine-learning\/#breadcrumb"},"inLanguage":"es","potentialAction":[{"@type":"ReadAction","target":["https:\/\/decskill.com\/es\/coe-artificial-iintelligence-machine-learning\/"]}]},{"@type":"ImageObject","inLanguage":"es","@id":"https:\/\/decskill.com\/es\/coe-artificial-iintelligence-machine-learning\/#primaryimage","url":"https:\/\/decskill.com\/wp-content\/uploads\/2023\/02\/Frame-44-2.png","contentUrl":"https:\/\/decskill.com\/wp-content\/uploads\/2023\/02\/Frame-44-2.png"},{"@type":"BreadcrumbList","@id":"https:\/\/decskill.com\/es\/coe-artificial-iintelligence-machine-learning\/#breadcrumb","itemListElement":[{"@type":"ListItem","position":1,"name":"Home","item":"https:\/\/decskill.com\/es\/"},{"@type":"ListItem","position":2,"name":"CoE Artificial Intelligence &#038; Machine Learning"}]},{"@type":"WebSite","@id":"https:\/\/decskill.com\/#website","url":"https:\/\/decskill.com\/","name":"Decskill","description":"Capacitamos empresas para os desafios da transforma\u00e7\u00e3o digital disponibilizando capacita\u00e7\u00e3o tecnol\u00f3gica: DECSKILL TALENT - IT Outsourcing &amp; Human resources | DECSKILL BOOST \u2013 IT Services &amp; Centers of Excellence | DECSKILL CONNECT \u2013 IT Infrastructure Modernization","publisher":{"@id":"https:\/\/decskill.com\/#organization"},"potentialAction":[{"@type":"SearchAction","target":{"@type":"EntryPoint","urlTemplate":"https:\/\/decskill.com\/?s={search_term_string}"},"query-input":{"@type":"PropertyValueSpecification","valueRequired":true,"valueName":"search_term_string"}}],"inLanguage":"es"},{"@type":"Organization","@id":"https:\/\/decskill.com\/#organization","name":"Decskill","url":"https:\/\/decskill.com\/","logo":{"@type":"ImageObject","inLanguage":"es","@id":"https:\/\/decskill.com\/#\/schema\/logo\/image\/","url":"https:\/\/decskill.com\/wp-content\/uploads\/2020\/09\/Logo.svg","contentUrl":"https:\/\/decskill.com\/wp-content\/uploads\/2020\/09\/Logo.svg","width":181,"height":39,"caption":"Decskill"},"image":{"@id":"https:\/\/decskill.com\/#\/schema\/logo\/image\/"},"sameAs":["https:\/\/www.facebook.com\/Decskill\/","https:\/\/www.instagram.com\/decskill_\/","https:\/\/www.linkedin.com\/company\/decskill\/","https:\/\/www.youtube.com\/channel\/UCbafHaCzLABxm2BpHsJA4tA"]}]}},"_links":{"self":[{"href":"https:\/\/decskill.com\/es\/wp-json\/wp\/v2\/pages\/11902"}],"collection":[{"href":"https:\/\/decskill.com\/es\/wp-json\/wp\/v2\/pages"}],"about":[{"href":"https:\/\/decskill.com\/es\/wp-json\/wp\/v2\/types\/page"}],"author":[{"embeddable":true,"href":"https:\/\/decskill.com\/es\/wp-json\/wp\/v2\/users\/2"}],"replies":[{"embeddable":true,"href":"https:\/\/decskill.com\/es\/wp-json\/wp\/v2\/comments?post=11902"}],"version-history":[{"count":5,"href":"https:\/\/decskill.com\/es\/wp-json\/wp\/v2\/pages\/11902\/revisions"}],"predecessor-version":[{"id":12965,"href":"https:\/\/decskill.com\/es\/wp-json\/wp\/v2\/pages\/11902\/revisions\/12965"}],"wp:attachment":[{"href":"https:\/\/decskill.com\/es\/wp-json\/wp\/v2\/media?parent=11902"}],"curies":[{"name":"wp","href":"https:\/\/api.w.org\/{rel}","templated":true}]}}