{"id":11908,"date":"2023-05-15T15:37:14","date_gmt":"2023-05-15T15:37:14","guid":{"rendered":"https:\/\/decskill.com\/?page_id=11908"},"modified":"2024-07-12T11:34:37","modified_gmt":"2024-07-12T11:34:37","slug":"coe-cloud-devops","status":"publish","type":"page","link":"https:\/\/decskill.com\/es\/coe-cloud-devops\/","title":{"rendered":"CoE Cloud &#038; DevOps"},"content":{"rendered":"\t\t<div data-elementor-type=\"wp-page\" data-elementor-id=\"11908\" class=\"elementor elementor-11908 elementor-11906\">\n\t\t\t\t\t\t<section class=\"elementor-section elementor-top-section elementor-element elementor-element-fe57aaf elementor-section-content-middle ot-traditional elementor-section-boxed elementor-section-height-default elementor-section-height-default\" data-id=\"fe57aaf\" data-element_type=\"section\">\n\t\t\t\t\t\t<div class=\"elementor-container elementor-column-gap-extended\">\n\t\t\t\t\t<div class=\"elementor-column elementor-col-50 elementor-top-column elementor-element elementor-element-de6fb5c ot-flex-column-vertical\" data-id=\"de6fb5c\" data-element_type=\"column\">\n\t\t\t<div class=\"elementor-widget-wrap elementor-element-populated\">\n\t\t\t\t\t\t<div class=\"elementor-element elementor-element-a90b60d elementor-widget elementor-widget-iheading\" data-id=\"a90b60d\" data-element_type=\"widget\" data-widget_type=\"iheading.default\">\n\t\t\t\t<div class=\"elementor-widget-container\">\n\t\t\t\t\t<div class=\"ot-heading\">\r\n\t        \t            <span>\/\/ CLOUD & DEVOPS<\/span>\r\n\t        <h1 class=\"main-heading\">Mayor flexibilidad\nescalabilidad y capacidad<\/h1>\t    <\/div>\r\n\t    \t\t<\/div>\n\t\t\t\t<\/div>\n\t\t\t\t<div class=\"elementor-element elementor-element-8e7bd74 elementor-widget elementor-widget-text-editor\" data-id=\"8e7bd74\" data-element_type=\"widget\" data-widget_type=\"text-editor.default\">\n\t\t\t\t<div class=\"elementor-widget-container\">\n\t\t\t\t\t\t\t<p>El Centro de Excelencia Cloud &amp; DevOps re\u00fane temas relacionados con la computaci\u00f3n en cloud, incorporando la filosof\u00eda de ciclos de desarrollo y<br \/>operaci\u00f3n fluidos y continuos. La preocupaci\u00f3n constante por el control financiero y la alineaci\u00f3n con los objetivos empresariales sirven de premisa a la visi\u00f3n de este Centro de Excelencia.<br \/><br \/>La gesti\u00f3n de multi-cloud se refiere a la pr\u00e1ctica de utilizar y gestionar m\u00faltiples entornos de computaci\u00f3n en cloud, como <strong>Public, Private &amp; Hybrid<\/strong>, para dar soporte a las necesidades de TI de una organizaci\u00f3n.<br \/><br \/><strong>El uso de m\u00faltiples entornos de nube puede proporcionar a las organizaciones una mayor flexibilidad, escalabilidad y capacidad de<\/strong><br \/><strong>recuperaci\u00f3n, as\u00ed como la posibilidad de elegir la mejor soluci\u00f3n para cargas de trabajo o aplicaciones espec\u00edficas.<\/strong><\/p>\t\t\t\t\t\t<\/div>\n\t\t\t\t<\/div>\n\t\t\t\t\t<\/div>\n\t\t<\/div>\n\t\t\t\t<div class=\"elementor-column elementor-col-50 elementor-top-column elementor-element elementor-element-1831bf9 ot-flex-column-vertical\" data-id=\"1831bf9\" data-element_type=\"column\">\n\t\t\t<div class=\"elementor-widget-wrap elementor-element-populated\">\n\t\t\t\t\t\t<div class=\"elementor-element elementor-element-251fe98 elementor-widget elementor-widget-image\" data-id=\"251fe98\" data-element_type=\"widget\" data-widget_type=\"image.default\">\n\t\t\t\t<div class=\"elementor-widget-container\">\n\t\t\t\t\t\t\t\t\t\t\t\t\t<img fetchpriority=\"high\" decoding=\"async\" width=\"1150\" height=\"804\" src=\"https:\/\/decskill.com\/wp-content\/uploads\/2023\/01\/Group-53-4.jpg\" class=\"attachment-full size-full wp-image-11786\" alt=\"\" srcset=\"https:\/\/decskill.com\/wp-content\/uploads\/2023\/01\/Group-53-4.jpg 1150w, https:\/\/decskill.com\/wp-content\/uploads\/2023\/01\/Group-53-4-300x210.jpg 300w, https:\/\/decskill.com\/wp-content\/uploads\/2023\/01\/Group-53-4-1024x716.jpg 1024w, https:\/\/decskill.com\/wp-content\/uploads\/2023\/01\/Group-53-4-768x537.jpg 768w, https:\/\/decskill.com\/wp-content\/uploads\/2023\/01\/Group-53-4-720x503.jpg 720w\" sizes=\"(max-width: 1150px) 100vw, 1150px\" \/>\t\t\t\t\t\t\t\t\t\t\t\t\t<\/div>\n\t\t\t\t<\/div>\n\t\t\t\t\t<\/div>\n\t\t<\/div>\n\t\t\t\t\t<\/div>\n\t\t<\/section>\n\t\t\t\t<section class=\"elementor-section elementor-top-section elementor-element elementor-element-61d2339 ot-traditional elementor-section-boxed elementor-section-height-default elementor-section-height-default\" data-id=\"61d2339\" data-element_type=\"section\" data-settings=\"{&quot;background_background&quot;:&quot;classic&quot;}\">\n\t\t\t\t\t\t<div class=\"elementor-container elementor-column-gap-default\">\n\t\t\t\t\t<div class=\"elementor-column elementor-col-100 elementor-top-column elementor-element elementor-element-bcb4843 ot-flex-column-vertical\" data-id=\"bcb4843\" data-element_type=\"column\">\n\t\t\t<div class=\"elementor-widget-wrap elementor-element-populated\">\n\t\t\t\t\t\t<div class=\"elementor-element elementor-element-019789b elementor-widget elementor-widget-iheading\" data-id=\"019789b\" data-element_type=\"widget\" data-widget_type=\"iheading.default\">\n\t\t\t\t<div class=\"elementor-widget-container\">\n\t\t\t\t\t<div class=\"ot-heading\">\r\n\t        \t            <span>\/\/ OFERTA<\/span>\r\n\t        <h2 class=\"main-heading\">Gesti\u00f3n multi-cloud para satisfacer las necesidades de IT\/IS de una\norganizaci\u00f3n<\/h2>\t    <\/div>\r\n\t    \t\t<\/div>\n\t\t\t\t<\/div>\n\t\t\t\t<section class=\"elementor-section elementor-inner-section elementor-element elementor-element-728677c elementor-section-boxed elementor-section-height-default elementor-section-height-default\" data-id=\"728677c\" data-element_type=\"section\" id=\"connect-boxs\">\n\t\t\t\t\t\t<div class=\"elementor-container elementor-column-gap-default\">\n\t\t\t\t\t<div class=\"elementor-column elementor-col-33 elementor-inner-column elementor-element elementor-element-75719f3 ot-flex-column-vertical\" data-id=\"75719f3\" data-element_type=\"column\">\n\t\t\t<div class=\"elementor-widget-wrap elementor-element-populated\">\n\t\t\t\t\t\t<div class=\"elementor-element elementor-element-cee2e59 elementor-widget-tablet__width-initial elementor-widget elementor-widget-iserv_box\" data-id=\"cee2e59\" data-element_type=\"widget\" data-widget_type=\"iserv_box.default\">\n\t\t\t\t<div class=\"elementor-widget-container\">\n\t\t\t\r\n\t\t<div class=\"serv-box s1 elementor-animation-\">\r\n\t\t\t\t\t\t<div class=\"icon-main\">\r\n\t\t        \t\t\t    \t\t        \t        <\/div>\r\n\t        <div class=\"content-box\">\r\n\t            <h5>CLOUD<\/h5>\r\n\t            <div><style>\nspan {\n  color: #00C6EA;\nfont-weight: 800;\n}\n<\/style>\n<br>\n<p><span>\/\/ <\/span>Cloud Secure Design and Architecture<\/p>\n<p><span >\/\/<\/span> Cloud Set-Up<\/p>\n<p><span>\/\/<\/span> Migration and App Modernization<\/p>\n<p><span>\/\/<\/span> Security and Data Protection<\/p>\n<p><span>\/\/<\/span> Monitoring and Control<\/p><\/div>\t        <\/div>\r\n\t    <\/div>\r\n\r\n\t    \t\t<\/div>\n\t\t\t\t<\/div>\n\t\t\t\t\t<\/div>\n\t\t<\/div>\n\t\t\t\t<div class=\"elementor-column elementor-col-33 elementor-inner-column elementor-element elementor-element-8708147 ot-flex-column-vertical\" data-id=\"8708147\" data-element_type=\"column\">\n\t\t\t<div class=\"elementor-widget-wrap elementor-element-populated\">\n\t\t\t\t\t\t<div class=\"elementor-element elementor-element-b61e65f elementor-widget-tablet__width-initial elementor-hidden-mobile elementor-widget elementor-widget-iserv_box\" data-id=\"b61e65f\" data-element_type=\"widget\" data-widget_type=\"iserv_box.default\">\n\t\t\t\t<div class=\"elementor-widget-container\">\n\t\t\t\r\n\t\t<div class=\"serv-box s1 elementor-animation-\">\r\n\t\t\t\t\t\t<div class=\"icon-main\">\r\n\t\t        \t\t\t    \t\t        \t        <\/div>\r\n\t        <div class=\"content-box\">\r\n\t            <h5>DEVOPS<\/h5>\r\n\t            <div>\n<p><span>\/\/<\/span> Assessment\/Discovery<\/p>\n<p><span>\/\/ <\/span>DevOps Solution Design and Offering\n<\/p>\n<p><span>\/\/ <\/span>CI\/CD Pipeline Definition and Implementation<\/p>\n<p><span>\/\/ <\/span>Improvements and Optimizations<\/p>\n<p><span>\/\/ <\/span>Ongoing Support<\/p>\n\n<\/div>\t        <\/div>\r\n\t    <\/div>\r\n\r\n\t    \t\t<\/div>\n\t\t\t\t<\/div>\n\t\t\t\t\t<\/div>\n\t\t<\/div>\n\t\t\t\t<div class=\"elementor-column elementor-col-33 elementor-inner-column elementor-element elementor-element-0470ae6 ot-flex-column-vertical\" data-id=\"0470ae6\" data-element_type=\"column\">\n\t\t\t<div class=\"elementor-widget-wrap elementor-element-populated\">\n\t\t\t\t\t\t<div class=\"elementor-element elementor-element-ae36183 elementor-widget-tablet__width-initial elementor-widget elementor-widget-iserv_box\" data-id=\"ae36183\" data-element_type=\"widget\" data-widget_type=\"iserv_box.default\">\n\t\t\t\t<div class=\"elementor-widget-container\">\n\t\t\t\r\n\t\t<div class=\"serv-box s1 elementor-animation-\">\r\n\t\t\t\t\t\t<div class=\"icon-main\">\r\n\t\t        \t\t\t    \t\t        \t        <\/div>\r\n\t        <div class=\"content-box\">\r\n\t            <h5>FINOPS<\/h5>\r\n\t            <div><p><span>\/\/ <\/span>Inform (Visibility & Allocation)<\/p>\n<p><span>\/\/ <\/span>Optimize (Rates & Usage)<\/p>\n<p><span>\/\/ <\/span>Operate (Continuous Improvement & Operations)<\/p>\n\n<\/div>\t        <\/div>\r\n\t    <\/div>\r\n\r\n\t    \t\t<\/div>\n\t\t\t\t<\/div>\n\t\t\t\t\t<\/div>\n\t\t<\/div>\n\t\t\t\t\t<\/div>\n\t\t<\/section>\n\t\t\t\t\t<\/div>\n\t\t<\/div>\n\t\t\t\t\t<\/div>\n\t\t<\/section>\n\t\t\t\t<section class=\"elementor-section elementor-top-section elementor-element elementor-element-77318701 ot-traditional elementor-section-boxed elementor-section-height-default elementor-section-height-default\" data-id=\"77318701\" data-element_type=\"section\" data-settings=\"{&quot;background_background&quot;:&quot;classic&quot;}\">\n\t\t\t\t\t\t<div class=\"elementor-container elementor-column-gap-default\">\n\t\t\t\t\t<div class=\"elementor-column elementor-col-100 elementor-top-column elementor-element elementor-element-23fe5a98 ot-flex-column-vertical\" data-id=\"23fe5a98\" data-element_type=\"column\">\n\t\t\t<div class=\"elementor-widget-wrap elementor-element-populated\">\n\t\t\t\t\t\t<div class=\"elementor-element elementor-element-707e5fdc elementor-widget elementor-widget-iheading\" data-id=\"707e5fdc\" data-element_type=\"widget\" data-widget_type=\"iheading.default\">\n\t\t\t\t<div class=\"elementor-widget-container\">\n\t\t\t\t\t<div class=\"ot-heading\">\r\n\t        <h2 class=\"main-heading\">\u00bfA qu\u00e9 retos se enfrenta en la transformaci\u00f3n de su negocio?<\/h2>\t    <\/div>\r\n\t    \t\t<\/div>\n\t\t\t\t<\/div>\n\t\t\t\t<div class=\"elementor-element elementor-element-524b0dd4 elementor-widget elementor-widget-text-editor\" data-id=\"524b0dd4\" data-element_type=\"widget\" data-widget_type=\"text-editor.default\">\n\t\t\t\t<div class=\"elementor-widget-container\">\n\t\t\t\t\t\t\t<p>Apoyamos a las empresas en todo el proceso de transformaci\u00f3n. Planificamos los pasos necesarios y aportamos el<br \/>talento necesario, dedicado y experto en ofrecer soluciones de transformaci\u00f3n empresarial.<\/p>\t\t\t\t\t\t<\/div>\n\t\t\t\t<\/div>\n\t\t\t\t<div class=\"elementor-element elementor-element-8342c7 elementor-align-center btn-white elementor-widget elementor-widget-ibutton\" data-id=\"8342c7\" data-element_type=\"widget\" data-widget_type=\"ibutton.default\">\n\t\t\t\t<div class=\"elementor-widget-container\">\n\t\t\t\t\t<div class=\"ot-button\">\r\n\t\t\t<a href=\"mailto: geral@decskill.com\" class=\"octf-btn octf-btn-primary\">CONT\u00c1CTENOS<\/a>\r\n\t    <\/div>\r\n\t    \t\t<\/div>\n\t\t\t\t<\/div>\n\t\t\t\t\t<\/div>\n\t\t<\/div>\n\t\t\t\t\t<\/div>\n\t\t<\/section>\n\t\t\t\t<section class=\"elementor-section elementor-top-section elementor-element elementor-element-49f48d0 ot-traditional elementor-section-boxed elementor-section-height-default elementor-section-height-default\" data-id=\"49f48d0\" data-element_type=\"section\">\n\t\t\t\t\t\t<div class=\"elementor-container elementor-column-gap-default\">\n\t\t\t\t\t<div class=\"elementor-column elementor-col-100 elementor-top-column elementor-element elementor-element-9d04747 ot-flex-column-vertical\" data-id=\"9d04747\" data-element_type=\"column\">\n\t\t\t<div class=\"elementor-widget-wrap elementor-element-populated\">\n\t\t\t\t\t\t<div class=\"elementor-element elementor-element-14529f8 elementor-widget elementor-widget-iheading\" data-id=\"14529f8\" data-element_type=\"widget\" data-widget_type=\"iheading.default\">\n\t\t\t\t<div class=\"elementor-widget-container\">\n\t\t\t\t\t<div class=\"ot-heading\">\r\n\t        \t            <span>\/\/  BENEFICIOS<\/span>\r\n\t        <h2 class=\"main-heading\">Proporcionar a las organizaciones la capacidad de elegir la mejor\nsoluci\u00f3n para cargas de trabajo o aplicaciones especificas<\/h2>\t    <\/div>\r\n\t    \t\t<\/div>\n\t\t\t\t<\/div>\n\t\t\t\t<div class=\"elementor-element elementor-element-2c2d335 elementor-widget elementor-widget-text-editor\" data-id=\"2c2d335\" data-element_type=\"widget\" data-widget_type=\"text-editor.default\">\n\t\t\t\t<div class=\"elementor-widget-container\">\n\t\t\t\t\t\t\t<p>Mediante el uso conjunto de la computaci\u00f3n en nube, DevOps y FinOps, puede permitir a las organizaciones desarrollar, probar y desplegar software de forma m\u00e1s r\u00e1pida y eficiente, mientras garantiza la optimizaci\u00f3n de costes y el rendimiento financiero de sus recursos basados en la nube. Esto puede conducir a una mayor eficiencia, agilidad y un mejor rendimiento financiero para la organizaci\u00f3n, al tiempo que garantiza que las IT\/IS est\u00e1n alineadas con los objetivos y retos empresariales.<\/p>\t\t\t\t\t\t<\/div>\n\t\t\t\t<\/div>\n\t\t\t\t\t<\/div>\n\t\t<\/div>\n\t\t\t\t\t<\/div>\n\t\t<\/section>\n\t\t\t\t<\/div>\n\t\t","protected":false},"excerpt":{"rendered":"<p>\/\/ CLOUD &#038; DEVOPS Mayor flexibilidad escalabilidad y capacidad El Centro de Excelencia Cloud &amp; DevOps re\u00fane temas relacionados con la computaci\u00f3n en cloud, incorporando la filosof\u00eda de ciclos de desarrollo yoperaci\u00f3n fluidos y continuos. La preocupaci\u00f3n constante por el control financiero y la alineaci\u00f3n con los objetivos empresariales sirven de premisa a la visi\u00f3n [&hellip;]<\/p>\n","protected":false},"author":2,"featured_media":0,"parent":0,"menu_order":0,"comment_status":"closed","ping_status":"closed","template":"","meta":{"footnotes":""},"class_list":["post-11908","page","type-page","status-publish","hentry"],"yoast_head":"<!-- This site is optimized with the Yoast SEO plugin v23.6 - https:\/\/yoast.com\/wordpress\/plugins\/seo\/ -->\n<title>CoE Cloud &amp; DevOps - Decskill<\/title>\n<meta name=\"robots\" content=\"index, follow, max-snippet:-1, max-image-preview:large, max-video-preview:-1\" \/>\n<link rel=\"canonical\" href=\"https:\/\/decskill.com\/es\/coe-cloud-devops\/\" \/>\n<meta property=\"og:locale\" content=\"es_ES\" \/>\n<meta property=\"og:type\" content=\"article\" \/>\n<meta property=\"og:title\" content=\"CoE Cloud &amp; DevOps - Decskill\" \/>\n<meta property=\"og:description\" content=\"\/\/ CLOUD &#038; DEVOPS Mayor flexibilidad escalabilidad y capacidad El Centro de Excelencia Cloud &amp; DevOps re\u00fane temas relacionados con la computaci\u00f3n en cloud, incorporando la filosof\u00eda de ciclos de desarrollo yoperaci\u00f3n fluidos y continuos. La preocupaci\u00f3n constante por el control financiero y la alineaci\u00f3n con los objetivos empresariales sirven de premisa a la visi\u00f3n [&hellip;]\" \/>\n<meta property=\"og:url\" content=\"https:\/\/decskill.com\/es\/coe-cloud-devops\/\" \/>\n<meta property=\"og:site_name\" content=\"Decskill\" \/>\n<meta property=\"article:publisher\" content=\"https:\/\/www.facebook.com\/Decskill\/\" \/>\n<meta property=\"article:modified_time\" content=\"2024-07-12T11:34:37+00:00\" \/>\n<meta property=\"og:image\" content=\"https:\/\/decskill.com\/wp-content\/uploads\/2023\/01\/Group-53-4.jpg\" \/>\n<meta name=\"twitter:card\" content=\"summary_large_image\" \/>\n<meta name=\"twitter:label1\" content=\"Tiempo de lectura\" \/>\n\t<meta name=\"twitter:data1\" content=\"2 minutos\" \/>\n<script type=\"application\/ld+json\" class=\"yoast-schema-graph\">{\"@context\":\"https:\/\/schema.org\",\"@graph\":[{\"@type\":\"WebPage\",\"@id\":\"https:\/\/decskill.com\/es\/coe-cloud-devops\/\",\"url\":\"https:\/\/decskill.com\/es\/coe-cloud-devops\/\",\"name\":\"CoE Cloud & DevOps - Decskill\",\"isPartOf\":{\"@id\":\"https:\/\/decskill.com\/#website\"},\"primaryImageOfPage\":{\"@id\":\"https:\/\/decskill.com\/es\/coe-cloud-devops\/#primaryimage\"},\"image\":{\"@id\":\"https:\/\/decskill.com\/es\/coe-cloud-devops\/#primaryimage\"},\"thumbnailUrl\":\"https:\/\/decskill.com\/wp-content\/uploads\/2023\/01\/Group-53-4.jpg\",\"datePublished\":\"2023-05-15T15:37:14+00:00\",\"dateModified\":\"2024-07-12T11:34:37+00:00\",\"breadcrumb\":{\"@id\":\"https:\/\/decskill.com\/es\/coe-cloud-devops\/#breadcrumb\"},\"inLanguage\":\"es\",\"potentialAction\":[{\"@type\":\"ReadAction\",\"target\":[\"https:\/\/decskill.com\/es\/coe-cloud-devops\/\"]}]},{\"@type\":\"ImageObject\",\"inLanguage\":\"es\",\"@id\":\"https:\/\/decskill.com\/es\/coe-cloud-devops\/#primaryimage\",\"url\":\"https:\/\/decskill.com\/wp-content\/uploads\/2023\/01\/Group-53-4.jpg\",\"contentUrl\":\"https:\/\/decskill.com\/wp-content\/uploads\/2023\/01\/Group-53-4.jpg\"},{\"@type\":\"BreadcrumbList\",\"@id\":\"https:\/\/decskill.com\/es\/coe-cloud-devops\/#breadcrumb\",\"itemListElement\":[{\"@type\":\"ListItem\",\"position\":1,\"name\":\"Home\",\"item\":\"https:\/\/decskill.com\/es\/\"},{\"@type\":\"ListItem\",\"position\":2,\"name\":\"CoE Cloud &#038; DevOps\"}]},{\"@type\":\"WebSite\",\"@id\":\"https:\/\/decskill.com\/#website\",\"url\":\"https:\/\/decskill.com\/\",\"name\":\"Decskill\",\"description\":\"Capacitamos empresas para os desafios da transforma\u00e7\u00e3o digital disponibilizando capacita\u00e7\u00e3o tecnol\u00f3gica: DECSKILL TALENT - IT Outsourcing &amp; Human resources | DECSKILL BOOST \u2013 IT Services &amp; Centers of Excellence | DECSKILL CONNECT \u2013 IT Infrastructure Modernization\",\"publisher\":{\"@id\":\"https:\/\/decskill.com\/#organization\"},\"potentialAction\":[{\"@type\":\"SearchAction\",\"target\":{\"@type\":\"EntryPoint\",\"urlTemplate\":\"https:\/\/decskill.com\/?s={search_term_string}\"},\"query-input\":{\"@type\":\"PropertyValueSpecification\",\"valueRequired\":true,\"valueName\":\"search_term_string\"}}],\"inLanguage\":\"es\"},{\"@type\":\"Organization\",\"@id\":\"https:\/\/decskill.com\/#organization\",\"name\":\"Decskill\",\"url\":\"https:\/\/decskill.com\/\",\"logo\":{\"@type\":\"ImageObject\",\"inLanguage\":\"es\",\"@id\":\"https:\/\/decskill.com\/#\/schema\/logo\/image\/\",\"url\":\"https:\/\/decskill.com\/wp-content\/uploads\/2020\/09\/Logo.svg\",\"contentUrl\":\"https:\/\/decskill.com\/wp-content\/uploads\/2020\/09\/Logo.svg\",\"width\":181,\"height\":39,\"caption\":\"Decskill\"},\"image\":{\"@id\":\"https:\/\/decskill.com\/#\/schema\/logo\/image\/\"},\"sameAs\":[\"https:\/\/www.facebook.com\/Decskill\/\",\"https:\/\/www.instagram.com\/decskill_\/\",\"https:\/\/www.linkedin.com\/company\/decskill\/\",\"https:\/\/www.youtube.com\/channel\/UCbafHaCzLABxm2BpHsJA4tA\"]}]}<\/script>\n<!-- \/ Yoast SEO plugin. -->","yoast_head_json":{"title":"CoE Cloud & DevOps - Decskill","robots":{"index":"index","follow":"follow","max-snippet":"max-snippet:-1","max-image-preview":"max-image-preview:large","max-video-preview":"max-video-preview:-1"},"canonical":"https:\/\/decskill.com\/es\/coe-cloud-devops\/","og_locale":"es_ES","og_type":"article","og_title":"CoE Cloud & DevOps - Decskill","og_description":"\/\/ CLOUD &#038; DEVOPS Mayor flexibilidad escalabilidad y capacidad El Centro de Excelencia Cloud &amp; DevOps re\u00fane temas relacionados con la computaci\u00f3n en cloud, incorporando la filosof\u00eda de ciclos de desarrollo yoperaci\u00f3n fluidos y continuos. La preocupaci\u00f3n constante por el control financiero y la alineaci\u00f3n con los objetivos empresariales sirven de premisa a la visi\u00f3n [&hellip;]","og_url":"https:\/\/decskill.com\/es\/coe-cloud-devops\/","og_site_name":"Decskill","article_publisher":"https:\/\/www.facebook.com\/Decskill\/","article_modified_time":"2024-07-12T11:34:37+00:00","og_image":[{"url":"https:\/\/decskill.com\/wp-content\/uploads\/2023\/01\/Group-53-4.jpg"}],"twitter_card":"summary_large_image","twitter_misc":{"Tiempo de lectura":"2 minutos"},"schema":{"@context":"https:\/\/schema.org","@graph":[{"@type":"WebPage","@id":"https:\/\/decskill.com\/es\/coe-cloud-devops\/","url":"https:\/\/decskill.com\/es\/coe-cloud-devops\/","name":"CoE Cloud & DevOps - Decskill","isPartOf":{"@id":"https:\/\/decskill.com\/#website"},"primaryImageOfPage":{"@id":"https:\/\/decskill.com\/es\/coe-cloud-devops\/#primaryimage"},"image":{"@id":"https:\/\/decskill.com\/es\/coe-cloud-devops\/#primaryimage"},"thumbnailUrl":"https:\/\/decskill.com\/wp-content\/uploads\/2023\/01\/Group-53-4.jpg","datePublished":"2023-05-15T15:37:14+00:00","dateModified":"2024-07-12T11:34:37+00:00","breadcrumb":{"@id":"https:\/\/decskill.com\/es\/coe-cloud-devops\/#breadcrumb"},"inLanguage":"es","potentialAction":[{"@type":"ReadAction","target":["https:\/\/decskill.com\/es\/coe-cloud-devops\/"]}]},{"@type":"ImageObject","inLanguage":"es","@id":"https:\/\/decskill.com\/es\/coe-cloud-devops\/#primaryimage","url":"https:\/\/decskill.com\/wp-content\/uploads\/2023\/01\/Group-53-4.jpg","contentUrl":"https:\/\/decskill.com\/wp-content\/uploads\/2023\/01\/Group-53-4.jpg"},{"@type":"BreadcrumbList","@id":"https:\/\/decskill.com\/es\/coe-cloud-devops\/#breadcrumb","itemListElement":[{"@type":"ListItem","position":1,"name":"Home","item":"https:\/\/decskill.com\/es\/"},{"@type":"ListItem","position":2,"name":"CoE Cloud &#038; DevOps"}]},{"@type":"WebSite","@id":"https:\/\/decskill.com\/#website","url":"https:\/\/decskill.com\/","name":"Decskill","description":"Capacitamos empresas para os desafios da transforma\u00e7\u00e3o digital disponibilizando capacita\u00e7\u00e3o tecnol\u00f3gica: DECSKILL TALENT - IT Outsourcing &amp; Human resources | DECSKILL BOOST \u2013 IT Services &amp; Centers of Excellence | DECSKILL CONNECT \u2013 IT Infrastructure Modernization","publisher":{"@id":"https:\/\/decskill.com\/#organization"},"potentialAction":[{"@type":"SearchAction","target":{"@type":"EntryPoint","urlTemplate":"https:\/\/decskill.com\/?s={search_term_string}"},"query-input":{"@type":"PropertyValueSpecification","valueRequired":true,"valueName":"search_term_string"}}],"inLanguage":"es"},{"@type":"Organization","@id":"https:\/\/decskill.com\/#organization","name":"Decskill","url":"https:\/\/decskill.com\/","logo":{"@type":"ImageObject","inLanguage":"es","@id":"https:\/\/decskill.com\/#\/schema\/logo\/image\/","url":"https:\/\/decskill.com\/wp-content\/uploads\/2020\/09\/Logo.svg","contentUrl":"https:\/\/decskill.com\/wp-content\/uploads\/2020\/09\/Logo.svg","width":181,"height":39,"caption":"Decskill"},"image":{"@id":"https:\/\/decskill.com\/#\/schema\/logo\/image\/"},"sameAs":["https:\/\/www.facebook.com\/Decskill\/","https:\/\/www.instagram.com\/decskill_\/","https:\/\/www.linkedin.com\/company\/decskill\/","https:\/\/www.youtube.com\/channel\/UCbafHaCzLABxm2BpHsJA4tA"]}]}},"_links":{"self":[{"href":"https:\/\/decskill.com\/es\/wp-json\/wp\/v2\/pages\/11908"}],"collection":[{"href":"https:\/\/decskill.com\/es\/wp-json\/wp\/v2\/pages"}],"about":[{"href":"https:\/\/decskill.com\/es\/wp-json\/wp\/v2\/types\/page"}],"author":[{"embeddable":true,"href":"https:\/\/decskill.com\/es\/wp-json\/wp\/v2\/users\/2"}],"replies":[{"embeddable":true,"href":"https:\/\/decskill.com\/es\/wp-json\/wp\/v2\/comments?post=11908"}],"version-history":[{"count":5,"href":"https:\/\/decskill.com\/es\/wp-json\/wp\/v2\/pages\/11908\/revisions"}],"predecessor-version":[{"id":12962,"href":"https:\/\/decskill.com\/es\/wp-json\/wp\/v2\/pages\/11908\/revisions\/12962"}],"wp:attachment":[{"href":"https:\/\/decskill.com\/es\/wp-json\/wp\/v2\/media?parent=11908"}],"curies":[{"name":"wp","href":"https:\/\/api.w.org\/{rel}","templated":true}]}}