{"id":13143,"date":"2025-02-03T17:56:28","date_gmt":"2025-02-03T17:56:28","guid":{"rendered":"https:\/\/decskill.com\/?page_id=13143"},"modified":"2025-02-03T17:58:02","modified_gmt":"2025-02-03T17:58:02","slug":"politica-de-seguridad-de-la-informacion","status":"publish","type":"page","link":"https:\/\/decskill.com\/es\/politica-de-seguridad-de-la-informacion\/","title":{"rendered":"Pol\u00edtica de Seguridad de la Informaci\u00f3n"},"content":{"rendered":"\t\t<div data-elementor-type=\"wp-page\" data-elementor-id=\"13143\" class=\"elementor elementor-13143 elementor-13141\">\n\t\t\t\t\t\t<section class=\"elementor-section elementor-top-section elementor-element elementor-element-8bb2563 ot-traditional elementor-section-boxed elementor-section-height-default elementor-section-height-default\" data-id=\"8bb2563\" data-element_type=\"section\">\n\t\t\t\t\t\t<div class=\"elementor-container elementor-column-gap-default\">\n\t\t\t\t\t<div class=\"elementor-column elementor-col-100 elementor-top-column elementor-element elementor-element-5fdfaad ot-flex-column-vertical\" data-id=\"5fdfaad\" data-element_type=\"column\">\n\t\t\t<div class=\"elementor-widget-wrap elementor-element-populated\">\n\t\t\t\t\t\t<div class=\"elementor-element elementor-element-382cf34 elementor-widget elementor-widget-iheading\" data-id=\"382cf34\" data-element_type=\"widget\" data-widget_type=\"iheading.default\">\n\t\t\t\t<div class=\"elementor-widget-container\">\n\t\t\t\t\t<div class=\"ot-heading\">\r\n\t        \t            <span>\/\/ Regulaciones<\/span>\r\n\t        <h1 class=\"main-heading\">Pol\u00edtica de Seguridad de la Informaci\u00f3n de Decskill<\/h1>\t    <\/div>\r\n\t    \t\t<\/div>\n\t\t\t\t<\/div>\n\t\t\t\t\t<\/div>\n\t\t<\/div>\n\t\t\t\t\t<\/div>\n\t\t<\/section>\n\t\t\t\t<section class=\"elementor-section elementor-top-section elementor-element elementor-element-6046ff6 ot-traditional elementor-section-boxed elementor-section-height-default elementor-section-height-default\" data-id=\"6046ff6\" data-element_type=\"section\">\n\t\t\t\t\t\t<div class=\"elementor-container elementor-column-gap-default\">\n\t\t\t\t\t<div class=\"elementor-column elementor-col-100 elementor-top-column elementor-element elementor-element-6b4e00b ot-flex-column-vertical\" data-id=\"6b4e00b\" data-element_type=\"column\">\n\t\t\t<div class=\"elementor-widget-wrap elementor-element-populated\">\n\t\t\t\t\t\t<div class=\"elementor-element elementor-element-a4bdaf6 elementor-widget elementor-widget-text-editor\" data-id=\"a4bdaf6\" data-element_type=\"widget\" data-widget_type=\"text-editor.default\">\n\t\t\t\t<div class=\"elementor-widget-container\">\n\t\t\t\t\t\t\t<div class=\"elementor-element elementor-element-781d84e elementor-widget elementor-widget-text-editor\" data-id=\"781d84e\" data-element_type=\"widget\" data-widget_type=\"text-editor.default\"><div class=\"elementor-widget-container\"><p>Decskill tiene como prioridad garantizar la protecci\u00f3n en el acceso, tratamiento, resguardo y transmisi\u00f3n de la informaci\u00f3n, asegurando su <strong>confidencialidad, integridad y disponibilidad<\/strong>. El compromiso con la seguridad de la informaci\u00f3n abarca todas las \u00e1reas de la organizaci\u00f3n y est\u00e1 alineado con los requisitos <strong>legales, reglamentarios y contractuales<\/strong>, as\u00ed como con est\u00e1ndares internacionales como la <strong>ISO 27001<\/strong>.<\/p><p>Para garantizar la protecci\u00f3n de los activos de informaci\u00f3n, Decskill ha implementado un <strong>Sistema de Gesti\u00f3n de Seguridad de la Informaci\u00f3n (SGSI)<\/strong>, compuesto por pol\u00edticas, procesos y procedimientos que son revisados y mejorados continuamente con base en la evaluaci\u00f3n de riesgos.<\/p><h5><strong>Principios Fundamentales<\/strong><\/h5><p>La Pol\u00edtica de Seguridad de la Informaci\u00f3n de Decskill se basa en los siguientes principios:<\/p><p>\u2714 Protecci\u00f3n contra accesos no autorizados;<br \/>\u2714 Garant\u00eda de la confidencialidad e integridad de la informaci\u00f3n;<br \/>\u2714 Cumplimiento de leyes y regulaciones aplicables;<br \/>\u2714 Implementaci\u00f3n y pruebas regulares de planes de continuidad del negocio;<br \/>\u2714 Monitoreo, detecci\u00f3n y respuesta efectiva a incidentes de seguridad;<br \/>\u2714 Concienciaci\u00f3n y formaci\u00f3n continua en seguridad de la informaci\u00f3n;<\/p><h5><strong>Responsabilidades<\/strong><\/h5><p>Decskill define claramente las responsabilidades dentro del SGSI:<\/p><ul><li><strong>Gesti\u00f3n &#8211;<\/strong> Aprueba pol\u00edticas y garantiza la implementaci\u00f3n del SGSI;<\/li><li><strong>CISO &#8211;<\/strong> Responsable de la certificaci\u00f3n ISO 27001 y del monitoreo de las operaciones del SGSI;<\/li><li><strong>Comit\u00e9 de Ciberseguridad &#8211;<\/strong> Supervisa y apoya el cumplimiento del SGSI;<\/li><li><strong>Delegado de Protecci\u00f3n de Datos (DPO) &#8211;<\/strong> Garantiza el cumplimiento del RGPD e interact\u00faa con la Autoridad de Protecci\u00f3n de Datos;<\/li><li><strong>Colaboradores y Terceros &#8211;<\/strong> Deben cumplir con las pol\u00edticas y reportar incidentes de seguridad.<\/li><\/ul><p>Decskill mantiene un compromiso continuo con la <strong>mejora de la seguridad de la informaci\u00f3n<\/strong>, asegurando la protecci\u00f3n de sus activos y garantizando la confianza de clientes y socios.<\/p><\/div><\/div>\t\t\t\t\t\t<\/div>\n\t\t\t\t<\/div>\n\t\t\t\t\t<\/div>\n\t\t<\/div>\n\t\t\t\t\t<\/div>\n\t\t<\/section>\n\t\t\t\t<\/div>\n\t\t","protected":false},"excerpt":{"rendered":"<p>\/\/ Regulaciones Pol\u00edtica de Seguridad de la Informaci\u00f3n de Decskill Decskill tiene como prioridad garantizar la protecci\u00f3n en el acceso, tratamiento, resguardo y transmisi\u00f3n de la informaci\u00f3n, asegurando su confidencialidad, integridad y disponibilidad. El compromiso con la seguridad de la informaci\u00f3n abarca todas las \u00e1reas de la organizaci\u00f3n y est\u00e1 alineado con los requisitos legales, [&hellip;]<\/p>\n","protected":false},"author":2,"featured_media":0,"parent":0,"menu_order":0,"comment_status":"closed","ping_status":"closed","template":"","meta":{"footnotes":""},"class_list":["post-13143","page","type-page","status-publish","hentry"],"yoast_head":"<!-- This site is optimized with the Yoast SEO plugin v23.6 - https:\/\/yoast.com\/wordpress\/plugins\/seo\/ -->\n<title>Pol\u00edtica de Seguridad de la Informaci\u00f3n - Decskill<\/title>\n<meta name=\"robots\" content=\"index, follow, max-snippet:-1, max-image-preview:large, max-video-preview:-1\" \/>\n<link rel=\"canonical\" href=\"https:\/\/decskill.com\/es\/politica-de-seguridad-de-la-informacion\/\" \/>\n<meta property=\"og:locale\" content=\"es_ES\" \/>\n<meta property=\"og:type\" content=\"article\" \/>\n<meta property=\"og:title\" content=\"Pol\u00edtica de Seguridad de la Informaci\u00f3n - Decskill\" \/>\n<meta property=\"og:description\" content=\"\/\/ Regulaciones Pol\u00edtica de Seguridad de la Informaci\u00f3n de Decskill Decskill tiene como prioridad garantizar la protecci\u00f3n en el acceso, tratamiento, resguardo y transmisi\u00f3n de la informaci\u00f3n, asegurando su confidencialidad, integridad y disponibilidad. El compromiso con la seguridad de la informaci\u00f3n abarca todas las \u00e1reas de la organizaci\u00f3n y est\u00e1 alineado con los requisitos legales, [&hellip;]\" \/>\n<meta property=\"og:url\" content=\"https:\/\/decskill.com\/es\/politica-de-seguridad-de-la-informacion\/\" \/>\n<meta property=\"og:site_name\" content=\"Decskill\" \/>\n<meta property=\"article:publisher\" content=\"https:\/\/www.facebook.com\/Decskill\/\" \/>\n<meta property=\"article:modified_time\" content=\"2025-02-03T17:58:02+00:00\" \/>\n<meta name=\"twitter:card\" content=\"summary_large_image\" \/>\n<meta name=\"twitter:label1\" content=\"Tiempo de lectura\" \/>\n\t<meta name=\"twitter:data1\" content=\"2 minutos\" \/>\n<script type=\"application\/ld+json\" class=\"yoast-schema-graph\">{\"@context\":\"https:\/\/schema.org\",\"@graph\":[{\"@type\":\"WebPage\",\"@id\":\"https:\/\/decskill.com\/es\/politica-de-seguridad-de-la-informacion\/\",\"url\":\"https:\/\/decskill.com\/es\/politica-de-seguridad-de-la-informacion\/\",\"name\":\"Pol\u00edtica de Seguridad de la Informaci\u00f3n - Decskill\",\"isPartOf\":{\"@id\":\"https:\/\/decskill.com\/#website\"},\"datePublished\":\"2025-02-03T17:56:28+00:00\",\"dateModified\":\"2025-02-03T17:58:02+00:00\",\"breadcrumb\":{\"@id\":\"https:\/\/decskill.com\/es\/politica-de-seguridad-de-la-informacion\/#breadcrumb\"},\"inLanguage\":\"es\",\"potentialAction\":[{\"@type\":\"ReadAction\",\"target\":[\"https:\/\/decskill.com\/es\/politica-de-seguridad-de-la-informacion\/\"]}]},{\"@type\":\"BreadcrumbList\",\"@id\":\"https:\/\/decskill.com\/es\/politica-de-seguridad-de-la-informacion\/#breadcrumb\",\"itemListElement\":[{\"@type\":\"ListItem\",\"position\":1,\"name\":\"Home\",\"item\":\"https:\/\/decskill.com\/es\/\"},{\"@type\":\"ListItem\",\"position\":2,\"name\":\"Pol\u00edtica de Seguridad de la Informaci\u00f3n\"}]},{\"@type\":\"WebSite\",\"@id\":\"https:\/\/decskill.com\/#website\",\"url\":\"https:\/\/decskill.com\/\",\"name\":\"Decskill\",\"description\":\"Capacitamos empresas para os desafios da transforma\u00e7\u00e3o digital disponibilizando capacita\u00e7\u00e3o tecnol\u00f3gica: DECSKILL TALENT - IT Outsourcing &amp; Human resources | DECSKILL BOOST \u2013 IT Services &amp; Centers of Excellence | DECSKILL CONNECT \u2013 IT Infrastructure Modernization\",\"publisher\":{\"@id\":\"https:\/\/decskill.com\/#organization\"},\"potentialAction\":[{\"@type\":\"SearchAction\",\"target\":{\"@type\":\"EntryPoint\",\"urlTemplate\":\"https:\/\/decskill.com\/?s={search_term_string}\"},\"query-input\":{\"@type\":\"PropertyValueSpecification\",\"valueRequired\":true,\"valueName\":\"search_term_string\"}}],\"inLanguage\":\"es\"},{\"@type\":\"Organization\",\"@id\":\"https:\/\/decskill.com\/#organization\",\"name\":\"Decskill\",\"url\":\"https:\/\/decskill.com\/\",\"logo\":{\"@type\":\"ImageObject\",\"inLanguage\":\"es\",\"@id\":\"https:\/\/decskill.com\/#\/schema\/logo\/image\/\",\"url\":\"https:\/\/decskill.com\/wp-content\/uploads\/2020\/09\/Logo.svg\",\"contentUrl\":\"https:\/\/decskill.com\/wp-content\/uploads\/2020\/09\/Logo.svg\",\"width\":181,\"height\":39,\"caption\":\"Decskill\"},\"image\":{\"@id\":\"https:\/\/decskill.com\/#\/schema\/logo\/image\/\"},\"sameAs\":[\"https:\/\/www.facebook.com\/Decskill\/\",\"https:\/\/www.instagram.com\/decskill_\/\",\"https:\/\/www.linkedin.com\/company\/decskill\/\",\"https:\/\/www.youtube.com\/channel\/UCbafHaCzLABxm2BpHsJA4tA\"]}]}<\/script>\n<!-- \/ Yoast SEO plugin. -->","yoast_head_json":{"title":"Pol\u00edtica de Seguridad de la Informaci\u00f3n - Decskill","robots":{"index":"index","follow":"follow","max-snippet":"max-snippet:-1","max-image-preview":"max-image-preview:large","max-video-preview":"max-video-preview:-1"},"canonical":"https:\/\/decskill.com\/es\/politica-de-seguridad-de-la-informacion\/","og_locale":"es_ES","og_type":"article","og_title":"Pol\u00edtica de Seguridad de la Informaci\u00f3n - Decskill","og_description":"\/\/ Regulaciones Pol\u00edtica de Seguridad de la Informaci\u00f3n de Decskill Decskill tiene como prioridad garantizar la protecci\u00f3n en el acceso, tratamiento, resguardo y transmisi\u00f3n de la informaci\u00f3n, asegurando su confidencialidad, integridad y disponibilidad. El compromiso con la seguridad de la informaci\u00f3n abarca todas las \u00e1reas de la organizaci\u00f3n y est\u00e1 alineado con los requisitos legales, [&hellip;]","og_url":"https:\/\/decskill.com\/es\/politica-de-seguridad-de-la-informacion\/","og_site_name":"Decskill","article_publisher":"https:\/\/www.facebook.com\/Decskill\/","article_modified_time":"2025-02-03T17:58:02+00:00","twitter_card":"summary_large_image","twitter_misc":{"Tiempo de lectura":"2 minutos"},"schema":{"@context":"https:\/\/schema.org","@graph":[{"@type":"WebPage","@id":"https:\/\/decskill.com\/es\/politica-de-seguridad-de-la-informacion\/","url":"https:\/\/decskill.com\/es\/politica-de-seguridad-de-la-informacion\/","name":"Pol\u00edtica de Seguridad de la Informaci\u00f3n - Decskill","isPartOf":{"@id":"https:\/\/decskill.com\/#website"},"datePublished":"2025-02-03T17:56:28+00:00","dateModified":"2025-02-03T17:58:02+00:00","breadcrumb":{"@id":"https:\/\/decskill.com\/es\/politica-de-seguridad-de-la-informacion\/#breadcrumb"},"inLanguage":"es","potentialAction":[{"@type":"ReadAction","target":["https:\/\/decskill.com\/es\/politica-de-seguridad-de-la-informacion\/"]}]},{"@type":"BreadcrumbList","@id":"https:\/\/decskill.com\/es\/politica-de-seguridad-de-la-informacion\/#breadcrumb","itemListElement":[{"@type":"ListItem","position":1,"name":"Home","item":"https:\/\/decskill.com\/es\/"},{"@type":"ListItem","position":2,"name":"Pol\u00edtica de Seguridad de la Informaci\u00f3n"}]},{"@type":"WebSite","@id":"https:\/\/decskill.com\/#website","url":"https:\/\/decskill.com\/","name":"Decskill","description":"Capacitamos empresas para os desafios da transforma\u00e7\u00e3o digital disponibilizando capacita\u00e7\u00e3o tecnol\u00f3gica: DECSKILL TALENT - IT Outsourcing &amp; Human resources | DECSKILL BOOST \u2013 IT Services &amp; Centers of Excellence | DECSKILL CONNECT \u2013 IT Infrastructure Modernization","publisher":{"@id":"https:\/\/decskill.com\/#organization"},"potentialAction":[{"@type":"SearchAction","target":{"@type":"EntryPoint","urlTemplate":"https:\/\/decskill.com\/?s={search_term_string}"},"query-input":{"@type":"PropertyValueSpecification","valueRequired":true,"valueName":"search_term_string"}}],"inLanguage":"es"},{"@type":"Organization","@id":"https:\/\/decskill.com\/#organization","name":"Decskill","url":"https:\/\/decskill.com\/","logo":{"@type":"ImageObject","inLanguage":"es","@id":"https:\/\/decskill.com\/#\/schema\/logo\/image\/","url":"https:\/\/decskill.com\/wp-content\/uploads\/2020\/09\/Logo.svg","contentUrl":"https:\/\/decskill.com\/wp-content\/uploads\/2020\/09\/Logo.svg","width":181,"height":39,"caption":"Decskill"},"image":{"@id":"https:\/\/decskill.com\/#\/schema\/logo\/image\/"},"sameAs":["https:\/\/www.facebook.com\/Decskill\/","https:\/\/www.instagram.com\/decskill_\/","https:\/\/www.linkedin.com\/company\/decskill\/","https:\/\/www.youtube.com\/channel\/UCbafHaCzLABxm2BpHsJA4tA"]}]}},"_links":{"self":[{"href":"https:\/\/decskill.com\/es\/wp-json\/wp\/v2\/pages\/13143"}],"collection":[{"href":"https:\/\/decskill.com\/es\/wp-json\/wp\/v2\/pages"}],"about":[{"href":"https:\/\/decskill.com\/es\/wp-json\/wp\/v2\/types\/page"}],"author":[{"embeddable":true,"href":"https:\/\/decskill.com\/es\/wp-json\/wp\/v2\/users\/2"}],"replies":[{"embeddable":true,"href":"https:\/\/decskill.com\/es\/wp-json\/wp\/v2\/comments?post=13143"}],"version-history":[{"count":5,"href":"https:\/\/decskill.com\/es\/wp-json\/wp\/v2\/pages\/13143\/revisions"}],"predecessor-version":[{"id":13177,"href":"https:\/\/decskill.com\/es\/wp-json\/wp\/v2\/pages\/13143\/revisions\/13177"}],"wp:attachment":[{"href":"https:\/\/decskill.com\/es\/wp-json\/wp\/v2\/media?parent=13143"}],"curies":[{"name":"wp","href":"https:\/\/api.w.org\/{rel}","templated":true}]}}