{"id":13228,"date":"2026-03-16T14:38:46","date_gmt":"2026-03-16T14:38:46","guid":{"rendered":"https:\/\/decskill.com\/?page_id=13228"},"modified":"2026-03-17T10:45:10","modified_gmt":"2026-03-17T10:45:10","slug":"politica-de-calidad","status":"publish","type":"page","link":"https:\/\/decskill.com\/es\/politica-de-calidad\/","title":{"rendered":"Pol\u00edtica de Calidad"},"content":{"rendered":"\t\t<div data-elementor-type=\"wp-page\" data-elementor-id=\"13228\" class=\"elementor elementor-13228 elementor-13226\">\n\t\t\t\t\t\t<section class=\"elementor-section elementor-top-section elementor-element elementor-element-8bb2563 ot-traditional elementor-section-boxed elementor-section-height-default elementor-section-height-default\" data-id=\"8bb2563\" data-element_type=\"section\">\n\t\t\t\t\t\t<div class=\"elementor-container elementor-column-gap-default\">\n\t\t\t\t\t<div class=\"elementor-column elementor-col-100 elementor-top-column elementor-element elementor-element-5fdfaad ot-flex-column-vertical\" data-id=\"5fdfaad\" data-element_type=\"column\">\n\t\t\t<div class=\"elementor-widget-wrap elementor-element-populated\">\n\t\t\t\t\t\t<div class=\"elementor-element elementor-element-382cf34 elementor-widget elementor-widget-iheading\" data-id=\"382cf34\" data-element_type=\"widget\" data-widget_type=\"iheading.default\">\n\t\t\t\t<div class=\"elementor-widget-container\">\n\t\t\t\t\t<div class=\"ot-heading\">\r\n\t        \t            <span>\/\/ Normativas<\/span>\r\n\t        <h1 class=\"main-heading\">Pol\u00edtica de Calidad <\/h1>\t    <\/div>\r\n\t    \t\t<\/div>\n\t\t\t\t<\/div>\n\t\t\t\t\t<\/div>\n\t\t<\/div>\n\t\t\t\t\t<\/div>\n\t\t<\/section>\n\t\t\t\t<section class=\"elementor-section elementor-top-section elementor-element elementor-element-6046ff6 ot-traditional elementor-section-boxed elementor-section-height-default elementor-section-height-default\" data-id=\"6046ff6\" data-element_type=\"section\">\n\t\t\t\t\t\t<div class=\"elementor-container elementor-column-gap-default\">\n\t\t\t\t\t<div class=\"elementor-column elementor-col-100 elementor-top-column elementor-element elementor-element-6b4e00b ot-flex-column-vertical\" data-id=\"6b4e00b\" data-element_type=\"column\">\n\t\t\t<div class=\"elementor-widget-wrap elementor-element-populated\">\n\t\t\t\t\t\t<div class=\"elementor-element elementor-element-a4bdaf6 elementor-widget elementor-widget-text-editor\" data-id=\"a4bdaf6\" data-element_type=\"widget\" data-widget_type=\"text-editor.default\">\n\t\t\t\t<div class=\"elementor-widget-container\">\n\t\t\t\t\t\t\t<div class=\"elementor-element elementor-element-781d84e elementor-widget elementor-widget-text-editor\" data-id=\"781d84e\" data-element_type=\"widget\" data-widget_type=\"text-editor.default\">\n<div class=\"elementor-widget-container\">\n<p>La Pol\u00edtica de Calidad de Decskill tiene como objetivo la adaptaci\u00f3n permanente de la empresa al dinamismo y a las exigencias del sector de las Tecnolog\u00edas de la Informaci\u00f3n y la Comunicaci\u00f3n, promoviendo la implicaci\u00f3n de todos nuestros colaboradores en la consecuci\u00f3n de los objetivos expresados en nuestra misi\u00f3n, visi\u00f3n, valores y objetivos anuales.<\/p>\n<p><strong>Misi\u00f3n<\/strong><\/p>\n<p>Nuestra misi\u00f3n es entregar valor a trav\u00e9s del conocimiento, y es la consecuci\u00f3n de este prop\u00f3sito lo que nos motiva diariamente a ser mejores, m\u00e1s informados, innovadores y competitivos. Consideramos que la entrega de valor a trav\u00e9s del conocimiento se realiza desde tres perspectivas:<\/p>\n<p><strong>Personas<\/strong>: por las personas, por su capacidad para entender y dominar la tecnolog\u00eda y por el profundo conocimiento que poseen de cada sector econ\u00f3mico espec\u00edfico.<\/p>\n<p><strong>Servicios<\/strong>: por nuestros servicios y soluciones, donde el conocimiento de los procesos de negocio es fundamental y marca la diferencia.<\/p>\n<p><strong>Metodolog\u00edas<\/strong>: por las metodolog\u00edas, \u00e1mbito en el que el conocimiento que poseemos en pr\u00e1cticas Agile, en training, coaching, as\u00ed como en los modernos modelos de prestaci\u00f3n de servicios en el \u00e1rea de desarrollo, constituye un elemento diferenciador.<\/p>\n<p><strong>Visi\u00f3n<\/strong><\/p>\n<p>Ser el punto de encuentro global de una comunidad digital que comparte, de forma intensa e innovadora, una actitud comprometida con la actual transformaci\u00f3n digital.<\/p>\n<p><strong>Valores<\/strong><\/p>\n<p>Decskill se rige por un principio bien definido: cada cliente es una prioridad. Con \u00e9l establece una relaci\u00f3n estrecha basada en la integridad de conducta, buscando los m\u00e1s altos est\u00e1ndares de eficacia. Y mantiene una idea clara: superar siempre las expectativas, por muy elevadas que sean.<\/p>\n<p>De este modo, nuestros valores pueden resumirse en los siguientes:<\/p>\n<p><strong>TRANSPARENCIA \/ AGILIDAD \/ CERCAN\u00cdA \/ INNOVACI\u00d3N<\/strong><\/p>\n<p><strong>Objetivos<\/strong><\/p>\n<p>La Pol\u00edtica de Calidad de Decskill se materializa en un conjunto de objetivos definidos anualmente por el equipo de gesti\u00f3n durante el ciclo de planificaci\u00f3n estrat\u00e9gica, con el fin de consolidar la mejora continua de la organizaci\u00f3n y la satisfacci\u00f3n de nuestros clientes, colaboradores, socios y otras partes interesadas.<\/p>\n<p>En este sentido, se consideran tres tipos de objetivos:<\/p>\n<p><strong>\u2022 Estrat\u00e9gicos<\/strong><br \/>\n<strong>\u2022 Operacionales<\/strong><br \/>\n<strong>\u2022 Financieros<\/strong><\/p>\n<p>A cada objetivo corresponde un KPI (Key Performance Indicator) que es monitorizado seg\u00fan la periodicidad establecida.<\/p>\n<\/div>\n<\/div>\n\t\t\t\t\t\t<\/div>\n\t\t\t\t<\/div>\n\t\t\t\t\t<\/div>\n\t\t<\/div>\n\t\t\t\t\t<\/div>\n\t\t<\/section>\n\t\t\t\t<\/div>\n\t\t","protected":false},"excerpt":{"rendered":"<p>\/\/ Normativas Pol\u00edtica de Calidad La Pol\u00edtica de Calidad de Decskill tiene como objetivo la adaptaci\u00f3n permanente de la empresa al dinamismo y a las exigencias del sector de las Tecnolog\u00edas de la Informaci\u00f3n y la Comunicaci\u00f3n, promoviendo la implicaci\u00f3n de todos nuestros colaboradores en la consecuci\u00f3n de los objetivos expresados en nuestra misi\u00f3n, visi\u00f3n, [&hellip;]<\/p>\n","protected":false},"author":2,"featured_media":0,"parent":0,"menu_order":0,"comment_status":"closed","ping_status":"closed","template":"","meta":{"footnotes":""},"class_list":["post-13228","page","type-page","status-publish","hentry"],"yoast_head":"<!-- This site is optimized with the Yoast SEO plugin v23.6 - https:\/\/yoast.com\/wordpress\/plugins\/seo\/ -->\n<title>Pol\u00edtica de Calidad - Decskill<\/title>\n<meta name=\"robots\" content=\"index, follow, max-snippet:-1, max-image-preview:large, max-video-preview:-1\" \/>\n<link rel=\"canonical\" href=\"https:\/\/decskill.com\/es\/politica-de-calidad\/\" \/>\n<meta property=\"og:locale\" content=\"es_ES\" \/>\n<meta property=\"og:type\" content=\"article\" \/>\n<meta property=\"og:title\" content=\"Pol\u00edtica de Calidad - Decskill\" \/>\n<meta property=\"og:description\" content=\"\/\/ Normativas Pol\u00edtica de Calidad La Pol\u00edtica de Calidad de Decskill tiene como objetivo la adaptaci\u00f3n permanente de la empresa al dinamismo y a las exigencias del sector de las Tecnolog\u00edas de la Informaci\u00f3n y la Comunicaci\u00f3n, promoviendo la implicaci\u00f3n de todos nuestros colaboradores en la consecuci\u00f3n de los objetivos expresados en nuestra misi\u00f3n, visi\u00f3n, [&hellip;]\" \/>\n<meta property=\"og:url\" content=\"https:\/\/decskill.com\/es\/politica-de-calidad\/\" \/>\n<meta property=\"og:site_name\" content=\"Decskill\" \/>\n<meta property=\"article:publisher\" content=\"https:\/\/www.facebook.com\/Decskill\/\" \/>\n<meta property=\"article:modified_time\" content=\"2026-03-17T10:45:10+00:00\" \/>\n<meta name=\"twitter:card\" content=\"summary_large_image\" \/>\n<meta name=\"twitter:label1\" content=\"Tiempo de lectura\" \/>\n\t<meta name=\"twitter:data1\" content=\"4 minutos\" \/>\n<script type=\"application\/ld+json\" class=\"yoast-schema-graph\">{\"@context\":\"https:\/\/schema.org\",\"@graph\":[{\"@type\":\"WebPage\",\"@id\":\"https:\/\/decskill.com\/es\/politica-de-calidad\/\",\"url\":\"https:\/\/decskill.com\/es\/politica-de-calidad\/\",\"name\":\"Pol\u00edtica de Calidad - Decskill\",\"isPartOf\":{\"@id\":\"https:\/\/decskill.com\/#website\"},\"datePublished\":\"2026-03-16T14:38:46+00:00\",\"dateModified\":\"2026-03-17T10:45:10+00:00\",\"breadcrumb\":{\"@id\":\"https:\/\/decskill.com\/es\/politica-de-calidad\/#breadcrumb\"},\"inLanguage\":\"es\",\"potentialAction\":[{\"@type\":\"ReadAction\",\"target\":[\"https:\/\/decskill.com\/es\/politica-de-calidad\/\"]}]},{\"@type\":\"BreadcrumbList\",\"@id\":\"https:\/\/decskill.com\/es\/politica-de-calidad\/#breadcrumb\",\"itemListElement\":[{\"@type\":\"ListItem\",\"position\":1,\"name\":\"Home\",\"item\":\"https:\/\/decskill.com\/es\/\"},{\"@type\":\"ListItem\",\"position\":2,\"name\":\"Pol\u00edtica de Calidad\"}]},{\"@type\":\"WebSite\",\"@id\":\"https:\/\/decskill.com\/#website\",\"url\":\"https:\/\/decskill.com\/\",\"name\":\"Decskill\",\"description\":\"Capacitamos empresas para os desafios da transforma\u00e7\u00e3o digital disponibilizando capacita\u00e7\u00e3o tecnol\u00f3gica: DECSKILL TALENT - IT Outsourcing &amp; Human resources | DECSKILL BOOST \u2013 IT Services &amp; Centers of Excellence | DECSKILL CONNECT \u2013 IT Infrastructure Modernization\",\"publisher\":{\"@id\":\"https:\/\/decskill.com\/#organization\"},\"potentialAction\":[{\"@type\":\"SearchAction\",\"target\":{\"@type\":\"EntryPoint\",\"urlTemplate\":\"https:\/\/decskill.com\/?s={search_term_string}\"},\"query-input\":{\"@type\":\"PropertyValueSpecification\",\"valueRequired\":true,\"valueName\":\"search_term_string\"}}],\"inLanguage\":\"es\"},{\"@type\":\"Organization\",\"@id\":\"https:\/\/decskill.com\/#organization\",\"name\":\"Decskill\",\"url\":\"https:\/\/decskill.com\/\",\"logo\":{\"@type\":\"ImageObject\",\"inLanguage\":\"es\",\"@id\":\"https:\/\/decskill.com\/#\/schema\/logo\/image\/\",\"url\":\"https:\/\/decskill.com\/wp-content\/uploads\/2020\/09\/Logo.svg\",\"contentUrl\":\"https:\/\/decskill.com\/wp-content\/uploads\/2020\/09\/Logo.svg\",\"width\":181,\"height\":39,\"caption\":\"Decskill\"},\"image\":{\"@id\":\"https:\/\/decskill.com\/#\/schema\/logo\/image\/\"},\"sameAs\":[\"https:\/\/www.facebook.com\/Decskill\/\",\"https:\/\/www.instagram.com\/decskill_\/\",\"https:\/\/www.linkedin.com\/company\/decskill\/\",\"https:\/\/www.youtube.com\/channel\/UCbafHaCzLABxm2BpHsJA4tA\"]}]}<\/script>\n<!-- \/ Yoast SEO plugin. -->","yoast_head_json":{"title":"Pol\u00edtica de Calidad - Decskill","robots":{"index":"index","follow":"follow","max-snippet":"max-snippet:-1","max-image-preview":"max-image-preview:large","max-video-preview":"max-video-preview:-1"},"canonical":"https:\/\/decskill.com\/es\/politica-de-calidad\/","og_locale":"es_ES","og_type":"article","og_title":"Pol\u00edtica de Calidad - Decskill","og_description":"\/\/ Normativas Pol\u00edtica de Calidad La Pol\u00edtica de Calidad de Decskill tiene como objetivo la adaptaci\u00f3n permanente de la empresa al dinamismo y a las exigencias del sector de las Tecnolog\u00edas de la Informaci\u00f3n y la Comunicaci\u00f3n, promoviendo la implicaci\u00f3n de todos nuestros colaboradores en la consecuci\u00f3n de los objetivos expresados en nuestra misi\u00f3n, visi\u00f3n, [&hellip;]","og_url":"https:\/\/decskill.com\/es\/politica-de-calidad\/","og_site_name":"Decskill","article_publisher":"https:\/\/www.facebook.com\/Decskill\/","article_modified_time":"2026-03-17T10:45:10+00:00","twitter_card":"summary_large_image","twitter_misc":{"Tiempo de lectura":"4 minutos"},"schema":{"@context":"https:\/\/schema.org","@graph":[{"@type":"WebPage","@id":"https:\/\/decskill.com\/es\/politica-de-calidad\/","url":"https:\/\/decskill.com\/es\/politica-de-calidad\/","name":"Pol\u00edtica de Calidad - Decskill","isPartOf":{"@id":"https:\/\/decskill.com\/#website"},"datePublished":"2026-03-16T14:38:46+00:00","dateModified":"2026-03-17T10:45:10+00:00","breadcrumb":{"@id":"https:\/\/decskill.com\/es\/politica-de-calidad\/#breadcrumb"},"inLanguage":"es","potentialAction":[{"@type":"ReadAction","target":["https:\/\/decskill.com\/es\/politica-de-calidad\/"]}]},{"@type":"BreadcrumbList","@id":"https:\/\/decskill.com\/es\/politica-de-calidad\/#breadcrumb","itemListElement":[{"@type":"ListItem","position":1,"name":"Home","item":"https:\/\/decskill.com\/es\/"},{"@type":"ListItem","position":2,"name":"Pol\u00edtica de Calidad"}]},{"@type":"WebSite","@id":"https:\/\/decskill.com\/#website","url":"https:\/\/decskill.com\/","name":"Decskill","description":"Capacitamos empresas para os desafios da transforma\u00e7\u00e3o digital disponibilizando capacita\u00e7\u00e3o tecnol\u00f3gica: DECSKILL TALENT - IT Outsourcing &amp; Human resources | DECSKILL BOOST \u2013 IT Services &amp; Centers of Excellence | DECSKILL CONNECT \u2013 IT Infrastructure Modernization","publisher":{"@id":"https:\/\/decskill.com\/#organization"},"potentialAction":[{"@type":"SearchAction","target":{"@type":"EntryPoint","urlTemplate":"https:\/\/decskill.com\/?s={search_term_string}"},"query-input":{"@type":"PropertyValueSpecification","valueRequired":true,"valueName":"search_term_string"}}],"inLanguage":"es"},{"@type":"Organization","@id":"https:\/\/decskill.com\/#organization","name":"Decskill","url":"https:\/\/decskill.com\/","logo":{"@type":"ImageObject","inLanguage":"es","@id":"https:\/\/decskill.com\/#\/schema\/logo\/image\/","url":"https:\/\/decskill.com\/wp-content\/uploads\/2020\/09\/Logo.svg","contentUrl":"https:\/\/decskill.com\/wp-content\/uploads\/2020\/09\/Logo.svg","width":181,"height":39,"caption":"Decskill"},"image":{"@id":"https:\/\/decskill.com\/#\/schema\/logo\/image\/"},"sameAs":["https:\/\/www.facebook.com\/Decskill\/","https:\/\/www.instagram.com\/decskill_\/","https:\/\/www.linkedin.com\/company\/decskill\/","https:\/\/www.youtube.com\/channel\/UCbafHaCzLABxm2BpHsJA4tA"]}]}},"_links":{"self":[{"href":"https:\/\/decskill.com\/es\/wp-json\/wp\/v2\/pages\/13228"}],"collection":[{"href":"https:\/\/decskill.com\/es\/wp-json\/wp\/v2\/pages"}],"about":[{"href":"https:\/\/decskill.com\/es\/wp-json\/wp\/v2\/types\/page"}],"author":[{"embeddable":true,"href":"https:\/\/decskill.com\/es\/wp-json\/wp\/v2\/users\/2"}],"replies":[{"embeddable":true,"href":"https:\/\/decskill.com\/es\/wp-json\/wp\/v2\/comments?post=13228"}],"version-history":[{"count":5,"href":"https:\/\/decskill.com\/es\/wp-json\/wp\/v2\/pages\/13228\/revisions"}],"predecessor-version":[{"id":13264,"href":"https:\/\/decskill.com\/es\/wp-json\/wp\/v2\/pages\/13228\/revisions\/13264"}],"wp:attachment":[{"href":"https:\/\/decskill.com\/es\/wp-json\/wp\/v2\/media?parent=13228"}],"curies":[{"name":"wp","href":"https:\/\/api.w.org\/{rel}","templated":true}]}}