{"id":7960,"date":"2023-01-06T18:11:31","date_gmt":"2023-01-06T18:11:31","guid":{"rendered":"https:\/\/decskill.stg.mind-shaker.com\/politica-de-privacidade\/"},"modified":"2024-07-12T11:30:46","modified_gmt":"2024-07-12T11:30:46","slug":"politica-de-privacidad","status":"publish","type":"page","link":"https:\/\/decskill.com\/es\/politica-de-privacidad\/","title":{"rendered":"Pol\u00edtica de Privacidad"},"content":{"rendered":"\t\t<div data-elementor-type=\"wp-page\" data-elementor-id=\"7960\" class=\"elementor elementor-7960 elementor-6297\">\n\t\t\t\t\t\t<section class=\"elementor-section elementor-top-section elementor-element elementor-element-8bb2563 ot-traditional elementor-section-boxed elementor-section-height-default elementor-section-height-default\" data-id=\"8bb2563\" data-element_type=\"section\">\n\t\t\t\t\t\t<div class=\"elementor-container elementor-column-gap-default\">\n\t\t\t\t\t<div class=\"elementor-column elementor-col-100 elementor-top-column elementor-element elementor-element-5fdfaad ot-flex-column-vertical\" data-id=\"5fdfaad\" data-element_type=\"column\">\n\t\t\t<div class=\"elementor-widget-wrap elementor-element-populated\">\n\t\t\t\t\t\t<div class=\"elementor-element elementor-element-e56b535 elementor-widget elementor-widget-iheading\" data-id=\"e56b535\" data-element_type=\"widget\" data-widget_type=\"iheading.default\">\n\t\t\t\t<div class=\"elementor-widget-container\">\n\t\t\t\t\t<div class=\"ot-heading\">\r\n\t        \t            <span>\/\/ regulaciones<\/span>\r\n\t        <h1 class=\"main-heading\">Pol\u00edtica de Privacidad<\/h1>\t    <\/div>\r\n\t    \t\t<\/div>\n\t\t\t\t<\/div>\n\t\t\t\t\t<\/div>\n\t\t<\/div>\n\t\t\t\t\t<\/div>\n\t\t<\/section>\n\t\t\t\t<section class=\"elementor-section elementor-top-section elementor-element elementor-element-6046ff6 ot-traditional elementor-section-boxed elementor-section-height-default elementor-section-height-default\" data-id=\"6046ff6\" data-element_type=\"section\">\n\t\t\t\t\t\t<div class=\"elementor-container elementor-column-gap-default\">\n\t\t\t\t\t<div class=\"elementor-column elementor-col-100 elementor-top-column elementor-element elementor-element-6b4e00b ot-flex-column-vertical\" data-id=\"6b4e00b\" data-element_type=\"column\">\n\t\t\t<div class=\"elementor-widget-wrap elementor-element-populated\">\n\t\t\t\t\t\t<div class=\"elementor-element elementor-element-a4bdaf6 elementor-widget elementor-widget-text-editor\" data-id=\"a4bdaf6\" data-element_type=\"widget\" data-widget_type=\"text-editor.default\">\n\t\t\t\t<div class=\"elementor-widget-container\">\n\t\t\t\t\t\t\t<div class=\"elementor-element elementor-element-781d84e elementor-widget elementor-widget-text-editor\" data-id=\"781d84e\" data-element_type=\"widget\" data-widget_type=\"text-editor.default\">\n<div class=\"elementor-widget-container\">\n<p><strong>1. Alcance de nuestra pol\u00edtica de privacidad?<br \/>\n<\/strong>Esta pol\u00edtica de privacidad cubre este sitio web, as\u00ed como otros sitios web que mencionan la misma pol\u00edtica. El equipo de Decskill respeta la privacidad del Usuario y trata sus datos personales de acuerdo con la legislaci\u00f3n vigente. Los datos no se tratar\u00e1n con fines distintos a los aqu\u00ed especificados. El equipo de Decskill se reserva el derecho de actualizar o modificar su Pol\u00edtica de Privacidad en cualquier momento, concretamente para adaptarla a los cambios legislativos.<\/p>\n<p><strong>2. \u00bfCon qu\u00e9 fines se recogen los datos personales del usuario?<br \/>\n<\/strong>Los datos recogidos en los formularios del sitio web se destinan exclusivamente a la tramitaci\u00f3n de las solicitudes de los usuarios, y no se utilizar\u00e1n para ning\u00fan otro tratamiento.<\/p>\n<p><strong>3. \u00bfEl equipo de Decskill utiliza los datos personales recogidos para el marketing directo?<br \/>\n<\/strong>El equipo de Decskill no utilizar\u00e1 sus datos personales para enviarle ning\u00fan correo no solicitado cuyo contenido no haya recibido su consentimiento expl\u00edcito. El equipo de Decskill no vende ni intercambia sus datos con terceros.<\/p>\n<p><strong>4. \u00bfQui\u00e9n tiene acceso a los datos personales del usuario?<br \/>\n<\/strong>El equipo de Decskill no divulga ning\u00fan dato personal de sus Clientes y Usuarios a terceros sin su consentimiento, salvo cuando la ley lo requiera.<\/p>\n<p><strong>5. \u00bfD\u00f3nde se almacenan los datos del usuario?<\/strong>El equipo de Decskill guarda los datos de sus clientes y Usuarios en sus servidores ubicados en la Uni\u00f3n Europea. Estos servidores est\u00e1n protegidos y se mantienen con los m\u00e1s altos est\u00e1ndares de seguridad y para cumplir con las leyes de privacidad aplicables. Si desea ser eliminado de nuestra base de datos, puede ejercer este derecho poni\u00e9ndose en contacto con nosotros a trav\u00e9s de los distintos medios disponibles en el sitio.<\/p>\n<p><strong>6. \u00bfEl equipo de Decskill utiliza cookies en su sitio web?<br \/>\n<\/strong>El sitio web de Decskill utiliza cookies en determinadas \u00e1reas. Las cookies son archivos que almacenan informaci\u00f3n en el disco duro o en el navegador del usuario, lo que permite que los sitios web le reconozcan y sepan que los ha visitado antes. El Usuario puede configurar su navegador para rechazar las cookies, sin embargo, en este caso, el sitio web o partes del mismo pueden no funcionar correctamente. Las cookies se utilizan para supervisar y analizar el uso del sitio web, lo que permite al equipo de Decskill ofrecer la mejor experiencia al usuario.<\/p>\n<\/div>\n<\/div>\n<div class=\"elementor-element elementor-element-1326a63 elementor-widget elementor-widget-spacer\" data-id=\"1326a63\" data-element_type=\"widget\" data-widget_type=\"spacer.default\">\n<div class=\"elementor-widget-container\">\n<div class=\"elementor-spacer\"><\/div>\n<\/div>\n<\/div>\n\t\t\t\t\t\t<\/div>\n\t\t\t\t<\/div>\n\t\t\t\t\t<\/div>\n\t\t<\/div>\n\t\t\t\t\t<\/div>\n\t\t<\/section>\n\t\t\t\t<\/div>\n\t\t","protected":false},"excerpt":{"rendered":"<p>\/\/ regulaciones Pol\u00edtica de Privacidad 1. Alcance de nuestra pol\u00edtica de privacidad? Esta pol\u00edtica de privacidad cubre este sitio web, as\u00ed como otros sitios web que mencionan la misma pol\u00edtica. El equipo de Decskill respeta la privacidad del Usuario y trata sus datos personales de acuerdo con la legislaci\u00f3n vigente. Los datos no se tratar\u00e1n [&hellip;]<\/p>\n","protected":false},"author":1,"featured_media":0,"parent":0,"menu_order":0,"comment_status":"closed","ping_status":"closed","template":"","meta":{"footnotes":""},"class_list":["post-7960","page","type-page","status-publish","hentry"],"yoast_head":"<!-- This site is optimized with the Yoast SEO plugin v23.6 - https:\/\/yoast.com\/wordpress\/plugins\/seo\/ -->\n<title>Pol\u00edtica de Privacidad - Decskill<\/title>\n<meta name=\"robots\" content=\"index, follow, max-snippet:-1, max-image-preview:large, max-video-preview:-1\" \/>\n<link rel=\"canonical\" href=\"https:\/\/decskill.com\/es\/politica-de-privacidad\/\" \/>\n<meta property=\"og:locale\" content=\"es_ES\" \/>\n<meta property=\"og:type\" content=\"article\" \/>\n<meta property=\"og:title\" content=\"Pol\u00edtica de Privacidad - Decskill\" \/>\n<meta property=\"og:description\" content=\"\/\/ regulaciones Pol\u00edtica de Privacidad 1. Alcance de nuestra pol\u00edtica de privacidad? Esta pol\u00edtica de privacidad cubre este sitio web, as\u00ed como otros sitios web que mencionan la misma pol\u00edtica. El equipo de Decskill respeta la privacidad del Usuario y trata sus datos personales de acuerdo con la legislaci\u00f3n vigente. Los datos no se tratar\u00e1n [&hellip;]\" \/>\n<meta property=\"og:url\" content=\"https:\/\/decskill.com\/es\/politica-de-privacidad\/\" \/>\n<meta property=\"og:site_name\" content=\"Decskill\" \/>\n<meta property=\"article:publisher\" content=\"https:\/\/www.facebook.com\/Decskill\/\" \/>\n<meta property=\"article:modified_time\" content=\"2024-07-12T11:30:46+00:00\" \/>\n<meta name=\"twitter:card\" content=\"summary_large_image\" \/>\n<meta name=\"twitter:label1\" content=\"Tiempo de lectura\" \/>\n\t<meta name=\"twitter:data1\" content=\"4 minutos\" \/>\n<script type=\"application\/ld+json\" class=\"yoast-schema-graph\">{\"@context\":\"https:\/\/schema.org\",\"@graph\":[{\"@type\":\"WebPage\",\"@id\":\"https:\/\/decskill.com\/es\/politica-de-privacidad\/\",\"url\":\"https:\/\/decskill.com\/es\/politica-de-privacidad\/\",\"name\":\"Pol\u00edtica de Privacidad - Decskill\",\"isPartOf\":{\"@id\":\"https:\/\/decskill.com\/#website\"},\"datePublished\":\"2023-01-06T18:11:31+00:00\",\"dateModified\":\"2024-07-12T11:30:46+00:00\",\"breadcrumb\":{\"@id\":\"https:\/\/decskill.com\/es\/politica-de-privacidad\/#breadcrumb\"},\"inLanguage\":\"es\",\"potentialAction\":[{\"@type\":\"ReadAction\",\"target\":[\"https:\/\/decskill.com\/es\/politica-de-privacidad\/\"]}]},{\"@type\":\"BreadcrumbList\",\"@id\":\"https:\/\/decskill.com\/es\/politica-de-privacidad\/#breadcrumb\",\"itemListElement\":[{\"@type\":\"ListItem\",\"position\":1,\"name\":\"Home\",\"item\":\"https:\/\/decskill.com\/es\/\"},{\"@type\":\"ListItem\",\"position\":2,\"name\":\"Pol\u00edtica de Privacidad\"}]},{\"@type\":\"WebSite\",\"@id\":\"https:\/\/decskill.com\/#website\",\"url\":\"https:\/\/decskill.com\/\",\"name\":\"Decskill\",\"description\":\"Capacitamos empresas para os desafios da transforma\u00e7\u00e3o digital disponibilizando capacita\u00e7\u00e3o tecnol\u00f3gica: DECSKILL TALENT - IT Outsourcing &amp; Human resources | DECSKILL BOOST \u2013 IT Services &amp; Centers of Excellence | DECSKILL CONNECT \u2013 IT Infrastructure Modernization\",\"publisher\":{\"@id\":\"https:\/\/decskill.com\/#organization\"},\"potentialAction\":[{\"@type\":\"SearchAction\",\"target\":{\"@type\":\"EntryPoint\",\"urlTemplate\":\"https:\/\/decskill.com\/?s={search_term_string}\"},\"query-input\":{\"@type\":\"PropertyValueSpecification\",\"valueRequired\":true,\"valueName\":\"search_term_string\"}}],\"inLanguage\":\"es\"},{\"@type\":\"Organization\",\"@id\":\"https:\/\/decskill.com\/#organization\",\"name\":\"Decskill\",\"url\":\"https:\/\/decskill.com\/\",\"logo\":{\"@type\":\"ImageObject\",\"inLanguage\":\"es\",\"@id\":\"https:\/\/decskill.com\/#\/schema\/logo\/image\/\",\"url\":\"https:\/\/decskill.com\/wp-content\/uploads\/2020\/09\/Logo.svg\",\"contentUrl\":\"https:\/\/decskill.com\/wp-content\/uploads\/2020\/09\/Logo.svg\",\"width\":181,\"height\":39,\"caption\":\"Decskill\"},\"image\":{\"@id\":\"https:\/\/decskill.com\/#\/schema\/logo\/image\/\"},\"sameAs\":[\"https:\/\/www.facebook.com\/Decskill\/\",\"https:\/\/www.instagram.com\/decskill_\/\",\"https:\/\/www.linkedin.com\/company\/decskill\/\",\"https:\/\/www.youtube.com\/channel\/UCbafHaCzLABxm2BpHsJA4tA\"]}]}<\/script>\n<!-- \/ Yoast SEO plugin. -->","yoast_head_json":{"title":"Pol\u00edtica de Privacidad - Decskill","robots":{"index":"index","follow":"follow","max-snippet":"max-snippet:-1","max-image-preview":"max-image-preview:large","max-video-preview":"max-video-preview:-1"},"canonical":"https:\/\/decskill.com\/es\/politica-de-privacidad\/","og_locale":"es_ES","og_type":"article","og_title":"Pol\u00edtica de Privacidad - Decskill","og_description":"\/\/ regulaciones Pol\u00edtica de Privacidad 1. Alcance de nuestra pol\u00edtica de privacidad? Esta pol\u00edtica de privacidad cubre este sitio web, as\u00ed como otros sitios web que mencionan la misma pol\u00edtica. El equipo de Decskill respeta la privacidad del Usuario y trata sus datos personales de acuerdo con la legislaci\u00f3n vigente. Los datos no se tratar\u00e1n [&hellip;]","og_url":"https:\/\/decskill.com\/es\/politica-de-privacidad\/","og_site_name":"Decskill","article_publisher":"https:\/\/www.facebook.com\/Decskill\/","article_modified_time":"2024-07-12T11:30:46+00:00","twitter_card":"summary_large_image","twitter_misc":{"Tiempo de lectura":"4 minutos"},"schema":{"@context":"https:\/\/schema.org","@graph":[{"@type":"WebPage","@id":"https:\/\/decskill.com\/es\/politica-de-privacidad\/","url":"https:\/\/decskill.com\/es\/politica-de-privacidad\/","name":"Pol\u00edtica de Privacidad - Decskill","isPartOf":{"@id":"https:\/\/decskill.com\/#website"},"datePublished":"2023-01-06T18:11:31+00:00","dateModified":"2024-07-12T11:30:46+00:00","breadcrumb":{"@id":"https:\/\/decskill.com\/es\/politica-de-privacidad\/#breadcrumb"},"inLanguage":"es","potentialAction":[{"@type":"ReadAction","target":["https:\/\/decskill.com\/es\/politica-de-privacidad\/"]}]},{"@type":"BreadcrumbList","@id":"https:\/\/decskill.com\/es\/politica-de-privacidad\/#breadcrumb","itemListElement":[{"@type":"ListItem","position":1,"name":"Home","item":"https:\/\/decskill.com\/es\/"},{"@type":"ListItem","position":2,"name":"Pol\u00edtica de Privacidad"}]},{"@type":"WebSite","@id":"https:\/\/decskill.com\/#website","url":"https:\/\/decskill.com\/","name":"Decskill","description":"Capacitamos empresas para os desafios da transforma\u00e7\u00e3o digital disponibilizando capacita\u00e7\u00e3o tecnol\u00f3gica: DECSKILL TALENT - IT Outsourcing &amp; Human resources | DECSKILL BOOST \u2013 IT Services &amp; Centers of Excellence | DECSKILL CONNECT \u2013 IT Infrastructure Modernization","publisher":{"@id":"https:\/\/decskill.com\/#organization"},"potentialAction":[{"@type":"SearchAction","target":{"@type":"EntryPoint","urlTemplate":"https:\/\/decskill.com\/?s={search_term_string}"},"query-input":{"@type":"PropertyValueSpecification","valueRequired":true,"valueName":"search_term_string"}}],"inLanguage":"es"},{"@type":"Organization","@id":"https:\/\/decskill.com\/#organization","name":"Decskill","url":"https:\/\/decskill.com\/","logo":{"@type":"ImageObject","inLanguage":"es","@id":"https:\/\/decskill.com\/#\/schema\/logo\/image\/","url":"https:\/\/decskill.com\/wp-content\/uploads\/2020\/09\/Logo.svg","contentUrl":"https:\/\/decskill.com\/wp-content\/uploads\/2020\/09\/Logo.svg","width":181,"height":39,"caption":"Decskill"},"image":{"@id":"https:\/\/decskill.com\/#\/schema\/logo\/image\/"},"sameAs":["https:\/\/www.facebook.com\/Decskill\/","https:\/\/www.instagram.com\/decskill_\/","https:\/\/www.linkedin.com\/company\/decskill\/","https:\/\/www.youtube.com\/channel\/UCbafHaCzLABxm2BpHsJA4tA"]}]}},"_links":{"self":[{"href":"https:\/\/decskill.com\/es\/wp-json\/wp\/v2\/pages\/7960"}],"collection":[{"href":"https:\/\/decskill.com\/es\/wp-json\/wp\/v2\/pages"}],"about":[{"href":"https:\/\/decskill.com\/es\/wp-json\/wp\/v2\/types\/page"}],"author":[{"embeddable":true,"href":"https:\/\/decskill.com\/es\/wp-json\/wp\/v2\/users\/1"}],"replies":[{"embeddable":true,"href":"https:\/\/decskill.com\/es\/wp-json\/wp\/v2\/comments?post=7960"}],"version-history":[{"count":5,"href":"https:\/\/decskill.com\/es\/wp-json\/wp\/v2\/pages\/7960\/revisions"}],"predecessor-version":[{"id":12947,"href":"https:\/\/decskill.com\/es\/wp-json\/wp\/v2\/pages\/7960\/revisions\/12947"}],"wp:attachment":[{"href":"https:\/\/decskill.com\/es\/wp-json\/wp\/v2\/media?parent=7960"}],"curies":[{"name":"wp","href":"https:\/\/api.w.org\/{rel}","templated":true}]}}